{"id":171573,"date":"2026-03-11T21:05:03","date_gmt":"2026-03-11T21:05:03","guid":{"rendered":"https:\/\/modesthanim.com\/product\/dugme-detayli-visne-kimono-bluz\/"},"modified":"2026-03-11T21:20:10","modified_gmt":"2026-03-11T21:20:10","slug":"dugme-detayli-visne-kimono-bluz","status":"publish","type":"product","link":"https:\/\/mod.wisdar.net\/tr\/urun\/dugme-detayli-visne-kimono-bluz\/","title":{"rendered":"D\u00fc\u011fme Detayl\u0131 Vi\u015fne Kimono Bluz"},"content":{"rendered":"<p>D\u00dc\u011eME DETAYLI  V\u0130\u015eNE K\u0130MONO BLUZ \u00d6ZELL\u0130KLER\u0130<br \/>\nKimono yakal\u0131, i\u00e7ten ba\u011flamal\u0131, gold d\u00fc\u011fme kapamal\u0131, normal kal\u0131p, d\u00fc\u011fme detayl\u0131 kimono bluz.<br \/>\n\u0130\u00c7ER\u0130\u011e\u0130 VE YIKANMASI<br \/>\n%77 Pes %20 Polyemid %3 Elastan<br \/>\n30 derecede k\u0131sa programda makinede y\u0131kay\u0131n\u0131z, hassas y\u0131kama yap\u0131n\u0131z. Tersten y\u0131kay\u0131n\u0131z. A\u011fart\u0131c\u0131 kullanmay\u0131n\u0131z. D\u00fc\u015f\u00fck \u0131s\u0131da \u00fct\u00fcleyiniz.<br \/>\nEl ile \u00f6l\u00e7\u00fcmlerde 2-3 cm farkl\u0131l\u0131k g\u00f6sterebilir.<br \/>\nManken Bedeni: S<br \/>\nManken \u00d6l\u00e7\u00fcs\u00fc:  Boy: 1.74 cm, G\u00f6\u011f\u00fcs: 82 cm, Bel: 61 cm, Basen: 92 cm<\/p>\n","protected":false},"excerpt":{"rendered":"<p>D\u00dc\u011eME DETAYLI V\u0130\u015eNE K\u0130MONO BLUZ \u00d6ZELL\u0130KLER\u0130 Kimono yakal\u0131, i\u00e7ten ba\u011flamal\u0131, gold d\u00fc\u011fme kapamal\u0131, normal kal\u0131p, d\u00fc\u011fme detayl\u0131 kimono bluz. \u0130\u00c7ER\u0130\u011e\u0130 VE YIKANMASI %77 Pes %20 Polyemid %3 Elastan 30 derecede k\u0131sa programda makinede y\u0131kay\u0131n\u0131z, hassas y\u0131kama yap\u0131n\u0131z. Tersten y\u0131kay\u0131n\u0131z. A\u011fart\u0131c\u0131 kullanmay\u0131n\u0131z. D\u00fc\u015f\u00fck \u0131s\u0131da \u00fct\u00fcleyiniz. El ile \u00f6l\u00e7\u00fcmlerde 2-3 cm farkl\u0131l\u0131k g\u00f6sterebilir. Manken Bedeni: S Manken [&hellip;]<\/p>\n","protected":false},"featured_media":171566,"comment_status":"open","ping_status":"closed","template":"","meta":[],"product_brand":[],"product_cat":[1909],"product_tag":[],"class_list":{"0":"post-171573","1":"product","2":"type-product","3":"status-publish","4":"has-post-thumbnail","6":"product_cat-bluzlar-ve-gomlekler","7":"pa_brand-hooopstore","8":"pa_color-visne-rengi","9":"pa_size-large","10":"pa_size-medium","11":"pa_size-small","13":"first","14":"instock","15":"sale","16":"shipping-taxable","17":"purchasable","18":"product-type-variable"},"_links":{"self":[{"href":"https:\/\/mod.wisdar.net\/tr\/wp-json\/wp\/v2\/product\/171573","targetHints":{"allow":["GET"]}}],"collection":[{"href":"https:\/\/mod.wisdar.net\/tr\/wp-json\/wp\/v2\/product"}],"about":[{"href":"https:\/\/mod.wisdar.net\/tr\/wp-json\/wp\/v2\/types\/product"}],"replies":[{"embeddable":true,"href":"https:\/\/mod.wisdar.net\/tr\/wp-json\/wp\/v2\/comments?post=171573"}],"wp:featuredmedia":[{"embeddable":true,"href":"https:\/\/mod.wisdar.net\/tr\/wp-json\/wp\/v2\/media\/171566"}],"wp:attachment":[{"href":"https:\/\/mod.wisdar.net\/tr\/wp-json\/wp\/v2\/media?parent=171573"}],"wp:term":[{"taxonomy":"product_brand","embeddable":true,"href":"https:\/\/mod.wisdar.net\/tr\/wp-json\/wp\/v2\/product_brand?post=171573"},{"taxonomy":"product_cat","embeddable":true,"href":"https:\/\/mod.wisdar.net\/tr\/wp-json\/wp\/v2\/product_cat?post=171573"},{"taxonomy":"product_tag","embeddable":true,"href":"https:\/\/mod.wisdar.net\/tr\/wp-json\/wp\/v2\/product_tag?post=171573"}],"curies":[{"name":"wp","href":"https:\/\/api.w.org\/{rel}","templated":true}]}}