{"id":171716,"date":"2026-03-11T21:11:12","date_gmt":"2026-03-11T21:11:12","guid":{"rendered":"https:\/\/modesthanim.com\/product\/cikarilabilir-pelerin-yaka-olive-gomlek\/"},"modified":"2026-04-11T22:10:39","modified_gmt":"2026-04-11T22:10:39","slug":"cikarilabilir-pelerin-yaka-olive-gomlek","status":"publish","type":"product","link":"https:\/\/mod.wisdar.net\/tr\/urun\/cikarilabilir-pelerin-yaka-olive-gomlek\/","title":{"rendered":"\u00c7\u0131kar\u0131labilir Pelerin Yaka Olive G\u00f6mlek"},"content":{"rendered":"<p>\u00c7IKARILAB\u0130L\u0130R PELER\u0130N YAKA  OL\u0130VE G\u00d6MLEK \u00d6ZELL\u0130KLER\u0130<br \/>\nG\u00f6mlek yakal\u0131, d\u00fc\u011fmeli, tak- \u00e7\u0131kar pelerinli, diki\u015f detayl\u0131, kendi kuma\u015f\u0131ndan biye kemerli, yandan kemer k\u00f6pr\u00fcl\u00fc, normal kal\u0131p \u00e7\u0131kar\u0131labilir pelerin yaka g\u00f6mlek.<br \/>\n\u0130\u00c7ER\u0130\u011e\u0130 VE YIKANMASI<br \/>\n%100 Pamuk<br \/>\nMaksimum 30 derecede hassas y\u0131kama yap\u0131n\u0131z. Sentetik ve narin programlar\u0131 ile y\u0131kama yap\u0131n\u0131z.<br \/>\nEl ile \u00f6l\u00e7\u00fcmlerde 2-3 cm farkl\u0131l\u0131k g\u00f6sterebilir.<br \/>\nManken Bedeni: S-M<br \/>\nManken \u00d6l\u00e7\u00fcs\u00fc:  Boy: 1.74 cm, G\u00f6\u011f\u00fcs: 82 cm, Bel: 61 cm, Basen: 92 cm<\/p>\n","protected":false},"excerpt":{"rendered":"<p>\u00c7IKARILAB\u0130L\u0130R PELER\u0130N YAKA OL\u0130VE G\u00d6MLEK \u00d6ZELL\u0130KLER\u0130 G\u00f6mlek yakal\u0131, d\u00fc\u011fmeli, tak- \u00e7\u0131kar pelerinli, diki\u015f detayl\u0131, kendi kuma\u015f\u0131ndan biye kemerli, yandan kemer k\u00f6pr\u00fcl\u00fc, normal kal\u0131p \u00e7\u0131kar\u0131labilir pelerin yaka g\u00f6mlek. \u0130\u00c7ER\u0130\u011e\u0130 VE YIKANMASI %100 Pamuk Maksimum 30 derecede hassas y\u0131kama yap\u0131n\u0131z. Sentetik ve narin programlar\u0131 ile y\u0131kama yap\u0131n\u0131z. El ile \u00f6l\u00e7\u00fcmlerde 2-3 cm farkl\u0131l\u0131k g\u00f6sterebilir. Manken Bedeni: S-M [&hellip;]<\/p>\n","protected":false},"featured_media":171699,"comment_status":"open","ping_status":"closed","template":"","meta":[],"product_brand":[],"product_cat":[1909],"product_tag":[4962,11793,11785,3263,11792],"class_list":{"0":"post-171716","1":"product","2":"type-product","3":"status-publish","4":"has-post-thumbnail","6":"product_cat-bluzlar-ve-gomlekler","7":"product_tag-cotton-shirt","8":"product_tag-detachable-cape","9":"product_tag-olive-shirt","10":"product_tag-regular-fit","11":"product_tag-removable-cape-collar","12":"pa_brand-hooopstore","13":"pa_color-olive-rengi","14":"pa_size-l-xl-2","15":"pa_size-s-m","17":"first","18":"instock","19":"sale","20":"shipping-taxable","21":"purchasable","22":"product-type-variable"},"_links":{"self":[{"href":"https:\/\/mod.wisdar.net\/tr\/wp-json\/wp\/v2\/product\/171716","targetHints":{"allow":["GET"]}}],"collection":[{"href":"https:\/\/mod.wisdar.net\/tr\/wp-json\/wp\/v2\/product"}],"about":[{"href":"https:\/\/mod.wisdar.net\/tr\/wp-json\/wp\/v2\/types\/product"}],"replies":[{"embeddable":true,"href":"https:\/\/mod.wisdar.net\/tr\/wp-json\/wp\/v2\/comments?post=171716"}],"wp:featuredmedia":[{"embeddable":true,"href":"https:\/\/mod.wisdar.net\/tr\/wp-json\/wp\/v2\/media\/171699"}],"wp:attachment":[{"href":"https:\/\/mod.wisdar.net\/tr\/wp-json\/wp\/v2\/media?parent=171716"}],"wp:term":[{"taxonomy":"product_brand","embeddable":true,"href":"https:\/\/mod.wisdar.net\/tr\/wp-json\/wp\/v2\/product_brand?post=171716"},{"taxonomy":"product_cat","embeddable":true,"href":"https:\/\/mod.wisdar.net\/tr\/wp-json\/wp\/v2\/product_cat?post=171716"},{"taxonomy":"product_tag","embeddable":true,"href":"https:\/\/mod.wisdar.net\/tr\/wp-json\/wp\/v2\/product_tag?post=171716"}],"curies":[{"name":"wp","href":"https:\/\/api.w.org\/{rel}","templated":true}]}}