{"id":171720,"date":"2026-03-11T21:11:10","date_gmt":"2026-03-11T21:11:10","guid":{"rendered":"https:\/\/modesthanim.com\/product\/onden-baglama-detayli-haki-kimono-pantolon-takim\/"},"modified":"2026-04-11T22:10:36","modified_gmt":"2026-04-11T22:10:36","slug":"onden-baglama-detayli-haki-kimono-pantolon-takim","status":"publish","type":"product","link":"https:\/\/mod.wisdar.net\/tr\/urun\/onden-baglama-detayli-haki-kimono-pantolon-takim\/","title":{"rendered":"\u00d6nden Ba\u011flama Detayl\u0131 Haki Kimono Pantolon Tak\u0131m"},"content":{"rendered":"<p>\u00d6NDEN BA\u011eLAMA DETAYLI HAK\u0130 K\u0130MONO PANTOLON TAKIM \u00d6ZELL\u0130KLER\u0130<br \/>\nKimono yaka formuna sahip, bel k\u0131sm\u0131ndan ba\u011flamal\u0131, b\u00fczg\u00fc detayl\u0131, rahat kesim, pantolon beli lastikli, i\u00e7ten beli ba\u011flamal\u0131 ayarlanabilir, bol pa\u00e7a, rahat kal\u0131p, \u00f6nden ba\u011flama detayl\u0131 kimono pantolon tak\u0131m.<br \/>\n\u0130\u00c7ER\u0130\u011e\u0130 VE YIKANMASI<br \/>\n%91 Liyosel %9 Polyester<br \/>\n30 derecede k\u0131sa programda makinede y\u0131kay\u0131n\u0131z, hassas y\u0131kama yap\u0131n\u0131z. Tersten y\u0131kay\u0131n\u0131z. A\u011fart\u0131c\u0131 kullanmay\u0131n\u0131z. D\u00fc\u015f\u00fck \u0131s\u0131da \u00fct\u00fcleyiniz.<br \/>\nEl ile \u00f6l\u00e7\u00fcmlerde 2-3 cm farkl\u0131l\u0131k g\u00f6sterebilir.<br \/>\nManken Bedeni: S-M<br \/>\nManken \u00d6l\u00e7\u00fcs\u00fc: Boy: 1.74 cm, G\u00f6\u011f\u00fcs: 82 cm, Bel: 61 cm, Basen: 92 cm<\/p>\n","protected":false},"excerpt":{"rendered":"<p>\u00d6NDEN BA\u011eLAMA DETAYLI HAK\u0130 K\u0130MONO PANTOLON TAKIM \u00d6ZELL\u0130KLER\u0130 Kimono yaka formuna sahip, bel k\u0131sm\u0131ndan ba\u011flamal\u0131, b\u00fczg\u00fc detayl\u0131, rahat kesim, pantolon beli lastikli, i\u00e7ten beli ba\u011flamal\u0131 ayarlanabilir, bol pa\u00e7a, rahat kal\u0131p, \u00f6nden ba\u011flama detayl\u0131 kimono pantolon tak\u0131m. \u0130\u00c7ER\u0130\u011e\u0130 VE YIKANMASI %91 Liyosel %9 Polyester 30 derecede k\u0131sa programda makinede y\u0131kay\u0131n\u0131z, hassas y\u0131kama yap\u0131n\u0131z. Tersten y\u0131kay\u0131n\u0131z. A\u011fart\u0131c\u0131 [&hellip;]<\/p>\n","protected":false},"featured_media":171697,"comment_status":"open","ping_status":"closed","template":"","meta":[],"product_brand":[],"product_cat":[1900],"product_tag":[6761,8375,6882],"class_list":{"0":"post-171720","1":"product","2":"type-product","3":"status-publish","4":"has-post-thumbnail","6":"product_cat-koordinatlar-setler","7":"product_tag-bol-paca","8":"product_tag-pantolon-takimi","9":"product_tag-rahat-kesim-2","10":"pa_brand-hooopstore","11":"pa_color-haki","12":"pa_size-l-xl-2","13":"pa_size-s-m","15":"first","16":"instock","17":"sale","18":"shipping-taxable","19":"purchasable","20":"product-type-variable"},"_links":{"self":[{"href":"https:\/\/mod.wisdar.net\/tr\/wp-json\/wp\/v2\/product\/171720","targetHints":{"allow":["GET"]}}],"collection":[{"href":"https:\/\/mod.wisdar.net\/tr\/wp-json\/wp\/v2\/product"}],"about":[{"href":"https:\/\/mod.wisdar.net\/tr\/wp-json\/wp\/v2\/types\/product"}],"replies":[{"embeddable":true,"href":"https:\/\/mod.wisdar.net\/tr\/wp-json\/wp\/v2\/comments?post=171720"}],"wp:featuredmedia":[{"embeddable":true,"href":"https:\/\/mod.wisdar.net\/tr\/wp-json\/wp\/v2\/media\/171697"}],"wp:attachment":[{"href":"https:\/\/mod.wisdar.net\/tr\/wp-json\/wp\/v2\/media?parent=171720"}],"wp:term":[{"taxonomy":"product_brand","embeddable":true,"href":"https:\/\/mod.wisdar.net\/tr\/wp-json\/wp\/v2\/product_brand?post=171720"},{"taxonomy":"product_cat","embeddable":true,"href":"https:\/\/mod.wisdar.net\/tr\/wp-json\/wp\/v2\/product_cat?post=171720"},{"taxonomy":"product_tag","embeddable":true,"href":"https:\/\/mod.wisdar.net\/tr\/wp-json\/wp\/v2\/product_tag?post=171720"}],"curies":[{"name":"wp","href":"https:\/\/api.w.org\/{rel}","templated":true}]}}