{"id":171790,"date":"2026-03-11T21:12:01","date_gmt":"2026-03-11T21:12:01","guid":{"rendered":"https:\/\/modesthanim.com\/product\/pileli-palazzo-murdum-pantolon\/"},"modified":"2026-04-11T20:30:37","modified_gmt":"2026-04-11T20:30:37","slug":"pileli-palazzo-murdum-pantolon","status":"publish","type":"product","link":"https:\/\/mod.wisdar.net\/tr\/urun\/pileli-palazzo-murdum-pantolon\/","title":{"rendered":"Pileli Palazzo M\u00fcrd\u00fcm Pantolon"},"content":{"rendered":"<p>P\u0130LEL\u0130 PALAZZO M\u00dcRD\u00dcM PANTOLON \u00d6ZELL\u0130KLER\u0130<br \/>\nY\u00fcksek bel, \u00f6nden pile detayl\u0131, arkas\u0131 lastikli, yandan cepli, d\u00f6k\u00fcml\u00fc kuma\u015fa sahip, \u00fct\u00fc izli, normal kal\u0131p pileli palazzo pantolon.<br \/>\n\u0130\u00c7ER\u0130\u011e\u0130 VE YIKANMASI<br \/>\n%100 Polyester<br \/>\n30 derecede k\u0131sa programda makinede y\u0131kay\u0131n\u0131z, hassas y\u0131kama yap\u0131n\u0131z. Tersten y\u0131kay\u0131n\u0131z. A\u011fart\u0131c\u0131 kullanmay\u0131n\u0131z. D\u00fc\u015f\u00fck \u0131s\u0131da \u00fct\u00fcleyiniz.<br \/>\nEl ile \u00f6l\u00e7\u00fcmlerde 2-3 cm farkl\u0131l\u0131k g\u00f6sterebilir.<br \/>\nManken Bedeni: S<br \/>\nManken \u00d6l\u00e7\u00fcs\u00fc: Boy: 1.74 cm, G\u00f6\u011f\u00fcs: 82 cm, Bel: 61 cm, Basen: 92 cm<\/p>\n","protected":false},"excerpt":{"rendered":"<p>P\u0130LEL\u0130 PALAZZO M\u00dcRD\u00dcM PANTOLON \u00d6ZELL\u0130KLER\u0130 Y\u00fcksek bel, \u00f6nden pile detayl\u0131, arkas\u0131 lastikli, yandan cepli, d\u00f6k\u00fcml\u00fc kuma\u015fa sahip, \u00fct\u00fc izli, normal kal\u0131p pileli palazzo pantolon. \u0130\u00c7ER\u0130\u011e\u0130 VE YIKANMASI %100 Polyester 30 derecede k\u0131sa programda makinede y\u0131kay\u0131n\u0131z, hassas y\u0131kama yap\u0131n\u0131z. Tersten y\u0131kay\u0131n\u0131z. A\u011fart\u0131c\u0131 kullanmay\u0131n\u0131z. D\u00fc\u015f\u00fck \u0131s\u0131da \u00fct\u00fcleyiniz. El ile \u00f6l\u00e7\u00fcmlerde 2-3 cm farkl\u0131l\u0131k g\u00f6sterebilir. Manken Bedeni: S [&hellip;]<\/p>\n","protected":false},"featured_media":171782,"comment_status":"open","ping_status":"closed","template":"","meta":[],"product_brand":[],"product_cat":[1882],"product_tag":[],"class_list":{"0":"post-171790","1":"product","2":"type-product","3":"status-publish","4":"has-post-thumbnail","6":"product_cat-alt-giyim","7":"pa_brand-hooopstore","8":"pa_color-murdum-rengi","9":"pa_size-large","10":"pa_size-medium","11":"pa_size-small","12":"pa_size-xlarge","13":"pa_size-xxlarge","15":"first","16":"instock","17":"sale","18":"shipping-taxable","19":"purchasable","20":"product-type-variable"},"_links":{"self":[{"href":"https:\/\/mod.wisdar.net\/tr\/wp-json\/wp\/v2\/product\/171790","targetHints":{"allow":["GET"]}}],"collection":[{"href":"https:\/\/mod.wisdar.net\/tr\/wp-json\/wp\/v2\/product"}],"about":[{"href":"https:\/\/mod.wisdar.net\/tr\/wp-json\/wp\/v2\/types\/product"}],"replies":[{"embeddable":true,"href":"https:\/\/mod.wisdar.net\/tr\/wp-json\/wp\/v2\/comments?post=171790"}],"wp:featuredmedia":[{"embeddable":true,"href":"https:\/\/mod.wisdar.net\/tr\/wp-json\/wp\/v2\/media\/171782"}],"wp:attachment":[{"href":"https:\/\/mod.wisdar.net\/tr\/wp-json\/wp\/v2\/media?parent=171790"}],"wp:term":[{"taxonomy":"product_brand","embeddable":true,"href":"https:\/\/mod.wisdar.net\/tr\/wp-json\/wp\/v2\/product_brand?post=171790"},{"taxonomy":"product_cat","embeddable":true,"href":"https:\/\/mod.wisdar.net\/tr\/wp-json\/wp\/v2\/product_cat?post=171790"},{"taxonomy":"product_tag","embeddable":true,"href":"https:\/\/mod.wisdar.net\/tr\/wp-json\/wp\/v2\/product_tag?post=171790"}],"curies":[{"name":"wp","href":"https:\/\/api.w.org\/{rel}","templated":true}]}}