{"id":171803,"date":"2026-03-11T21:12:04","date_gmt":"2026-03-11T21:12:04","guid":{"rendered":"https:\/\/modesthanim.com\/product\/tek-pileli-palazzo-ekru-pantolon\/"},"modified":"2026-04-11T22:20:37","modified_gmt":"2026-04-11T22:20:37","slug":"tek-pileli-palazzo-ekru-pantolon","status":"publish","type":"product","link":"https:\/\/mod.wisdar.net\/tr\/urun\/tek-pileli-palazzo-ekru-pantolon\/","title":{"rendered":"Tek Pileli Palazzo Ekru Pantolon"},"content":{"rendered":"<p>TEK P\u0130LEL\u0130 PALAZZO EKRU PANTOLON \u00d6ZELL\u0130KLER\u0130<br \/>\nY\u00fcksek bel, \u00f6nden tek pileli, arkas\u0131 lastikli, \u00f6nden d\u00fc\u011fmeli ve kemer k\u00f6pr\u00fcl\u00fc, yandan cep detayl\u0131, d\u00f6k\u00fcml\u00fc kuma\u015fa sahip, geni\u015f pa\u00e7al\u0131, uzun tek pileli palazzo pantolon.<br \/>\n\u0130\u00c7ER\u0130\u011e\u0130 VE YIKANMASI<br \/>\n%100 Pes<br \/>\n30 derecede k\u0131sa programda makinede y\u0131kay\u0131n\u0131z, hassas y\u0131kama yap\u0131n\u0131z. Tersten y\u0131kay\u0131n\u0131z. A\u011fart\u0131c\u0131 kullanmay\u0131n\u0131z. D\u00fc\u015f\u00fck \u0131s\u0131da \u00fct\u00fcleyiniz.<br \/>\nEl ile \u00f6l\u00e7\u00fcmlerde 2-3 cm farkl\u0131l\u0131k g\u00f6sterebilir.<br \/>\nManken Bedeni: S<br \/>\nManken \u00d6l\u00e7\u00fcs\u00fc: Boy: 1.75 cm, G\u00f6\u011f\u00fcs: 84 cm, Bel: 60 cm, Basen: 90 cm<\/p>\n","protected":false},"excerpt":{"rendered":"<p>TEK P\u0130LEL\u0130 PALAZZO EKRU PANTOLON \u00d6ZELL\u0130KLER\u0130 Y\u00fcksek bel, \u00f6nden tek pileli, arkas\u0131 lastikli, \u00f6nden d\u00fc\u011fmeli ve kemer k\u00f6pr\u00fcl\u00fc, yandan cep detayl\u0131, d\u00f6k\u00fcml\u00fc kuma\u015fa sahip, geni\u015f pa\u00e7al\u0131, uzun tek pileli palazzo pantolon. \u0130\u00c7ER\u0130\u011e\u0130 VE YIKANMASI %100 Pes 30 derecede k\u0131sa programda makinede y\u0131kay\u0131n\u0131z, hassas y\u0131kama yap\u0131n\u0131z. Tersten y\u0131kay\u0131n\u0131z. A\u011fart\u0131c\u0131 kullanmay\u0131n\u0131z. D\u00fc\u015f\u00fck \u0131s\u0131da \u00fct\u00fcleyiniz. El ile \u00f6l\u00e7\u00fcmlerde [&hellip;]<\/p>\n","protected":false},"featured_media":171787,"comment_status":"open","ping_status":"closed","template":"","meta":[],"product_brand":[],"product_cat":[1882],"product_tag":[],"class_list":{"0":"post-171803","1":"product","2":"type-product","3":"status-publish","4":"has-post-thumbnail","6":"product_cat-alt-giyim","7":"pa_brand-hooopstore","8":"pa_color-ekru","9":"pa_size-large","10":"pa_size-medium","11":"pa_size-small","12":"pa_size-xlarge","14":"first","15":"instock","16":"shipping-taxable","17":"purchasable","18":"product-type-variable"},"_links":{"self":[{"href":"https:\/\/mod.wisdar.net\/tr\/wp-json\/wp\/v2\/product\/171803","targetHints":{"allow":["GET"]}}],"collection":[{"href":"https:\/\/mod.wisdar.net\/tr\/wp-json\/wp\/v2\/product"}],"about":[{"href":"https:\/\/mod.wisdar.net\/tr\/wp-json\/wp\/v2\/types\/product"}],"replies":[{"embeddable":true,"href":"https:\/\/mod.wisdar.net\/tr\/wp-json\/wp\/v2\/comments?post=171803"}],"wp:featuredmedia":[{"embeddable":true,"href":"https:\/\/mod.wisdar.net\/tr\/wp-json\/wp\/v2\/media\/171787"}],"wp:attachment":[{"href":"https:\/\/mod.wisdar.net\/tr\/wp-json\/wp\/v2\/media?parent=171803"}],"wp:term":[{"taxonomy":"product_brand","embeddable":true,"href":"https:\/\/mod.wisdar.net\/tr\/wp-json\/wp\/v2\/product_brand?post=171803"},{"taxonomy":"product_cat","embeddable":true,"href":"https:\/\/mod.wisdar.net\/tr\/wp-json\/wp\/v2\/product_cat?post=171803"},{"taxonomy":"product_tag","embeddable":true,"href":"https:\/\/mod.wisdar.net\/tr\/wp-json\/wp\/v2\/product_tag?post=171803"}],"curies":[{"name":"wp","href":"https:\/\/api.w.org\/{rel}","templated":true}]}}