{"id":171893,"date":"2026-03-11T21:12:51","date_gmt":"2026-03-11T21:12:51","guid":{"rendered":"https:\/\/modesthanim.com\/product\/pilisoley-saten-krem-etek\/"},"modified":"2026-03-11T21:18:45","modified_gmt":"2026-03-11T21:18:45","slug":"pilisoley-saten-krem-etek","status":"publish","type":"product","link":"https:\/\/mod.wisdar.net\/tr\/urun\/pilisoley-saten-krem-etek\/","title":{"rendered":"Pilisoley Saten Krem Etek"},"content":{"rendered":"<p>P\u0130L\u0130SOLEY SATEN KREM ETEK \u00d6ZELL\u0130KLER\u0130<br \/>\n\u00d6n k\u0131sm\u0131 kemerli, arkas\u0131 lastikli, yandan fermuarl\u0131, normal kal\u0131p, i\u00e7 belli etmeyen, astars\u0131z pilisoley saten etek.<br \/>\n\u0130\u00c7ER\u0130\u011e\u0130 VE YIKANMASI<br \/>\n%100 Polyester<br \/>\nKuru temizleme \u00f6nerilir.<br \/>\nEl ile \u00f6l\u00e7\u00fcmlerde 2-3 cm farkl\u0131l\u0131k g\u00f6sterebilir.<br \/>\nManken Bedeni: S<br \/>\nManken \u00d6l\u00e7\u00fcs\u00fc: Boy: 1.74 cm, G\u00f6\u011f\u00fcs: 82 cm, Bel: 61 cm, Basen: 92 cm<\/p>\n","protected":false},"excerpt":{"rendered":"<p>P\u0130L\u0130SOLEY SATEN KREM ETEK \u00d6ZELL\u0130KLER\u0130 \u00d6n k\u0131sm\u0131 kemerli, arkas\u0131 lastikli, yandan fermuarl\u0131, normal kal\u0131p, i\u00e7 belli etmeyen, astars\u0131z pilisoley saten etek. \u0130\u00c7ER\u0130\u011e\u0130 VE YIKANMASI %100 Polyester Kuru temizleme \u00f6nerilir. El ile \u00f6l\u00e7\u00fcmlerde 2-3 cm farkl\u0131l\u0131k g\u00f6sterebilir. Manken Bedeni: S Manken \u00d6l\u00e7\u00fcs\u00fc: Boy: 1.74 cm, G\u00f6\u011f\u00fcs: 82 cm, Bel: 61 cm, Basen: 92 cm<\/p>\n","protected":false},"featured_media":171872,"comment_status":"open","ping_status":"closed","template":"","meta":[],"product_brand":[],"product_cat":[1969],"product_tag":[],"class_list":{"0":"post-171893","1":"product","2":"type-product","3":"status-publish","4":"has-post-thumbnail","6":"product_cat-etekler","7":"pa_brand-hooopstore","8":"pa_color-krem-rengi","9":"pa_size-large","10":"pa_size-medium","11":"pa_size-small","12":"pa_size-xlarge","14":"first","15":"instock","16":"sale","17":"shipping-taxable","18":"purchasable","19":"product-type-variable"},"_links":{"self":[{"href":"https:\/\/mod.wisdar.net\/tr\/wp-json\/wp\/v2\/product\/171893","targetHints":{"allow":["GET"]}}],"collection":[{"href":"https:\/\/mod.wisdar.net\/tr\/wp-json\/wp\/v2\/product"}],"about":[{"href":"https:\/\/mod.wisdar.net\/tr\/wp-json\/wp\/v2\/types\/product"}],"replies":[{"embeddable":true,"href":"https:\/\/mod.wisdar.net\/tr\/wp-json\/wp\/v2\/comments?post=171893"}],"wp:featuredmedia":[{"embeddable":true,"href":"https:\/\/mod.wisdar.net\/tr\/wp-json\/wp\/v2\/media\/171872"}],"wp:attachment":[{"href":"https:\/\/mod.wisdar.net\/tr\/wp-json\/wp\/v2\/media?parent=171893"}],"wp:term":[{"taxonomy":"product_brand","embeddable":true,"href":"https:\/\/mod.wisdar.net\/tr\/wp-json\/wp\/v2\/product_brand?post=171893"},{"taxonomy":"product_cat","embeddable":true,"href":"https:\/\/mod.wisdar.net\/tr\/wp-json\/wp\/v2\/product_cat?post=171893"},{"taxonomy":"product_tag","embeddable":true,"href":"https:\/\/mod.wisdar.net\/tr\/wp-json\/wp\/v2\/product_tag?post=171893"}],"curies":[{"name":"wp","href":"https:\/\/api.w.org\/{rel}","templated":true}]}}