{"id":172071,"date":"2026-03-11T21:15:02","date_gmt":"2026-03-11T21:15:02","guid":{"rendered":"https:\/\/modesthanim.com\/product\/gardenya-cift-dikis-detayli-cikolata-gomlek\/"},"modified":"2026-04-04T22:33:14","modified_gmt":"2026-04-04T22:33:14","slug":"gardenya-cift-dikis-detayli-cikolata-gomlek","status":"publish","type":"product","link":"https:\/\/mod.wisdar.net\/tr\/urun\/gardenya-cift-dikis-detayli-cikolata-gomlek\/","title":{"rendered":"Gardenya \u00c7ift Diki\u015f Detayl\u0131 \u00c7ikolata G\u00f6mlek"},"content":{"rendered":"<p>GARDENYA \u00c7\u0130FT D\u0130K\u0130\u015e DETAYLI \u00c7\u0130KOLATA G\u00d6MLEK \u00d6ZELL\u0130KLER\u0130<br \/>\nG\u00f6mlek yakal\u0131, \u00f6n taraftan derin y\u0131rtma\u00e7 detayl\u0131, cima diki\u015fli, kendi kuma\u015f\u0131nda seyyar biye kemerli, rahat kesim g\u00f6mlek.<br \/>\n\u0130\u00c7ER\u0130\u011e\u0130 VE YIKANMASI<br \/>\n%91 Liyosel %9 Pes<br \/>\nMaksimum 30 derecede hassas y\u0131kama yap\u0131n\u0131z. Sentetik ve narin programlar\u0131 ile y\u0131kama yap\u0131n\u0131z.<br \/>\nEl ile \u00f6l\u00e7\u00fcmlerde 2-3 cm farkl\u0131l\u0131k g\u00f6sterebilir.<br \/>\nManken \u00dcr\u00fcn Bedeni: S-M<br \/>\nManken \u00d6l\u00e7\u00fcleri: Boy: 1.74 cm, G\u00f6\u011f\u00fcs: 82 cm, Bel: 61 cm, Basen: 92 cm<\/p>\n","protected":false},"excerpt":{"rendered":"<p>GARDENYA \u00c7\u0130FT D\u0130K\u0130\u015e DETAYLI \u00c7\u0130KOLATA G\u00d6MLEK \u00d6ZELL\u0130KLER\u0130 G\u00f6mlek yakal\u0131, \u00f6n taraftan derin y\u0131rtma\u00e7 detayl\u0131, cima diki\u015fli, kendi kuma\u015f\u0131nda seyyar biye kemerli, rahat kesim g\u00f6mlek. \u0130\u00c7ER\u0130\u011e\u0130 VE YIKANMASI %91 Liyosel %9 Pes Maksimum 30 derecede hassas y\u0131kama yap\u0131n\u0131z. Sentetik ve narin programlar\u0131 ile y\u0131kama yap\u0131n\u0131z. El ile \u00f6l\u00e7\u00fcmlerde 2-3 cm farkl\u0131l\u0131k g\u00f6sterebilir. Manken \u00dcr\u00fcn Bedeni: S-M [&hellip;]<\/p>\n","protected":false},"featured_media":172056,"comment_status":"open","ping_status":"closed","template":"","meta":[],"product_brand":[],"product_cat":[1909],"product_tag":[6744,6882],"class_list":{"0":"post-172071","1":"product","2":"type-product","3":"status-publish","4":"has-post-thumbnail","6":"product_cat-bluzlar-ve-gomlekler","7":"product_tag-kadin-modasi","8":"product_tag-rahat-kesim-2","9":"pa_brand-hooopstore","10":"pa_color-cikolata-rengi","11":"pa_size-l-xl-2","12":"pa_size-s-m","14":"first","15":"instock","16":"sale","17":"shipping-taxable","18":"purchasable","19":"product-type-variable"},"_links":{"self":[{"href":"https:\/\/mod.wisdar.net\/tr\/wp-json\/wp\/v2\/product\/172071","targetHints":{"allow":["GET"]}}],"collection":[{"href":"https:\/\/mod.wisdar.net\/tr\/wp-json\/wp\/v2\/product"}],"about":[{"href":"https:\/\/mod.wisdar.net\/tr\/wp-json\/wp\/v2\/types\/product"}],"replies":[{"embeddable":true,"href":"https:\/\/mod.wisdar.net\/tr\/wp-json\/wp\/v2\/comments?post=172071"}],"wp:featuredmedia":[{"embeddable":true,"href":"https:\/\/mod.wisdar.net\/tr\/wp-json\/wp\/v2\/media\/172056"}],"wp:attachment":[{"href":"https:\/\/mod.wisdar.net\/tr\/wp-json\/wp\/v2\/media?parent=172071"}],"wp:term":[{"taxonomy":"product_brand","embeddable":true,"href":"https:\/\/mod.wisdar.net\/tr\/wp-json\/wp\/v2\/product_brand?post=172071"},{"taxonomy":"product_cat","embeddable":true,"href":"https:\/\/mod.wisdar.net\/tr\/wp-json\/wp\/v2\/product_cat?post=172071"},{"taxonomy":"product_tag","embeddable":true,"href":"https:\/\/mod.wisdar.net\/tr\/wp-json\/wp\/v2\/product_tag?post=172071"}],"curies":[{"name":"wp","href":"https:\/\/api.w.org\/{rel}","templated":true}]}}