{"id":172171,"date":"2026-03-11T21:16:14","date_gmt":"2026-03-11T21:16:14","guid":{"rendered":"https:\/\/modesthanim.com\/product\/cikarilabilir-pelerin-yaka-kahverengi-gomlek\/"},"modified":"2026-04-11T22:50:36","modified_gmt":"2026-04-11T22:50:36","slug":"cikarilabilir-pelerin-yaka-kahverengi-gomlek","status":"publish","type":"product","link":"https:\/\/mod.wisdar.net\/tr\/urun\/cikarilabilir-pelerin-yaka-kahverengi-gomlek\/","title":{"rendered":"\u00c7\u0131kar\u0131labilir Pelerin Yaka Kahverengi G\u00f6mlek"},"content":{"rendered":"<p>\u00c7IKARILAB\u0130L\u0130R PELER\u0130N YAKA KAHVERENG\u0130 G\u00d6MLEK \u00d6ZELL\u0130KLER\u0130 G\u00f6mlek yakal\u0131, d\u00fc\u011fmeli, tak- \u00e7\u0131kar pelerinli, kendi kuma\u015f\u0131ndan biye kemerli, yandan kemer k\u00f6pr\u00fcl\u00fc, gizli cep detayl\u0131, normal kal\u0131p \u00e7\u0131kar\u0131labilir pelerin yaka g\u00f6mlek. \u0130\u00c7ER\u0130\u011e\u0130 VE YIKANMASI %100 Pamuk 30 derecede k\u0131sa programda makinede y\u0131kay\u0131n\u0131z, hassas y\u0131kama yap\u0131n\u0131z. Tersten y\u0131kay\u0131n\u0131z. A\u011fart\u0131c\u0131 kullanmay\u0131n\u0131z. D\u00fc\u015f\u00fck \u0131s\u0131da \u00fct\u00fcleyiniz. El ile \u00f6l\u00e7\u00fcmlerde 2-3 cm farkl\u0131l\u0131k g\u00f6sterebilir. Manken Bedeni: S-M Manken \u00d6l\u00e7\u00fcs\u00fc: Boy: 1.71 cm, G\u00f6\u011f\u00fcs: 80 cm, Bel: 60 cm, Basen: 90 cm<\/p>\n","protected":false},"excerpt":{"rendered":"<p>\u00c7IKARILAB\u0130L\u0130R PELER\u0130N YAKA KAHVERENG\u0130 G\u00d6MLEK \u00d6ZELL\u0130KLER\u0130 G\u00f6mlek yakal\u0131, d\u00fc\u011fmeli, tak- \u00e7\u0131kar pelerinli, kendi kuma\u015f\u0131ndan biye kemerli, yandan kemer k\u00f6pr\u00fcl\u00fc, gizli cep detayl\u0131, normal kal\u0131p \u00e7\u0131kar\u0131labilir pelerin yaka g\u00f6mlek. \u0130\u00c7ER\u0130\u011e\u0130 VE YIKANMASI %100 Pamuk 30 derecede k\u0131sa programda makinede y\u0131kay\u0131n\u0131z, hassas y\u0131kama yap\u0131n\u0131z. Tersten y\u0131kay\u0131n\u0131z. A\u011fart\u0131c\u0131 kullanmay\u0131n\u0131z. D\u00fc\u015f\u00fck \u0131s\u0131da \u00fct\u00fcleyiniz. El ile \u00f6l\u00e7\u00fcmlerde 2-3 cm farkl\u0131l\u0131k [&hellip;]<\/p>\n","protected":false},"featured_media":172150,"comment_status":"open","ping_status":"closed","template":"","meta":[],"product_brand":[],"product_cat":[1909],"product_tag":[6744],"class_list":{"0":"post-172171","1":"product","2":"type-product","3":"status-publish","4":"has-post-thumbnail","6":"product_cat-bluzlar-ve-gomlekler","7":"product_tag-kadin-modasi","8":"pa_brand-hooopstore","9":"pa_color-kahverengi","10":"pa_size-l-xl-2","11":"pa_size-s-m","13":"first","14":"outofstock","15":"shipping-taxable","16":"product-type-variable"},"_links":{"self":[{"href":"https:\/\/mod.wisdar.net\/tr\/wp-json\/wp\/v2\/product\/172171","targetHints":{"allow":["GET"]}}],"collection":[{"href":"https:\/\/mod.wisdar.net\/tr\/wp-json\/wp\/v2\/product"}],"about":[{"href":"https:\/\/mod.wisdar.net\/tr\/wp-json\/wp\/v2\/types\/product"}],"replies":[{"embeddable":true,"href":"https:\/\/mod.wisdar.net\/tr\/wp-json\/wp\/v2\/comments?post=172171"}],"wp:featuredmedia":[{"embeddable":true,"href":"https:\/\/mod.wisdar.net\/tr\/wp-json\/wp\/v2\/media\/172150"}],"wp:attachment":[{"href":"https:\/\/mod.wisdar.net\/tr\/wp-json\/wp\/v2\/media?parent=172171"}],"wp:term":[{"taxonomy":"product_brand","embeddable":true,"href":"https:\/\/mod.wisdar.net\/tr\/wp-json\/wp\/v2\/product_brand?post=172171"},{"taxonomy":"product_cat","embeddable":true,"href":"https:\/\/mod.wisdar.net\/tr\/wp-json\/wp\/v2\/product_cat?post=172171"},{"taxonomy":"product_tag","embeddable":true,"href":"https:\/\/mod.wisdar.net\/tr\/wp-json\/wp\/v2\/product_tag?post=172171"}],"curies":[{"name":"wp","href":"https:\/\/api.w.org\/{rel}","templated":true}]}}