{"id":17222,"date":"2025-11-02T12:59:54","date_gmt":"2025-11-02T12:59:54","guid":{"rendered":"https:\/\/modesthanim.com\/product\/v-yaka-kemerli-yelek-indigo\/"},"modified":"2026-04-10T18:20:31","modified_gmt":"2026-04-10T18:20:31","slug":"v-yaka-kemerli-yelek-indigo","status":"publish","type":"product","link":"https:\/\/mod.wisdar.net\/tr\/urun\/v-yaka-kemerli-yelek-indigo\/","title":{"rendered":"V-Yaka Kemerli Yelek \u2013 \u0130ndigo"},"content":{"rendered":"<p>Zamans\u0131z tasar\u0131m\u0131yla her mevsime uyum sa\u011flayan \u015f\u0131k bir ekleme&#8230; V yaka kesimi ile zarif bir duru\u015f sunan bu yelek, beldeki kemer detay\u0131 ile silueti vurgular ve feminen bir dokunu\u015f katar.<\/p>\n<p>Kuma\u015f \u0130\u00e7eri\u011fi: %58 Lyosell, %42 Viskoz<br \/>\nDesen: D\u00fcz<br \/>\nYaka Tipi: V-Yaka<br \/>\nKol Tipi: Kolsuz<br \/>\nCep: Cepsiz<br \/>\nAstar: Astars\u0131z<br \/>\n\u00dcr\u00fcn Uzunlu\u011fu: 134 cm<br \/>\nKal\u0131p: Normal Kal\u0131p<br \/>\nModelin Giydi\u011fi Beden: 38<br \/>\nModel \u00d6l\u00e7\u00fcleri: Boy: 175 cm, G\u00f6\u011f\u00fcs: 80 cm, Bel: 62 cm, Kal\u00e7a: 89 cm<\/p>\n","protected":false},"excerpt":{"rendered":"<p>Zamans\u0131z tasar\u0131m\u0131yla her mevsime uyum sa\u011flayan \u015f\u0131k bir ekleme&#8230; V yaka kesimi ile zarif bir duru\u015f sunan bu yelek, beldeki kemer detay\u0131 ile silueti vurgular ve feminen bir dokunu\u015f katar. Kuma\u015f \u0130\u00e7eri\u011fi: %58 Lyosell, %42 Viskoz Desen: D\u00fcz Yaka Tipi: V-Yaka Kol Tipi: Kolsuz Cep: Cepsiz Astar: Astars\u0131z \u00dcr\u00fcn Uzunlu\u011fu: 134 cm Kal\u0131p: Normal Kal\u0131p [&hellip;]<\/p>\n","protected":false},"featured_media":51902,"comment_status":"open","ping_status":"closed","template":"","meta":[],"product_brand":[],"product_cat":[6249,1933],"product_tag":[4998,7668],"class_list":{"0":"post-17222","1":"product","2":"type-product","3":"status-publish","4":"has-post-thumbnail","6":"product_cat-elbiseler","7":"product_cat-gunluk-ve-gunduz-elbiseleri","8":"product_tag-indigo","9":"product_tag-kemerli","10":"pa_brand-tugba","11":"pa_color-indigo","12":"pa_size-4706","13":"pa_size-4711","14":"pa_size-4713","15":"pa_size-4751","17":"first","18":"outofstock","19":"shipping-taxable","20":"product-type-variable"},"_links":{"self":[{"href":"https:\/\/mod.wisdar.net\/tr\/wp-json\/wp\/v2\/product\/17222","targetHints":{"allow":["GET"]}}],"collection":[{"href":"https:\/\/mod.wisdar.net\/tr\/wp-json\/wp\/v2\/product"}],"about":[{"href":"https:\/\/mod.wisdar.net\/tr\/wp-json\/wp\/v2\/types\/product"}],"replies":[{"embeddable":true,"href":"https:\/\/mod.wisdar.net\/tr\/wp-json\/wp\/v2\/comments?post=17222"}],"wp:featuredmedia":[{"embeddable":true,"href":"https:\/\/mod.wisdar.net\/tr\/wp-json\/wp\/v2\/media\/51902"}],"wp:attachment":[{"href":"https:\/\/mod.wisdar.net\/tr\/wp-json\/wp\/v2\/media?parent=17222"}],"wp:term":[{"taxonomy":"product_brand","embeddable":true,"href":"https:\/\/mod.wisdar.net\/tr\/wp-json\/wp\/v2\/product_brand?post=17222"},{"taxonomy":"product_cat","embeddable":true,"href":"https:\/\/mod.wisdar.net\/tr\/wp-json\/wp\/v2\/product_cat?post=17222"},{"taxonomy":"product_tag","embeddable":true,"href":"https:\/\/mod.wisdar.net\/tr\/wp-json\/wp\/v2\/product_tag?post=17222"}],"curies":[{"name":"wp","href":"https:\/\/api.w.org\/{rel}","templated":true}]}}