{"id":172293,"date":"2026-03-12T21:05:24","date_gmt":"2026-03-12T21:05:24","guid":{"rendered":"https:\/\/modesthanim.com\/product\/ayla-isiltisi-altin-hilal-nakisli-abaya\/"},"modified":"2026-04-05T01:54:10","modified_gmt":"2026-04-05T01:54:10","slug":"ayla-isiltisi-altin-hilal-nakisli-abaya","status":"publish","type":"product","link":"https:\/\/mod.wisdar.net\/tr\/urun\/ayla-isiltisi-altin-hilal-nakisli-abaya\/","title":{"rendered":"Ayla I\u015f\u0131lt\u0131s\u0131 | Alt\u0131n Hilal Nak\u0131\u015fl\u0131 Abaya"},"content":{"rendered":"<p>Zarif duru\u015fu ve s\u0131rt k\u0131sm\u0131ndaki ta\u015fl\u0131-alt\u0131n hilal detay\u0131yla, \u00f6zel g\u00fcnlerde ve Ramazan kombinlerinde \u015f\u0131k bir tamamlay\u0131c\u0131.<\/p>\n<p>\u00d6zellikler<\/p>\n<p>Kuma\u015f: Dubai Polyester<\/p>\n<p>Detay: S\u0131rt k\u0131sm\u0131nda g\u00f6steri\u015fli alt\u0131n hilal &amp; sark\u0131t i\u015flemeler<\/p>\n<p>Kol u\u00e7lar\u0131nda uyumlu alt\u0131n nak\u0131\u015f detay\u0131<\/p>\n<p>Rahat ve d\u00f6k\u00fcml\u00fc kal\u0131p<\/p>\n<p>\u00dcr\u00fcn boyu (uzunluk): 145 cm<\/p>\n<p>Beden: Standart<\/p>\n<p>Beden &amp; Kal\u0131p<\/p>\n<p>Modelin \u00fczerindeki beden: Standart<\/p>\n<p>Rahat kal\u0131p oldu\u011fu i\u00e7in i\u00e7 kombinlerle kolayca kullan\u0131l\u0131r.<\/p>\n<p>Paket \u0130\u00e7eri\u011fi<\/p>\n<p>Tek par\u00e7a d\u0131\u015f abaya olarak tasarlanm\u0131\u015ft\u0131r.<\/p>\n<p>\u0130\u00e7 elbise\/fistan dahil de\u011fildir.<\/p>\n","protected":false},"excerpt":{"rendered":"<p>Zarif duru\u015fu ve s\u0131rt k\u0131sm\u0131ndaki ta\u015fl\u0131-alt\u0131n hilal detay\u0131yla, \u00f6zel g\u00fcnlerde ve Ramazan kombinlerinde \u015f\u0131k bir tamamlay\u0131c\u0131. \u00d6zellikler Kuma\u015f: Dubai Polyester Detay: S\u0131rt k\u0131sm\u0131nda g\u00f6steri\u015fli alt\u0131n hilal &amp; sark\u0131t i\u015flemeler Kol u\u00e7lar\u0131nda uyumlu alt\u0131n nak\u0131\u015f detay\u0131 Rahat ve d\u00f6k\u00fcml\u00fc kal\u0131p \u00dcr\u00fcn boyu (uzunluk): 145 cm Beden: Standart Beden &amp; Kal\u0131p Modelin \u00fczerindeki beden: Standart Rahat kal\u0131p [&hellip;]<\/p>\n","protected":false},"featured_media":172273,"comment_status":"open","ping_status":"closed","template":"","meta":[],"product_brand":[],"product_cat":[4028],"product_tag":[8298,5012,6772],"class_list":{"0":"post-172293","1":"product","2":"type-product","3":"status-publish","4":"has-post-thumbnail","6":"product_cat-abaya","7":"product_tag-abaya","8":"product_tag-elegant","9":"product_tag-ozel-gun","10":"pa_brand-leyla-e-store","11":"pa_color-bej","12":"pa_color-beyaz","13":"pa_color-haki-yesili","14":"pa_color-kahverengi","15":"pa_color-pudra","16":"pa_color-siyah","17":"pa_size-standart","19":"first","20":"outofstock","21":"shipping-taxable","22":"product-type-variable"},"_links":{"self":[{"href":"https:\/\/mod.wisdar.net\/tr\/wp-json\/wp\/v2\/product\/172293","targetHints":{"allow":["GET"]}}],"collection":[{"href":"https:\/\/mod.wisdar.net\/tr\/wp-json\/wp\/v2\/product"}],"about":[{"href":"https:\/\/mod.wisdar.net\/tr\/wp-json\/wp\/v2\/types\/product"}],"replies":[{"embeddable":true,"href":"https:\/\/mod.wisdar.net\/tr\/wp-json\/wp\/v2\/comments?post=172293"}],"wp:featuredmedia":[{"embeddable":true,"href":"https:\/\/mod.wisdar.net\/tr\/wp-json\/wp\/v2\/media\/172273"}],"wp:attachment":[{"href":"https:\/\/mod.wisdar.net\/tr\/wp-json\/wp\/v2\/media?parent=172293"}],"wp:term":[{"taxonomy":"product_brand","embeddable":true,"href":"https:\/\/mod.wisdar.net\/tr\/wp-json\/wp\/v2\/product_brand?post=172293"},{"taxonomy":"product_cat","embeddable":true,"href":"https:\/\/mod.wisdar.net\/tr\/wp-json\/wp\/v2\/product_cat?post=172293"},{"taxonomy":"product_tag","embeddable":true,"href":"https:\/\/mod.wisdar.net\/tr\/wp-json\/wp\/v2\/product_tag?post=172293"}],"curies":[{"name":"wp","href":"https:\/\/api.w.org\/{rel}","templated":true}]}}