{"id":17264,"date":"2025-11-02T13:01:06","date_gmt":"2025-11-02T13:01:06","guid":{"rendered":"https:\/\/modesthanim.com\/product\/v-yaka-kemerli-jakar-jile-indigo\/"},"modified":"2026-04-10T18:21:01","modified_gmt":"2026-04-10T18:21:01","slug":"v-yaka-kemerli-jakar-jile-indigo","status":"publish","type":"product","link":"https:\/\/mod.wisdar.net\/tr\/urun\/v-yaka-kemerli-jakar-jile-indigo\/","title":{"rendered":"V Yaka Kemerli Jakar Jile \u2013 \u0130ndigo"},"content":{"rendered":"<p>Jakar kuma\u015f\u0131n asil duru\u015funu V yaka kesimiyle bulu\u015fturan bu jile, bel k\u0131sm\u0131ndaki kemer detay\u0131yla silueti zarif\u00e7e vurguluyor.<\/p>\n<p>Kuma\u015f \u0130\u00e7eri\u011fi: %58 Lyocell, %42 Viskon<br \/>\nDesen: Soyut Desen<br \/>\nYaka Tipi: V Yaka<br \/>\nKol Tipi: Kolsuz<br \/>\nCep: Cepsiz<br \/>\nAstar: Astars\u0131z<br \/>\n\u00dcr\u00fcn Boyu: 135 cm<br \/>\nKal\u0131p Tipi: Normal Kal\u0131p<br \/>\nMankenin Giydi\u011fi Beden: 38<br \/>\nManken \u00d6l\u00e7\u00fcleri: Boy: 175 cm G\u00f6\u011f\u00fcs: 80 cm Bel: 62 cm Basen: 89 cm<\/p>\n<p>\u2014 Technical Details \u2014<br \/>\nDesen: Soyut Desen<br \/>\nYaka Tipi: V Yaka<br \/>\nKol Tipi: Kolsuz<br \/>\nCep: Cepsiz<br \/>\nAstar: Astars\u0131z<br \/>\n\u00dcr\u00fcn Boyu: 135 cm<br \/>\nKal\u0131p Tipi: Normal Kal\u0131p<br \/>\nMankenin Giydi\u011fi Beden: 38<br \/>\nManken \u00d6l\u00e7\u00fcleri: Boy: 175 cm, G\u00f6\u011f\u00fcs: 80 cm, Bel: 62 cm, Basen: 89 cm<\/p>\n","protected":false},"excerpt":{"rendered":"<p>Jakar kuma\u015f\u0131n asil duru\u015funu V yaka kesimiyle bulu\u015fturan bu jile, bel k\u0131sm\u0131ndaki kemer detay\u0131yla silueti zarif\u00e7e vurguluyor. Kuma\u015f \u0130\u00e7eri\u011fi: %58 Lyocell, %42 Viskon Desen: Soyut Desen Yaka Tipi: V Yaka Kol Tipi: Kolsuz Cep: Cepsiz Astar: Astars\u0131z \u00dcr\u00fcn Boyu: 135 cm Kal\u0131p Tipi: Normal Kal\u0131p Mankenin Giydi\u011fi Beden: 38 Manken \u00d6l\u00e7\u00fcleri: Boy: 175 cm G\u00f6\u011f\u00fcs: [&hellip;]<\/p>\n","protected":false},"featured_media":17233,"comment_status":"open","ping_status":"closed","template":"","meta":[],"product_brand":[],"product_cat":[1909,2053],"product_tag":[61,3199,3076,3595,3034],"class_list":{"0":"post-17264","1":"product","2":"type-product","3":"status-publish","4":"has-post-thumbnail","6":"product_cat-bluzlar-ve-gomlekler","7":"product_cat-yelekler-yelekler","8":"product_tag-fashion","9":"product_tag-jacquard","10":"product_tag-sleeveless","11":"product_tag-v-neck","12":"product_tag-vest","13":"pa_brand-tugba","14":"pa_color-indigo","15":"pa_size-4706","16":"pa_size-4711","17":"pa_size-4713","18":"pa_size-4751","20":"first","21":"outofstock","22":"shipping-taxable","23":"product-type-variable"},"_links":{"self":[{"href":"https:\/\/mod.wisdar.net\/tr\/wp-json\/wp\/v2\/product\/17264","targetHints":{"allow":["GET"]}}],"collection":[{"href":"https:\/\/mod.wisdar.net\/tr\/wp-json\/wp\/v2\/product"}],"about":[{"href":"https:\/\/mod.wisdar.net\/tr\/wp-json\/wp\/v2\/types\/product"}],"replies":[{"embeddable":true,"href":"https:\/\/mod.wisdar.net\/tr\/wp-json\/wp\/v2\/comments?post=17264"}],"wp:featuredmedia":[{"embeddable":true,"href":"https:\/\/mod.wisdar.net\/tr\/wp-json\/wp\/v2\/media\/17233"}],"wp:attachment":[{"href":"https:\/\/mod.wisdar.net\/tr\/wp-json\/wp\/v2\/media?parent=17264"}],"wp:term":[{"taxonomy":"product_brand","embeddable":true,"href":"https:\/\/mod.wisdar.net\/tr\/wp-json\/wp\/v2\/product_brand?post=17264"},{"taxonomy":"product_cat","embeddable":true,"href":"https:\/\/mod.wisdar.net\/tr\/wp-json\/wp\/v2\/product_cat?post=17264"},{"taxonomy":"product_tag","embeddable":true,"href":"https:\/\/mod.wisdar.net\/tr\/wp-json\/wp\/v2\/product_tag?post=17264"}],"curies":[{"name":"wp","href":"https:\/\/api.w.org\/{rel}","templated":true}]}}