{"id":17368,"date":"2025-11-07T20:16:06","date_gmt":"2025-11-02T13:04:39","guid":{"rendered":"https:\/\/modesthanim.com\/product\/bordo-ceket-ve-etek-takimi\/"},"modified":"2026-04-02T21:33:16","modified_gmt":"2026-04-02T21:33:16","slug":"bordo-ceket-ve-etek-takimi","status":"publish","type":"product","link":"https:\/\/mod.wisdar.net\/tr\/urun\/bordo-ceket-ve-etek-takimi\/","title":{"rendered":"Bordo Ceket ve Etek Tak\u0131m\u0131"},"content":{"rendered":"<p>Malzeme: PAMUK<\/p>\n<p>Renkler, ayd\u0131nlatma farkl\u0131l\u0131klar\u0131 nedeniyle konsept \u00e7ekimlerinde farkl\u0131l\u0131k g\u00f6sterebilir.<\/p>\n<p>Model \u00d6l\u00e7\u00fcmleri: Boy: 170cm<\/p>\n<p>\u00dcr\u00fcn Uzunlu\u011fu: 130cm<\/p>\n<p>Numune Bedeni: 36\/S<\/p>\n<p>Y\u0131kama: S\u0131cakta (40C veya 105F) makinede y\u0131kanabilir,<\/p>\n<p>Normal ayarlarda kurutma yap\u0131labilir,<\/p>\n<p>D\u00fc\u015f\u00fck \u0131s\u0131da buharl\u0131 veya kuru \u00fct\u00fcleme yap\u0131labilir,<\/p>\n<p>Kuru temizleme m\u00fcmk\u00fcnd\u00fcr.<\/p>\n","protected":false},"excerpt":{"rendered":"<p>Malzeme: PAMUK Renkler, ayd\u0131nlatma farkl\u0131l\u0131klar\u0131 nedeniyle konsept \u00e7ekimlerinde farkl\u0131l\u0131k g\u00f6sterebilir. Model \u00d6l\u00e7\u00fcmleri: Boy: 170cm \u00dcr\u00fcn Uzunlu\u011fu: 130cm Numune Bedeni: 36\/S Y\u0131kama: S\u0131cakta (40C veya 105F) makinede y\u0131kanabilir, Normal ayarlarda kurutma yap\u0131labilir, D\u00fc\u015f\u00fck \u0131s\u0131da buharl\u0131 veya kuru \u00fct\u00fcleme yap\u0131labilir, Kuru temizleme m\u00fcmk\u00fcnd\u00fcr.<\/p>\n","protected":false},"featured_media":0,"comment_status":"open","ping_status":"closed","template":"","meta":[],"product_brand":[],"product_cat":[1900],"product_tag":[5012,6908],"class_list":{"0":"post-17368","1":"product","2":"type-product","3":"status-publish","5":"product_cat-koordinatlar-setler","6":"product_tag-elegant","7":"product_tag-kadin-takim","8":"pa_brand-meri-store","9":"pa_size-4701","10":"pa_size-4706","11":"pa_size-4711","12":"pa_size-4713","14":"first","15":"outofstock","16":"shipping-taxable","17":"product-type-variable"},"_links":{"self":[{"href":"https:\/\/mod.wisdar.net\/tr\/wp-json\/wp\/v2\/product\/17368","targetHints":{"allow":["GET"]}}],"collection":[{"href":"https:\/\/mod.wisdar.net\/tr\/wp-json\/wp\/v2\/product"}],"about":[{"href":"https:\/\/mod.wisdar.net\/tr\/wp-json\/wp\/v2\/types\/product"}],"replies":[{"embeddable":true,"href":"https:\/\/mod.wisdar.net\/tr\/wp-json\/wp\/v2\/comments?post=17368"}],"wp:attachment":[{"href":"https:\/\/mod.wisdar.net\/tr\/wp-json\/wp\/v2\/media?parent=17368"}],"wp:term":[{"taxonomy":"product_brand","embeddable":true,"href":"https:\/\/mod.wisdar.net\/tr\/wp-json\/wp\/v2\/product_brand?post=17368"},{"taxonomy":"product_cat","embeddable":true,"href":"https:\/\/mod.wisdar.net\/tr\/wp-json\/wp\/v2\/product_cat?post=17368"},{"taxonomy":"product_tag","embeddable":true,"href":"https:\/\/mod.wisdar.net\/tr\/wp-json\/wp\/v2\/product_tag?post=17368"}],"curies":[{"name":"wp","href":"https:\/\/api.w.org\/{rel}","templated":true}]}}