{"id":174152,"date":"2026-03-14T09:02:17","date_gmt":"2026-03-14T09:02:17","guid":{"rendered":"https:\/\/modesthanim.com\/product\/emosh-britli-dugmeli-uzun-tunik-kahverengi\/"},"modified":"2026-04-12T02:31:51","modified_gmt":"2026-04-12T02:31:51","slug":"emosh-britli-dugmeli-uzun-tunik-kahverengi","status":"publish","type":"product","link":"https:\/\/mod.wisdar.net\/tr\/urun\/emosh-britli-dugmeli-uzun-tunik-kahverengi\/","title":{"rendered":"Emosh Britli D\u00fc\u011fmeli Uzun Tunik KAHVERENG\u0130"},"content":{"rendered":"<p>G\u00f6mlek yakal\u0131 \u00f6nden britli kaplama d\u00fc\u011fmeli ve kuma\u015f kaplama kemerli tek cepli uzun tunik.<\/p>\n<p>\u2014 Technical Details \u2014<br \/>\nKuma\u015f: LYOCELL<br \/>\nKar\u0131\u015f\u0131m: %70 LYOCELL %30 VISCOSE<\/p>\n","protected":false},"excerpt":{"rendered":"<p>G\u00f6mlek yakal\u0131 \u00f6nden britli kaplama d\u00fc\u011fmeli ve kuma\u015f kaplama kemerli tek cepli uzun tunik. \u2014 Technical Details \u2014 Kuma\u015f: LYOCELL Kar\u0131\u015f\u0131m: %70 LYOCELL %30 VISCOSE<\/p>\n","protected":false},"featured_media":174143,"comment_status":"open","ping_status":"closed","template":"","meta":[],"product_brand":[],"product_cat":[2050],"product_tag":[10995,11824,3510,11825,3012],"class_list":{"0":"post-174152","1":"product","2":"type-product","3":"status-publish","4":"has-post-thumbnail","6":"product_cat-blazer-ceketler","7":"product_tag-brown-tunic","8":"product_tag-buttoned-tunic","9":"product_tag-long-tunic","10":"product_tag-lyocell-tunic","11":"product_tag-tunic","12":"pa_brand-hilay","13":"pa_color-kahverengi","14":"pa_size-4446","15":"pa_size-4463","16":"pa_size-4680","18":"first","19":"outofstock","20":"shipping-taxable","21":"product-type-variable"},"_links":{"self":[{"href":"https:\/\/mod.wisdar.net\/tr\/wp-json\/wp\/v2\/product\/174152","targetHints":{"allow":["GET"]}}],"collection":[{"href":"https:\/\/mod.wisdar.net\/tr\/wp-json\/wp\/v2\/product"}],"about":[{"href":"https:\/\/mod.wisdar.net\/tr\/wp-json\/wp\/v2\/types\/product"}],"replies":[{"embeddable":true,"href":"https:\/\/mod.wisdar.net\/tr\/wp-json\/wp\/v2\/comments?post=174152"}],"wp:featuredmedia":[{"embeddable":true,"href":"https:\/\/mod.wisdar.net\/tr\/wp-json\/wp\/v2\/media\/174143"}],"wp:attachment":[{"href":"https:\/\/mod.wisdar.net\/tr\/wp-json\/wp\/v2\/media?parent=174152"}],"wp:term":[{"taxonomy":"product_brand","embeddable":true,"href":"https:\/\/mod.wisdar.net\/tr\/wp-json\/wp\/v2\/product_brand?post=174152"},{"taxonomy":"product_cat","embeddable":true,"href":"https:\/\/mod.wisdar.net\/tr\/wp-json\/wp\/v2\/product_cat?post=174152"},{"taxonomy":"product_tag","embeddable":true,"href":"https:\/\/mod.wisdar.net\/tr\/wp-json\/wp\/v2\/product_tag?post=174152"}],"curies":[{"name":"wp","href":"https:\/\/api.w.org\/{rel}","templated":true}]}}