{"id":174198,"date":"2026-03-14T09:03:11","date_gmt":"2026-03-14T09:03:11","guid":{"rendered":"https:\/\/modesthanim.com\/product\/rio-allerli-cepli-uzun-tunik-lacivert\/"},"modified":"2026-04-05T02:04:46","modified_gmt":"2026-04-05T02:04:46","slug":"rio-allerli-cepli-uzun-tunik-lacivert","status":"publish","type":"product","link":"https:\/\/mod.wisdar.net\/tr\/urun\/rio-allerli-cepli-uzun-tunik-lacivert\/","title":{"rendered":"Rio Allerli Cepli Uzun Tunik LAC\u0130VERT"},"content":{"rendered":"<p>\u2014 Technical Details \u2014<br \/>\nKuma\u015f: LYOCELL<br \/>\nKar\u0131\u015f\u0131m: %47 LYOCELL %27 VISCOSE %26 LINEN<\/p>\n","protected":false},"excerpt":{"rendered":"<p>\u2014 Technical Details \u2014 Kuma\u015f: LYOCELL Kar\u0131\u015f\u0131m: %47 LYOCELL %27 VISCOSE %26 LINEN<\/p>\n","protected":false},"featured_media":174192,"comment_status":"open","ping_status":"closed","template":"","meta":[],"product_brand":[],"product_cat":[2050],"product_tag":[8048,6905,6744],"class_list":{"0":"post-174198","1":"product","2":"type-product","3":"status-publish","4":"has-post-thumbnail","6":"product_cat-blazer-ceketler","7":"product_tag-cep-detayi","8":"product_tag-gunluk-sik","9":"product_tag-kadin-modasi","10":"pa_brand-hilay","11":"pa_color-lacivert","12":"pa_size-4446","13":"pa_size-4463","14":"pa_size-4680","15":"pa_size-4694","16":"pa_size-10592","18":"first","19":"instock","20":"sale","21":"shipping-taxable","22":"purchasable","23":"product-type-variable"},"_links":{"self":[{"href":"https:\/\/mod.wisdar.net\/tr\/wp-json\/wp\/v2\/product\/174198","targetHints":{"allow":["GET"]}}],"collection":[{"href":"https:\/\/mod.wisdar.net\/tr\/wp-json\/wp\/v2\/product"}],"about":[{"href":"https:\/\/mod.wisdar.net\/tr\/wp-json\/wp\/v2\/types\/product"}],"replies":[{"embeddable":true,"href":"https:\/\/mod.wisdar.net\/tr\/wp-json\/wp\/v2\/comments?post=174198"}],"wp:featuredmedia":[{"embeddable":true,"href":"https:\/\/mod.wisdar.net\/tr\/wp-json\/wp\/v2\/media\/174192"}],"wp:attachment":[{"href":"https:\/\/mod.wisdar.net\/tr\/wp-json\/wp\/v2\/media?parent=174198"}],"wp:term":[{"taxonomy":"product_brand","embeddable":true,"href":"https:\/\/mod.wisdar.net\/tr\/wp-json\/wp\/v2\/product_brand?post=174198"},{"taxonomy":"product_cat","embeddable":true,"href":"https:\/\/mod.wisdar.net\/tr\/wp-json\/wp\/v2\/product_cat?post=174198"},{"taxonomy":"product_tag","embeddable":true,"href":"https:\/\/mod.wisdar.net\/tr\/wp-json\/wp\/v2\/product_tag?post=174198"}],"curies":[{"name":"wp","href":"https:\/\/api.w.org\/{rel}","templated":true}]}}