{"id":17473,"date":"2025-11-02T13:06:41","date_gmt":"2025-11-02T13:06:41","guid":{"rendered":"https:\/\/modesthanim.com\/product\/kadinlar-icin-fermuar-detayli-takim-14403tkm-siyah\/"},"modified":"2026-04-03T18:11:40","modified_gmt":"2026-04-03T18:11:40","slug":"kadinlar-icin-fermuar-detayli-takim-14403tkm-siyah","status":"publish","type":"product","link":"https:\/\/mod.wisdar.net\/tr\/urun\/kadinlar-icin-fermuar-detayli-takim-14403tkm-siyah\/","title":{"rendered":"Kad\u0131nlar \u0130\u00e7in Fermuar Detayl\u0131 Tak\u0131m \u2013 14403TKM \u2013 S\u0130YAH"},"content":{"rendered":"<p>Minimalist tasar\u0131m\u0131 ve fermuar detaylar\u0131 ile bu tak\u0131m, modern ve rahat bir stil sunar. Yumu\u015fak dokusu t\u00fcm g\u00fcn konfor sa\u011flarken, basit \u015f\u0131kl\u0131\u011f\u0131 her k\u0131yafetle uyum sa\u011flar.<\/p>\n<p>\u2014 Teknik Detaylar \u2014<br \/>\nKuma\u015f: Dokuma<br \/>\nUzunluk: Uzun<br \/>\nKal\u0131p: Normal<br \/>\nBel: Lastikli<br \/>\nYa\u015f Grubu: Yeti\u015fkin<br \/>\nDesen: D\u00fcz<\/p>\n","protected":false},"excerpt":{"rendered":"<p>Minimalist tasar\u0131m\u0131 ve fermuar detaylar\u0131 ile bu tak\u0131m, modern ve rahat bir stil sunar. Yumu\u015fak dokusu t\u00fcm g\u00fcn konfor sa\u011flarken, basit \u015f\u0131kl\u0131\u011f\u0131 her k\u0131yafetle uyum sa\u011flar. \u2014 Teknik Detaylar \u2014 Kuma\u015f: Dokuma Uzunluk: Uzun Kal\u0131p: Normal Bel: Lastikli Ya\u015f Grubu: Yeti\u015fkin Desen: D\u00fcz<\/p>\n","protected":false},"featured_media":0,"comment_status":"open","ping_status":"closed","template":"","meta":[],"product_brand":[],"product_cat":[],"product_tag":[],"class_list":{"0":"post-17473","1":"product","2":"type-product","3":"status-publish","6":"first","7":"instock","8":"sale","9":"shipping-taxable","10":"purchasable","11":"product-type-variable"},"_links":{"self":[{"href":"https:\/\/mod.wisdar.net\/tr\/wp-json\/wp\/v2\/product\/17473","targetHints":{"allow":["GET"]}}],"collection":[{"href":"https:\/\/mod.wisdar.net\/tr\/wp-json\/wp\/v2\/product"}],"about":[{"href":"https:\/\/mod.wisdar.net\/tr\/wp-json\/wp\/v2\/types\/product"}],"replies":[{"embeddable":true,"href":"https:\/\/mod.wisdar.net\/tr\/wp-json\/wp\/v2\/comments?post=17473"}],"wp:attachment":[{"href":"https:\/\/mod.wisdar.net\/tr\/wp-json\/wp\/v2\/media?parent=17473"}],"wp:term":[{"taxonomy":"product_brand","embeddable":true,"href":"https:\/\/mod.wisdar.net\/tr\/wp-json\/wp\/v2\/product_brand?post=17473"},{"taxonomy":"product_cat","embeddable":true,"href":"https:\/\/mod.wisdar.net\/tr\/wp-json\/wp\/v2\/product_cat?post=17473"},{"taxonomy":"product_tag","embeddable":true,"href":"https:\/\/mod.wisdar.net\/tr\/wp-json\/wp\/v2\/product_tag?post=17473"}],"curies":[{"name":"wp","href":"https:\/\/api.w.org\/{rel}","templated":true}]}}