{"id":175666,"date":"2026-03-15T15:29:59","date_gmt":"2026-03-15T15:29:59","guid":{"rendered":"https:\/\/modesthanim.com\/product\/celestia-zarif-nakisli-abaya-takimi-4\/"},"modified":"2026-04-05T01:42:44","modified_gmt":"2026-04-05T01:42:44","slug":"celestia-zarif-nakisli-abaya-takimi-4","status":"publish","type":"product","link":"https:\/\/mod.wisdar.net\/tr\/urun\/celestia-zarif-nakisli-abaya-takimi-4\/","title":{"rendered":"Celestia | Zarif Nak\u0131\u015fl\u0131 Abaya Tak\u0131m\u0131"},"content":{"rendered":"<p>\u00dcr\u00fcn\u00fcm\u00fcz 2 par\u00e7adan olu\u015fmaktad\u0131r. \u00d6n\u00fc a\u00e7\u0131k tasar\u0131ma sahip bu zarif abaya tak\u0131m\u0131, kuma\u015f \u00fczerindeki minimal \u00e7i\u00e7ek nak\u0131\u015flar\u0131 ve yarasa kesim geni\u015f kollar\u0131yla \u015f\u0131k ve ak\u0131c\u0131 bir duru\u015f sunar. Uzun formu sayesinde hem rahat hem de zarif bir kullan\u0131m sa\u011flar. Kuma\u015f: Santiago \u0130\u00e7 Elbise \u00d6l\u00e7\u00fcleri: Boy: 141\u2013144 cm \u0130\u00e7 elbise kolsuz olarak tasarlanm\u0131\u015ft\u0131r. G\u00f6\u011f\u00fcs (1\/2): 52\u201360 cm Abaya \u00d6l\u00e7\u00fcleri: Omuzdan boy: 145\u2013147 cm Kol boyu: 58\u201360 cm St\u00fcdyo \u00e7ekimlerinde \u0131\u015f\u0131k farkl\u0131l\u0131\u011f\u0131na ba\u011fl\u0131 olarak renk tonlar\u0131nda de\u011fi\u015fiklik g\u00f6r\u00fclebilir. Manken \u00fczerindeki beden: Standart Beden Manken \u00d6l\u00e7\u00fcleri: Boy: 175 cm G\u00f6\u011f\u00fcs: 80 cm Bel: 62 cm Basen: 90 cm Her iki mankenimiz de ayn\u0131 \u00f6l\u00e7\u00fclere sahiptir.<\/p>\n","protected":false},"excerpt":{"rendered":"<p>\u00dcr\u00fcn\u00fcm\u00fcz 2 par\u00e7adan olu\u015fmaktad\u0131r. \u00d6n\u00fc a\u00e7\u0131k tasar\u0131ma sahip bu zarif abaya tak\u0131m\u0131, kuma\u015f \u00fczerindeki minimal \u00e7i\u00e7ek nak\u0131\u015flar\u0131 ve yarasa kesim geni\u015f kollar\u0131yla \u015f\u0131k ve ak\u0131c\u0131 bir duru\u015f sunar. Uzun formu sayesinde hem rahat hem de zarif bir kullan\u0131m sa\u011flar. Kuma\u015f: Santiago \u0130\u00e7 Elbise \u00d6l\u00e7\u00fcleri: Boy: 141\u2013144 cm \u0130\u00e7 elbise kolsuz olarak tasarlanm\u0131\u015ft\u0131r. G\u00f6\u011f\u00fcs (1\/2): 52\u201360 [&hellip;]<\/p>\n","protected":false},"featured_media":175630,"comment_status":"open","ping_status":"closed","template":"","meta":[],"product_brand":[],"product_cat":[4028],"product_tag":[6926,5012,7548],"class_list":{"0":"post-175666","1":"product","2":"type-product","3":"status-publish","4":"has-post-thumbnail","6":"product_cat-abaya","7":"product_tag-akiskan","8":"product_tag-elegant","9":"product_tag-mutevazi-moda","10":"pa_brand-leyla-e-store","11":"pa_color-bej","12":"pa_color-camel","13":"pa_color-siyah","14":"pa_color-yag-yesili","15":"pa_size-standart","17":"first","18":"outofstock","19":"shipping-taxable","20":"product-type-variable"},"_links":{"self":[{"href":"https:\/\/mod.wisdar.net\/tr\/wp-json\/wp\/v2\/product\/175666","targetHints":{"allow":["GET"]}}],"collection":[{"href":"https:\/\/mod.wisdar.net\/tr\/wp-json\/wp\/v2\/product"}],"about":[{"href":"https:\/\/mod.wisdar.net\/tr\/wp-json\/wp\/v2\/types\/product"}],"replies":[{"embeddable":true,"href":"https:\/\/mod.wisdar.net\/tr\/wp-json\/wp\/v2\/comments?post=175666"}],"wp:featuredmedia":[{"embeddable":true,"href":"https:\/\/mod.wisdar.net\/tr\/wp-json\/wp\/v2\/media\/175630"}],"wp:attachment":[{"href":"https:\/\/mod.wisdar.net\/tr\/wp-json\/wp\/v2\/media?parent=175666"}],"wp:term":[{"taxonomy":"product_brand","embeddable":true,"href":"https:\/\/mod.wisdar.net\/tr\/wp-json\/wp\/v2\/product_brand?post=175666"},{"taxonomy":"product_cat","embeddable":true,"href":"https:\/\/mod.wisdar.net\/tr\/wp-json\/wp\/v2\/product_cat?post=175666"},{"taxonomy":"product_tag","embeddable":true,"href":"https:\/\/mod.wisdar.net\/tr\/wp-json\/wp\/v2\/product_tag?post=175666"}],"curies":[{"name":"wp","href":"https:\/\/api.w.org\/{rel}","templated":true}]}}