{"id":175835,"date":"2026-03-15T20:23:40","date_gmt":"2026-03-15T20:23:40","guid":{"rendered":"https:\/\/modesthanim.com\/product\/mayo-kiz-cocuk\/"},"modified":"2026-03-15T20:25:27","modified_gmt":"2026-03-15T20:25:27","slug":"mayo-kiz-cocuk","status":"publish","type":"product","link":"https:\/\/mod.wisdar.net\/tr\/urun\/mayo-kiz-cocuk\/","title":{"rendered":"Mayo K\u0131z \u00c7ocuk"},"content":{"rendered":"<p>Leopar desenli tek par\u00e7a mayo, e\u011flenceli ve canl\u0131 deseniyle \u00f6ne \u00e7\u0131kar. \u0130nce ask\u0131lar\u0131 ve rahat kesimi sayesinde hem \u015f\u0131k hem de konforlu bir kullan\u0131m sa\u011flar. Dayan\u0131kl\u0131 kuma\u015f\u0131yla deniz ve havuz keyfinde uzun s\u00fcreli rahatl\u0131k sunar.<\/p>\n<p>\u2014 Technical Details \u2014<br \/>\nsize_system: EU<br \/>\nsize_group: regular<br \/>\nmeasurements: {&#8216;7\/8 Ya\u015f (128cm)&#8217;: {&#8216;\u00d6nden uzunluk&#8217;: 53, &#8216;Basen&#8217;: 29, &#8216;G\u00f6\u011f\u00fcs&#8217;: 28}, &#8216;8\/9 Ya\u015f (134cm)&#8217;: {&#8216;\u00d6nden uzunluk&#8217;: 56, &#8216;Basen&#8217;: 31, &#8216;G\u00f6\u011f\u00fcs&#8217;: 30}, &#8216;9\/10 Ya\u015f (140cm)&#8217;: {&#8216;\u00d6nden uzunluk&#8217;: 59, &#8216;Basen&#8217;: 32, &#8216;G\u00f6\u011f\u00fcs&#8217;: 31}, &#8217;11\/12 Ya\u015f (152cm)&#8217;: {&#8216;\u00d6nden uzunluk&#8217;: 63, &#8216;Basen&#8217;: 34, &#8216;G\u00f6\u011f\u00fcs&#8217;: 33}, &#8217;13\/14 Ya\u015f (164cm)&#8217;: {&#8216;\u00d6nden uzunluk&#8217;: 67, &#8216;Basen&#8217;: 36, &#8216;G\u00f6\u011f\u00fcs&#8217;: 35}}<\/p>\n","protected":false},"excerpt":{"rendered":"<p>Leopar desenli tek par\u00e7a mayo, e\u011flenceli ve canl\u0131 deseniyle \u00f6ne \u00e7\u0131kar. \u0130nce ask\u0131lar\u0131 ve rahat kesimi sayesinde hem \u015f\u0131k hem de konforlu bir kullan\u0131m sa\u011flar. Dayan\u0131kl\u0131 kuma\u015f\u0131yla deniz ve havuz keyfinde uzun s\u00fcreli rahatl\u0131k sunar. \u2014 Technical Details \u2014 size_system: EU size_group: regular measurements: {&#8216;7\/8 Ya\u015f (128cm)&#8217;: {&#8216;\u00d6nden uzunluk&#8217;: 53, &#8216;Basen&#8217;: 29, &#8216;G\u00f6\u011f\u00fcs&#8217;: 28}, &#8216;8\/9 [&hellip;]<\/p>\n","protected":false},"featured_media":175831,"comment_status":"open","ping_status":"closed","template":"","meta":[],"product_brand":[],"product_cat":[8733,8715,8694],"product_tag":[],"class_list":{"0":"post-175835","1":"product","2":"type-product","3":"status-publish","4":"has-post-thumbnail","6":"product_cat-ic-giyim","7":"product_cat-kiz-cocuklari-2-14-yas","8":"product_cat-cocuklar","9":"pa_brand-defacto","10":"pa_color-beyaz","11":"pa_size-11-12-yas-152cm","12":"pa_size-13-14-yas-164cm","13":"pa_size-7-8-yas-128cm","14":"pa_size-8-9-yas-134cm","15":"pa_size-9-10-yas-140cm","17":"first","18":"instock","19":"sale","20":"shipping-taxable","21":"purchasable","22":"product-type-variable"},"_links":{"self":[{"href":"https:\/\/mod.wisdar.net\/tr\/wp-json\/wp\/v2\/product\/175835","targetHints":{"allow":["GET"]}}],"collection":[{"href":"https:\/\/mod.wisdar.net\/tr\/wp-json\/wp\/v2\/product"}],"about":[{"href":"https:\/\/mod.wisdar.net\/tr\/wp-json\/wp\/v2\/types\/product"}],"replies":[{"embeddable":true,"href":"https:\/\/mod.wisdar.net\/tr\/wp-json\/wp\/v2\/comments?post=175835"}],"wp:featuredmedia":[{"embeddable":true,"href":"https:\/\/mod.wisdar.net\/tr\/wp-json\/wp\/v2\/media\/175831"}],"wp:attachment":[{"href":"https:\/\/mod.wisdar.net\/tr\/wp-json\/wp\/v2\/media?parent=175835"}],"wp:term":[{"taxonomy":"product_brand","embeddable":true,"href":"https:\/\/mod.wisdar.net\/tr\/wp-json\/wp\/v2\/product_brand?post=175835"},{"taxonomy":"product_cat","embeddable":true,"href":"https:\/\/mod.wisdar.net\/tr\/wp-json\/wp\/v2\/product_cat?post=175835"},{"taxonomy":"product_tag","embeddable":true,"href":"https:\/\/mod.wisdar.net\/tr\/wp-json\/wp\/v2\/product_tag?post=175835"}],"curies":[{"name":"wp","href":"https:\/\/api.w.org\/{rel}","templated":true}]}}