{"id":175872,"date":"2026-03-15T20:24:10","date_gmt":"2026-03-15T20:24:10","guid":{"rendered":"https:\/\/modesthanim.com\/product\/desenli-penye-tisort-kiz-cocuk\/"},"modified":"2026-04-05T02:25:04","modified_gmt":"2026-04-05T02:25:04","slug":"desenli-penye-tisort-kiz-cocuk","status":"publish","type":"product","link":"https:\/\/mod.wisdar.net\/tr\/urun\/desenli-penye-tisort-kiz-cocuk\/","title":{"rendered":"Desenli Penye Ti\u015f\u00f6rt K\u0131z \u00c7ocuk"},"content":{"rendered":"<p>Rahat kesimi ve esnek penye kuma\u015f\u0131yla g\u00fcn boyu konfor sa\u011flar. \u015e\u0131k say\u0131 desenleri ile kombinlere modern ve e\u011flenceli bir dokunu\u015f katar.<\/p>\n","protected":false},"excerpt":{"rendered":"<p>Rahat kesimi ve esnek penye kuma\u015f\u0131yla g\u00fcn boyu konfor sa\u011flar. \u015e\u0131k say\u0131 desenleri ile kombinlere modern ve e\u011flenceli bir dokunu\u015f katar.<\/p>\n","protected":false},"featured_media":175865,"comment_status":"open","ping_status":"closed","template":"","meta":[],"product_brand":[],"product_cat":[8715,8694,8724],"product_tag":[],"class_list":{"0":"post-175872","1":"product","2":"type-product","3":"status-publish","4":"has-post-thumbnail","6":"product_cat-kiz-cocuklari-2-14-yas","7":"product_cat-cocuklar","8":"product_cat-tisortler-bluzlar","9":"pa_brand-defacto","10":"pa_color-pembe","11":"pa_size-11-12-yas-152cm","12":"pa_size-13-14-yas-164cm","13":"pa_size-7-8-yas-128cm","14":"pa_size-8-9-yas-134cm","15":"pa_size-9-10-yas-140cm","17":"first","18":"instock","19":"sale","20":"shipping-taxable","21":"purchasable","22":"product-type-variable"},"_links":{"self":[{"href":"https:\/\/mod.wisdar.net\/tr\/wp-json\/wp\/v2\/product\/175872","targetHints":{"allow":["GET"]}}],"collection":[{"href":"https:\/\/mod.wisdar.net\/tr\/wp-json\/wp\/v2\/product"}],"about":[{"href":"https:\/\/mod.wisdar.net\/tr\/wp-json\/wp\/v2\/types\/product"}],"replies":[{"embeddable":true,"href":"https:\/\/mod.wisdar.net\/tr\/wp-json\/wp\/v2\/comments?post=175872"}],"wp:featuredmedia":[{"embeddable":true,"href":"https:\/\/mod.wisdar.net\/tr\/wp-json\/wp\/v2\/media\/175865"}],"wp:attachment":[{"href":"https:\/\/mod.wisdar.net\/tr\/wp-json\/wp\/v2\/media?parent=175872"}],"wp:term":[{"taxonomy":"product_brand","embeddable":true,"href":"https:\/\/mod.wisdar.net\/tr\/wp-json\/wp\/v2\/product_brand?post=175872"},{"taxonomy":"product_cat","embeddable":true,"href":"https:\/\/mod.wisdar.net\/tr\/wp-json\/wp\/v2\/product_cat?post=175872"},{"taxonomy":"product_tag","embeddable":true,"href":"https:\/\/mod.wisdar.net\/tr\/wp-json\/wp\/v2\/product_tag?post=175872"}],"curies":[{"name":"wp","href":"https:\/\/api.w.org\/{rel}","templated":true}]}}