{"id":175910,"date":"2026-03-15T20:24:40","date_gmt":"2026-03-15T20:24:40","guid":{"rendered":"https:\/\/modesthanim.com\/product\/fitilli-kaskorse-2li-elbise-kiz-cocuk\/"},"modified":"2026-04-05T02:43:22","modified_gmt":"2026-04-05T02:43:22","slug":"fitilli-kaskorse-2li-elbise-kiz-cocuk","status":"publish","type":"product","link":"https:\/\/mod.wisdar.net\/tr\/urun\/fitilli-kaskorse-2li-elbise-kiz-cocuk\/","title":{"rendered":"Fitilli Ka\u015fkorse 2&#8217;li Elbise K\u0131z \u00c7ocuk"},"content":{"rendered":"<p>K\u0131z \u00e7ocuk fitilli ka\u015fkorse 2\u2019li elbise, yumu\u015fak ve esnek kuma\u015f\u0131yla g\u00fcn boyu konfor sa\u011flar.<\/p>\n<p>\u2014 Technical Details \u2014<br \/>\nKuma\u015f: Fitilli Ka\u015fkorse<br \/>\nTak\u0131m \u0130\u00e7eri\u011fi: 2&#8217;li<br \/>\nKol Boyu: Yar\u0131m Kollu<br \/>\nKal\u0131p: Regular F\u0131t<br \/>\n\u00d6zel \u00dcr\u00fcn: Trend<br \/>\nCinsiyet: K\u0131z \u00c7ocuk<br \/>\nMarka: Defacto<br \/>\nMen\u015fei: TR<br \/>\n\u00dcr\u00fcn Grubu: K\u0131z \u00c7ocuk \u2013 Gen\u00e7 K\u0131z Elbise<\/p>\n","protected":false},"excerpt":{"rendered":"<p>K\u0131z \u00e7ocuk fitilli ka\u015fkorse 2\u2019li elbise, yumu\u015fak ve esnek kuma\u015f\u0131yla g\u00fcn boyu konfor sa\u011flar. \u2014 Technical Details \u2014 Kuma\u015f: Fitilli Ka\u015fkorse Tak\u0131m \u0130\u00e7eri\u011fi: 2&#8217;li Kol Boyu: Yar\u0131m Kollu Kal\u0131p: Regular F\u0131t \u00d6zel \u00dcr\u00fcn: Trend Cinsiyet: K\u0131z \u00c7ocuk Marka: Defacto Men\u015fei: TR \u00dcr\u00fcn Grubu: K\u0131z \u00c7ocuk \u2013 Gen\u00e7 K\u0131z Elbise<\/p>\n","protected":false},"featured_media":175905,"comment_status":"open","ping_status":"closed","template":"","meta":[],"product_brand":[],"product_cat":[8721,8715,8694],"product_tag":[11833,11831,11832,11834],"class_list":{"0":"post-175910","1":"product","2":"type-product","3":"status-publish","4":"has-post-thumbnail","6":"product_cat-kiz-cocuk-takimlari","7":"product_cat-kiz-cocuklari-2-14-yas","8":"product_cat-cocuklar","9":"product_tag-girls-teen-girl-ribbed-tank-top-2-piece-dress-set","10":"product_tag-purple-girls-teen-girl-ribbed-tank-top-2-piece-dress-set","11":"product_tag-purple-ribbed-tank-top-2-piece-dress-set","12":"product_tag-ribbed-tank-top-2-piece-dress-set","13":"pa_brand-defacto","14":"pa_color-siyah","15":"pa_size-11-12-yas-152cm","16":"pa_size-13-14-yas-164cm","17":"pa_size-5-6-yas-116cm","18":"pa_size-7-8-yas-128cm","19":"pa_size-8-9-yas-134cm","20":"pa_size-9-10-yas-140cm","22":"first","23":"outofstock","24":"shipping-taxable","25":"product-type-variable"},"_links":{"self":[{"href":"https:\/\/mod.wisdar.net\/tr\/wp-json\/wp\/v2\/product\/175910","targetHints":{"allow":["GET"]}}],"collection":[{"href":"https:\/\/mod.wisdar.net\/tr\/wp-json\/wp\/v2\/product"}],"about":[{"href":"https:\/\/mod.wisdar.net\/tr\/wp-json\/wp\/v2\/types\/product"}],"replies":[{"embeddable":true,"href":"https:\/\/mod.wisdar.net\/tr\/wp-json\/wp\/v2\/comments?post=175910"}],"wp:featuredmedia":[{"embeddable":true,"href":"https:\/\/mod.wisdar.net\/tr\/wp-json\/wp\/v2\/media\/175905"}],"wp:attachment":[{"href":"https:\/\/mod.wisdar.net\/tr\/wp-json\/wp\/v2\/media?parent=175910"}],"wp:term":[{"taxonomy":"product_brand","embeddable":true,"href":"https:\/\/mod.wisdar.net\/tr\/wp-json\/wp\/v2\/product_brand?post=175910"},{"taxonomy":"product_cat","embeddable":true,"href":"https:\/\/mod.wisdar.net\/tr\/wp-json\/wp\/v2\/product_cat?post=175910"},{"taxonomy":"product_tag","embeddable":true,"href":"https:\/\/mod.wisdar.net\/tr\/wp-json\/wp\/v2\/product_tag?post=175910"}],"curies":[{"name":"wp","href":"https:\/\/api.w.org\/{rel}","templated":true}]}}