{"id":175962,"date":"2026-03-15T20:25:54","date_gmt":"2026-03-15T20:25:54","guid":{"rendered":"https:\/\/modesthanim.com\/product\/mayo-kiz-cocuk-2\/"},"modified":"2026-03-15T20:26:16","modified_gmt":"2026-03-15T20:26:16","slug":"mayo-kiz-cocuk-2","status":"publish","type":"product","link":"https:\/\/mod.wisdar.net\/tr\/urun\/mayo-kiz-cocuk-2\/","title":{"rendered":"Mayo K\u0131z \u00c7ocuk"},"content":{"rendered":"<p>Tek omuz kesim mayo, \u015f\u0131k ve modern tasar\u0131m\u0131yla dikkat \u00e7eker. Canl\u0131 mint ye\u015fili rengi ve \u00e7i\u00e7ek desenli ba\u011flama detay\u0131yla enerjik bir hava katar. Rahat kesimi ve kaliteli kuma\u015f\u0131 sayesinde deniz ve havuz keyfini konforlu hale getirir.<\/p>\n<p>\u2014 Technical Details \u2014<br \/>\nsize_system: EU<br \/>\nsize_group: regular<br \/>\ngender: K\u0131z \u00c7ocuk<br \/>\npattern: Regular F\u0131t<br \/>\norigin: TR<br \/>\nproduct_group: K\u0131z \u00c7ocuk \u2013 Gen\u00e7 K\u0131z Y\u00fczme Giyim<\/p>\n","protected":false},"excerpt":{"rendered":"<p>Tek omuz kesim mayo, \u015f\u0131k ve modern tasar\u0131m\u0131yla dikkat \u00e7eker. Canl\u0131 mint ye\u015fili rengi ve \u00e7i\u00e7ek desenli ba\u011flama detay\u0131yla enerjik bir hava katar. Rahat kesimi ve kaliteli kuma\u015f\u0131 sayesinde deniz ve havuz keyfini konforlu hale getirir. \u2014 Technical Details \u2014 size_system: EU size_group: regular gender: K\u0131z \u00c7ocuk pattern: Regular F\u0131t origin: TR product_group: K\u0131z \u00c7ocuk [&hellip;]<\/p>\n","protected":false},"featured_media":175958,"comment_status":"open","ping_status":"closed","template":"","meta":[],"product_brand":[],"product_cat":[8733,8715,8694],"product_tag":[],"class_list":{"0":"post-175962","1":"product","2":"type-product","3":"status-publish","4":"has-post-thumbnail","6":"product_cat-ic-giyim","7":"product_cat-kiz-cocuklari-2-14-yas","8":"product_cat-cocuklar","9":"pa_brand-defacto","10":"pa_size-11-12-yas-152cm","11":"pa_size-13-14-yas-164cm","12":"pa_size-7-8-yas-128cm","13":"pa_size-8-9-yas-134cm","14":"pa_size-9-10-yas-140cm","16":"first","17":"instock","18":"sale","19":"shipping-taxable","20":"purchasable","21":"product-type-variable"},"_links":{"self":[{"href":"https:\/\/mod.wisdar.net\/tr\/wp-json\/wp\/v2\/product\/175962","targetHints":{"allow":["GET"]}}],"collection":[{"href":"https:\/\/mod.wisdar.net\/tr\/wp-json\/wp\/v2\/product"}],"about":[{"href":"https:\/\/mod.wisdar.net\/tr\/wp-json\/wp\/v2\/types\/product"}],"replies":[{"embeddable":true,"href":"https:\/\/mod.wisdar.net\/tr\/wp-json\/wp\/v2\/comments?post=175962"}],"wp:featuredmedia":[{"embeddable":true,"href":"https:\/\/mod.wisdar.net\/tr\/wp-json\/wp\/v2\/media\/175958"}],"wp:attachment":[{"href":"https:\/\/mod.wisdar.net\/tr\/wp-json\/wp\/v2\/media?parent=175962"}],"wp:term":[{"taxonomy":"product_brand","embeddable":true,"href":"https:\/\/mod.wisdar.net\/tr\/wp-json\/wp\/v2\/product_brand?post=175962"},{"taxonomy":"product_cat","embeddable":true,"href":"https:\/\/mod.wisdar.net\/tr\/wp-json\/wp\/v2\/product_cat?post=175962"},{"taxonomy":"product_tag","embeddable":true,"href":"https:\/\/mod.wisdar.net\/tr\/wp-json\/wp\/v2\/product_tag?post=175962"}],"curies":[{"name":"wp","href":"https:\/\/api.w.org\/{rel}","templated":true}]}}