{"id":175969,"date":"2026-03-15T20:26:01","date_gmt":"2026-03-15T20:26:01","guid":{"rendered":"https:\/\/modesthanim.com\/product\/elbise-kiz-cocuk\/"},"modified":"2026-03-15T20:26:17","modified_gmt":"2026-03-15T20:26:17","slug":"elbise-kiz-cocuk","status":"publish","type":"product","link":"https:\/\/mod.wisdar.net\/tr\/urun\/elbise-kiz-cocuk\/","title":{"rendered":"Elbise K\u0131z \u00c7ocuk"},"content":{"rendered":"<p>Sade ve zarif tasar\u0131m\u0131yla \u00f6ne \u00e7\u0131kan elbise, g\u00fcnl\u00fck kullan\u0131m ve \u00f6zel g\u00fcnler i\u00e7in \u015f\u0131k bir se\u00e7enek olu\u015fturur. Krem rengi sayesinde farkl\u0131 kombinlerle kolayca uyum sa\u011flar.<\/p>\n<p>\u2014 Technical Details \u2014<br \/>\nmodel_measurements: 9\/10 Ya\u015f (140cm) Beden \u2013 1,24cm \u2013 62\/53\/73<br \/>\ncountry_of_origin: TR<br \/>\nproduct_group: K\u0131z \u00c7ocuk \u2013 Gen\u00e7 K\u0131z Elbise<br \/>\nspecial_product: Trend<br \/>\nsleeve_length: Yar\u0131m Kollu<br \/>\nfit: Regular F\u0131t<br \/>\nproduct_type: Elbise<br \/>\ngender: K\u0131z \u00c7ocuk<\/p>\n","protected":false},"excerpt":{"rendered":"<p>Sade ve zarif tasar\u0131m\u0131yla \u00f6ne \u00e7\u0131kan elbise, g\u00fcnl\u00fck kullan\u0131m ve \u00f6zel g\u00fcnler i\u00e7in \u015f\u0131k bir se\u00e7enek olu\u015fturur. Krem rengi sayesinde farkl\u0131 kombinlerle kolayca uyum sa\u011flar. \u2014 Technical Details \u2014 model_measurements: 9\/10 Ya\u015f (140cm) Beden \u2013 1,24cm \u2013 62\/53\/73 country_of_origin: TR product_group: K\u0131z \u00c7ocuk \u2013 Gen\u00e7 K\u0131z Elbise special_product: Trend sleeve_length: Yar\u0131m Kollu fit: Regular F\u0131t [&hellip;]<\/p>\n","protected":false},"featured_media":175961,"comment_status":"open","ping_status":"closed","template":"","meta":[],"product_brand":[],"product_cat":[8718,8715,8694],"product_tag":[],"class_list":{"0":"post-175969","1":"product","2":"type-product","3":"status-publish","4":"has-post-thumbnail","6":"product_cat-elbiseler-etekler","7":"product_cat-kiz-cocuklari-2-14-yas","8":"product_cat-cocuklar","9":"pa_brand-defacto","10":"pa_color-ekru","11":"pa_size-11-12-yas-152cm","12":"pa_size-13-14-yas-164cm","13":"pa_size-5-6-yas-116cm","14":"pa_size-7-8-yas-128cm","15":"pa_size-8-9-yas-134cm","16":"pa_size-9-10-yas-140cm","18":"first","19":"instock","20":"sale","21":"shipping-taxable","22":"purchasable","23":"product-type-variable"},"_links":{"self":[{"href":"https:\/\/mod.wisdar.net\/tr\/wp-json\/wp\/v2\/product\/175969","targetHints":{"allow":["GET"]}}],"collection":[{"href":"https:\/\/mod.wisdar.net\/tr\/wp-json\/wp\/v2\/product"}],"about":[{"href":"https:\/\/mod.wisdar.net\/tr\/wp-json\/wp\/v2\/types\/product"}],"replies":[{"embeddable":true,"href":"https:\/\/mod.wisdar.net\/tr\/wp-json\/wp\/v2\/comments?post=175969"}],"wp:featuredmedia":[{"embeddable":true,"href":"https:\/\/mod.wisdar.net\/tr\/wp-json\/wp\/v2\/media\/175961"}],"wp:attachment":[{"href":"https:\/\/mod.wisdar.net\/tr\/wp-json\/wp\/v2\/media?parent=175969"}],"wp:term":[{"taxonomy":"product_brand","embeddable":true,"href":"https:\/\/mod.wisdar.net\/tr\/wp-json\/wp\/v2\/product_brand?post=175969"},{"taxonomy":"product_cat","embeddable":true,"href":"https:\/\/mod.wisdar.net\/tr\/wp-json\/wp\/v2\/product_cat?post=175969"},{"taxonomy":"product_tag","embeddable":true,"href":"https:\/\/mod.wisdar.net\/tr\/wp-json\/wp\/v2\/product_tag?post=175969"}],"curies":[{"name":"wp","href":"https:\/\/api.w.org\/{rel}","templated":true}]}}