{"id":176044,"date":"2026-03-17T20:18:53","date_gmt":"2026-03-17T20:18:53","guid":{"rendered":"https:\/\/modesthanim.com\/product\/cift-pile-detayli-pantolon-bej\/"},"modified":"2026-04-11T16:04:06","modified_gmt":"2026-04-11T16:04:06","slug":"cift-pile-detayli-pantolon-bej","status":"publish","type":"product","link":"https:\/\/mod.wisdar.net\/tr\/urun\/cift-pile-detayli-pantolon-bej\/","title":{"rendered":"\u00c7ift Pile Detayl\u0131 Pantolon \u2013 Bej"},"content":{"rendered":"<p>\u00d6n y\u00fczeyindeki \u00e7ift pile detay\u0131yla hem hareket kazanan hem de \u015f\u0131k bir form sunan bu pantolon, y\u00fcksek bel yap\u0131s\u0131yla siluetinizi dengeler.<\/p>\n<p>Kuma\u015f \u0130\u00e7eri\u011fi: %100 Polyester<br \/>\nDesen: D\u00fcz<br \/>\nBel Tipi: Normal Bel<br \/>\nPa\u00e7a Tipi: Bol Pa\u00e7a<br \/>\nCep: Yan Cep<br \/>\nAstar: Astars\u0131z<br \/>\n\u00dcr\u00fcn Boyu: 107 cm<br \/>\nKal\u0131p Tipi: Normal Kal\u0131p<br \/>\nMankenin Giydi\u011fi Beden: 38<br \/>\nManken \u00d6l\u00e7\u00fcleri:Boy: 174 cmG\u00f6\u011f\u00fcs: 81 cmBel: 61 cmBasen: 92 cm<\/p>\n","protected":false},"excerpt":{"rendered":"<p>\u00d6n y\u00fczeyindeki \u00e7ift pile detay\u0131yla hem hareket kazanan hem de \u015f\u0131k bir form sunan bu pantolon, y\u00fcksek bel yap\u0131s\u0131yla siluetinizi dengeler. Kuma\u015f \u0130\u00e7eri\u011fi: %100 Polyester Desen: D\u00fcz Bel Tipi: Normal Bel Pa\u00e7a Tipi: Bol Pa\u00e7a Cep: Yan Cep Astar: Astars\u0131z \u00dcr\u00fcn Boyu: 107 cm Kal\u0131p Tipi: Normal Kal\u0131p Mankenin Giydi\u011fi Beden: 38 Manken \u00d6l\u00e7\u00fcleri:Boy: 174 [&hellip;]<\/p>\n","protected":false},"featured_media":176038,"comment_status":"open","ping_status":"closed","template":"","meta":[],"product_brand":[],"product_cat":[1882],"product_tag":[7875,8031],"class_list":{"0":"post-176044","1":"product","2":"type-product","3":"status-publish","4":"has-post-thumbnail","6":"product_cat-alt-giyim","7":"product_tag-bej-pantolon","8":"product_tag-yuksek-bel-pantolon","9":"pa_brand-tugba","10":"pa_color-bej","11":"pa_size-4706","12":"pa_size-4711","13":"pa_size-4713","14":"pa_size-4751","15":"pa_size-4749","16":"pa_size-4747","18":"first","19":"instock","20":"shipping-taxable","21":"purchasable","22":"product-type-variable"},"_links":{"self":[{"href":"https:\/\/mod.wisdar.net\/tr\/wp-json\/wp\/v2\/product\/176044","targetHints":{"allow":["GET"]}}],"collection":[{"href":"https:\/\/mod.wisdar.net\/tr\/wp-json\/wp\/v2\/product"}],"about":[{"href":"https:\/\/mod.wisdar.net\/tr\/wp-json\/wp\/v2\/types\/product"}],"replies":[{"embeddable":true,"href":"https:\/\/mod.wisdar.net\/tr\/wp-json\/wp\/v2\/comments?post=176044"}],"wp:featuredmedia":[{"embeddable":true,"href":"https:\/\/mod.wisdar.net\/tr\/wp-json\/wp\/v2\/media\/176038"}],"wp:attachment":[{"href":"https:\/\/mod.wisdar.net\/tr\/wp-json\/wp\/v2\/media?parent=176044"}],"wp:term":[{"taxonomy":"product_brand","embeddable":true,"href":"https:\/\/mod.wisdar.net\/tr\/wp-json\/wp\/v2\/product_brand?post=176044"},{"taxonomy":"product_cat","embeddable":true,"href":"https:\/\/mod.wisdar.net\/tr\/wp-json\/wp\/v2\/product_cat?post=176044"},{"taxonomy":"product_tag","embeddable":true,"href":"https:\/\/mod.wisdar.net\/tr\/wp-json\/wp\/v2\/product_tag?post=176044"}],"curies":[{"name":"wp","href":"https:\/\/api.w.org\/{rel}","templated":true}]}}