{"id":176055,"date":"2026-03-17T20:19:04","date_gmt":"2026-03-17T20:19:04","guid":{"rendered":"https:\/\/modesthanim.com\/product\/belden-buzgu-baglamali-cicek-desenli-tunik-bej\/"},"modified":"2026-03-17T20:20:05","modified_gmt":"2026-03-17T20:20:05","slug":"belden-buzgu-baglamali-cicek-desenli-tunik-bej","status":"publish","type":"product","link":"https:\/\/mod.wisdar.net\/tr\/urun\/belden-buzgu-baglamali-cicek-desenli-tunik-bej\/","title":{"rendered":"Belden B\u00fczg\u00fc Ba\u011flamal\u0131 \u00c7i\u00e7ek Desenli Tunik \u2013 Bej"},"content":{"rendered":"<p>Bel k\u0131sm\u0131ndaki b\u00fczg\u00fc ba\u011flama detay\u0131yla v\u00fccut formuna zarif\u00e7e uyum sa\u011flayan bu tunik, floral desenleriyle ilkbahar-yaz stiline taze bir enerji kat\u0131yor.<\/p>\n<p>Kuma\u015f \u0130\u00e7eri\u011fi: %52 Viskon, %47 Polyester, %1 Elastan<br \/>\nDesen: \u00c7i\u00e7ek Desen<br \/>\nYaka Tipi: G\u00f6mlek Yaka<br \/>\nKol Tipi: Uzun Kol<br \/>\nCep: Gizli Cep<br \/>\nAstar: Astars\u0131z<br \/>\n\u00dcr\u00fcn Boyu: 110 cm<br \/>\nKal\u0131p Tipi: Normal Kal\u0131p<br \/>\nMankenin Giydi\u011fi Beden: 01<br \/>\nManken \u00d6l\u00e7\u00fcleri:Boy: 176 cm G\u00f6\u011f\u00fcs: 80 cmBel: 61 cmBasen: 87 cm<br \/>\n1 Beden: 38 \u2013 40,2 Beden: 40 \u2013 42,3 Beden: 42 \u2013 44 ile uyumludur.<\/p>\n<p>\u2014 Technical Details \u2014<br \/>\nDesen: \u00c7i\u00e7ek Desen<br \/>\nYaka Tipi: G\u00f6mlek Yaka<br \/>\nKol Tipi: Uzun Kol<br \/>\nCep: Gizli Cep<br \/>\nAstar: Astars\u0131z<br \/>\n\u00dcr\u00fcn Boyu: 110 cm<br \/>\nKal\u0131p Tipi: Normal Kal\u0131p<br \/>\nMankenin Giydi\u011fi Beden: 01<br \/>\nManken \u00d6l\u00e7\u00fcleri: Boy: 176 cm, G\u00f6\u011f\u00fcs: 80 cm, Bel: 61 cm, Basen: 87 cm<br \/>\nBeden Uyumluluk: 1 Beden: 38 \u2013 40, 2 Beden: 40 \u2013 42, 3 Beden: 42 \u2013 44<\/p>\n","protected":false},"excerpt":{"rendered":"<p>Bel k\u0131sm\u0131ndaki b\u00fczg\u00fc ba\u011flama detay\u0131yla v\u00fccut formuna zarif\u00e7e uyum sa\u011flayan bu tunik, floral desenleriyle ilkbahar-yaz stiline taze bir enerji kat\u0131yor. Kuma\u015f \u0130\u00e7eri\u011fi: %52 Viskon, %47 Polyester, %1 Elastan Desen: \u00c7i\u00e7ek Desen Yaka Tipi: G\u00f6mlek Yaka Kol Tipi: Uzun Kol Cep: Gizli Cep Astar: Astars\u0131z \u00dcr\u00fcn Boyu: 110 cm Kal\u0131p Tipi: Normal Kal\u0131p Mankenin Giydi\u011fi Beden: [&hellip;]<\/p>\n","protected":false},"featured_media":176041,"comment_status":"open","ping_status":"closed","template":"","meta":[],"product_brand":[],"product_cat":[2050],"product_tag":[6753,7547],"class_list":{"0":"post-176055","1":"product","2":"type-product","3":"status-publish","4":"has-post-thumbnail","6":"product_cat-blazer-ceketler","7":"product_tag-bej","8":"product_tag-kadin-giyim","9":"pa_color-bej","10":"pa_size-4444","11":"pa_size-4460","12":"pa_size-4681","14":"first","15":"instock","16":"sale","17":"shipping-taxable","18":"purchasable","19":"product-type-variable"},"_links":{"self":[{"href":"https:\/\/mod.wisdar.net\/tr\/wp-json\/wp\/v2\/product\/176055","targetHints":{"allow":["GET"]}}],"collection":[{"href":"https:\/\/mod.wisdar.net\/tr\/wp-json\/wp\/v2\/product"}],"about":[{"href":"https:\/\/mod.wisdar.net\/tr\/wp-json\/wp\/v2\/types\/product"}],"replies":[{"embeddable":true,"href":"https:\/\/mod.wisdar.net\/tr\/wp-json\/wp\/v2\/comments?post=176055"}],"wp:featuredmedia":[{"embeddable":true,"href":"https:\/\/mod.wisdar.net\/tr\/wp-json\/wp\/v2\/media\/176041"}],"wp:attachment":[{"href":"https:\/\/mod.wisdar.net\/tr\/wp-json\/wp\/v2\/media?parent=176055"}],"wp:term":[{"taxonomy":"product_brand","embeddable":true,"href":"https:\/\/mod.wisdar.net\/tr\/wp-json\/wp\/v2\/product_brand?post=176055"},{"taxonomy":"product_cat","embeddable":true,"href":"https:\/\/mod.wisdar.net\/tr\/wp-json\/wp\/v2\/product_cat?post=176055"},{"taxonomy":"product_tag","embeddable":true,"href":"https:\/\/mod.wisdar.net\/tr\/wp-json\/wp\/v2\/product_tag?post=176055"}],"curies":[{"name":"wp","href":"https:\/\/api.w.org\/{rel}","templated":true}]}}