{"id":176115,"date":"2026-03-17T20:21:26","date_gmt":"2026-03-17T20:21:26","guid":{"rendered":"https:\/\/modesthanim.com\/product\/cift-pilili-detayli-pantolon-zeytin-yesili\/"},"modified":"2026-04-11T16:44:31","modified_gmt":"2026-04-11T16:44:31","slug":"cift-pilili-detayli-pantolon-zeytin-yesili","status":"publish","type":"product","link":"https:\/\/mod.wisdar.net\/tr\/urun\/cift-pilili-detayli-pantolon-zeytin-yesili\/","title":{"rendered":"\u00c7ift Pilili Detayl\u0131 Pantolon \u2013 Zeytin Ye\u015fili"},"content":{"rendered":"<p>\u00d6n k\u0131s\u0131mdaki \u00e7ift pilili detay ile hareket katan ve \u015f\u0131k bir g\u00f6r\u00fcn\u00fcm sunan bu pantolon, y\u00fcksek bel tasar\u0131m\u0131 ile sil\u00fcetinizi dengeler.<\/p>\n<p>Kuma\u015f Bile\u015fimi: %100 Polyester<br \/>\nDesen: D\u00fcz<br \/>\nBel Tipi: Normal Bel<br \/>\nPa\u00e7a Stili: Geni\u015f Pa\u00e7a<br \/>\nCep: Yan Cep<br \/>\nAstarlama: Astars\u0131z<br \/>\n\u00dcr\u00fcn Uzunlu\u011fu: 107 cm<br \/>\nKal\u0131p Tipi: Standart Kal\u0131p<br \/>\nModel 38 beden giymektedir.<br \/>\nModel \u00d6l\u00e7\u00fcleri: Boy: 176 cm G\u00f6\u011f\u00fcs: 80 cm Bel: 61 cm Kal\u00e7a: 87 cm<\/p>\n<p>\u2014 Teknik Detaylar \u2014<br \/>\nDesen: D\u00fcz<br \/>\nBel Tipi: Normal Bel<br \/>\nPa\u00e7a Stili: Geni\u015f Pa\u00e7a<br \/>\nCep: Yan Cep<br \/>\nAstarlama: Astars\u0131z<br \/>\n\u00dcr\u00fcn Uzunlu\u011fu: 107 cm<br \/>\nKal\u0131p Tipi: Standart Kal\u0131p<\/p>\n","protected":false},"excerpt":{"rendered":"<p>\u00d6n k\u0131s\u0131mdaki \u00e7ift pilili detay ile hareket katan ve \u015f\u0131k bir g\u00f6r\u00fcn\u00fcm sunan bu pantolon, y\u00fcksek bel tasar\u0131m\u0131 ile sil\u00fcetinizi dengeler. Kuma\u015f Bile\u015fimi: %100 Polyester Desen: D\u00fcz Bel Tipi: Normal Bel Pa\u00e7a Stili: Geni\u015f Pa\u00e7a Cep: Yan Cep Astarlama: Astars\u0131z \u00dcr\u00fcn Uzunlu\u011fu: 107 cm Kal\u0131p Tipi: Standart Kal\u0131p Model 38 beden giymektedir. Model \u00d6l\u00e7\u00fcleri: Boy: [&hellip;]<\/p>\n","protected":false},"featured_media":176108,"comment_status":"open","ping_status":"closed","template":"","meta":[],"product_brand":[],"product_cat":[1882],"product_tag":[],"class_list":{"0":"post-176115","1":"product","2":"type-product","3":"status-publish","4":"has-post-thumbnail","6":"product_cat-alt-giyim","7":"pa_brand-tugba","8":"pa_color-olive","9":"pa_size-4706","10":"pa_size-4711","11":"pa_size-4713","12":"pa_size-4751","13":"pa_size-4749","14":"pa_size-4747","16":"first","17":"instock","18":"shipping-taxable","19":"purchasable","20":"product-type-variable"},"_links":{"self":[{"href":"https:\/\/mod.wisdar.net\/tr\/wp-json\/wp\/v2\/product\/176115","targetHints":{"allow":["GET"]}}],"collection":[{"href":"https:\/\/mod.wisdar.net\/tr\/wp-json\/wp\/v2\/product"}],"about":[{"href":"https:\/\/mod.wisdar.net\/tr\/wp-json\/wp\/v2\/types\/product"}],"replies":[{"embeddable":true,"href":"https:\/\/mod.wisdar.net\/tr\/wp-json\/wp\/v2\/comments?post=176115"}],"wp:featuredmedia":[{"embeddable":true,"href":"https:\/\/mod.wisdar.net\/tr\/wp-json\/wp\/v2\/media\/176108"}],"wp:attachment":[{"href":"https:\/\/mod.wisdar.net\/tr\/wp-json\/wp\/v2\/media?parent=176115"}],"wp:term":[{"taxonomy":"product_brand","embeddable":true,"href":"https:\/\/mod.wisdar.net\/tr\/wp-json\/wp\/v2\/product_brand?post=176115"},{"taxonomy":"product_cat","embeddable":true,"href":"https:\/\/mod.wisdar.net\/tr\/wp-json\/wp\/v2\/product_cat?post=176115"},{"taxonomy":"product_tag","embeddable":true,"href":"https:\/\/mod.wisdar.net\/tr\/wp-json\/wp\/v2\/product_tag?post=176115"}],"curies":[{"name":"wp","href":"https:\/\/api.w.org\/{rel}","templated":true}]}}