{"id":176201,"date":"2026-03-20T20:03:43","date_gmt":"2026-03-20T20:03:43","guid":{"rendered":"https:\/\/modesthanim.com\/product\/standart-boy-tayt-kiz-cocuk\/"},"modified":"2026-03-20T20:04:11","modified_gmt":"2026-03-20T20:04:11","slug":"standart-boy-tayt-kiz-cocuk","status":"publish","type":"product","link":"https:\/\/mod.wisdar.net\/tr\/urun\/standart-boy-tayt-kiz-cocuk\/","title":{"rendered":"Standart Boy Tayt K\u0131z \u00c7ocuk"},"content":{"rendered":"<p>Standart boy tayt, yumu\u015fak ve esnek kuma\u015f\u0131yla g\u00fcnl\u00fck kullan\u0131m i\u00e7in uygundur. Basic tasar\u0131m\u0131 sayesinde farkl\u0131 \u00fcstlerle kolayca kombinlenebilir. Her mevsim rahatl\u0131kla tercih edilebilecek bir temel par\u00e7ad\u0131r.<\/p>\n<p>\u2014 Technical Details \u2014<br \/>\nKal\u0131p: Flare F\u0131t<br \/>\nRenk: Lacivert<br \/>\n\u00dcr\u00fcn Tipi: Tayt<br \/>\nCinsiyet: K\u0131z \u00c7ocuk<br \/>\nMen\u015fei: TR<br \/>\n\u00dcr\u00fcn Grubu: K\u0131z \u00c7ocuk \u2013 Gen\u00e7 K\u0131z Tayt<br \/>\nNumune Bedeni: 11\/12 Ya\u015f (152cm)<br \/>\nModel \u00d6l\u00e7\u00fcleri: 1,24cm \u2013 62\/53\/73<\/p>\n","protected":false},"excerpt":{"rendered":"<p>Standart boy tayt, yumu\u015fak ve esnek kuma\u015f\u0131yla g\u00fcnl\u00fck kullan\u0131m i\u00e7in uygundur. Basic tasar\u0131m\u0131 sayesinde farkl\u0131 \u00fcstlerle kolayca kombinlenebilir. Her mevsim rahatl\u0131kla tercih edilebilecek bir temel par\u00e7ad\u0131r. \u2014 Technical Details \u2014 Kal\u0131p: Flare F\u0131t Renk: Lacivert \u00dcr\u00fcn Tipi: Tayt Cinsiyet: K\u0131z \u00c7ocuk Men\u015fei: TR \u00dcr\u00fcn Grubu: K\u0131z \u00c7ocuk \u2013 Gen\u00e7 K\u0131z Tayt Numune Bedeni: 11\/12 Ya\u015f [&hellip;]<\/p>\n","protected":false},"featured_media":176196,"comment_status":"open","ping_status":"closed","template":"","meta":[],"product_brand":[],"product_cat":[8715,8694,8727],"product_tag":[],"class_list":{"0":"post-176201","1":"product","2":"type-product","3":"status-publish","4":"has-post-thumbnail","6":"product_cat-kiz-cocuklari-2-14-yas","7":"product_cat-cocuklar","8":"product_cat-pantolon","9":"pa_brand-defacto","10":"pa_color-lacivert","11":"pa_size-11-12-yas-152cm","12":"pa_size-13-14-yas-164cm","13":"pa_size-7-8-yas-128cm","14":"pa_size-8-9-yas-134cm","15":"pa_size-9-10-yas-140cm","17":"first","18":"instock","19":"sale","20":"shipping-taxable","21":"purchasable","22":"product-type-variable"},"_links":{"self":[{"href":"https:\/\/mod.wisdar.net\/tr\/wp-json\/wp\/v2\/product\/176201","targetHints":{"allow":["GET"]}}],"collection":[{"href":"https:\/\/mod.wisdar.net\/tr\/wp-json\/wp\/v2\/product"}],"about":[{"href":"https:\/\/mod.wisdar.net\/tr\/wp-json\/wp\/v2\/types\/product"}],"replies":[{"embeddable":true,"href":"https:\/\/mod.wisdar.net\/tr\/wp-json\/wp\/v2\/comments?post=176201"}],"wp:featuredmedia":[{"embeddable":true,"href":"https:\/\/mod.wisdar.net\/tr\/wp-json\/wp\/v2\/media\/176196"}],"wp:attachment":[{"href":"https:\/\/mod.wisdar.net\/tr\/wp-json\/wp\/v2\/media?parent=176201"}],"wp:term":[{"taxonomy":"product_brand","embeddable":true,"href":"https:\/\/mod.wisdar.net\/tr\/wp-json\/wp\/v2\/product_brand?post=176201"},{"taxonomy":"product_cat","embeddable":true,"href":"https:\/\/mod.wisdar.net\/tr\/wp-json\/wp\/v2\/product_cat?post=176201"},{"taxonomy":"product_tag","embeddable":true,"href":"https:\/\/mod.wisdar.net\/tr\/wp-json\/wp\/v2\/product_tag?post=176201"}],"curies":[{"name":"wp","href":"https:\/\/api.w.org\/{rel}","templated":true}]}}