{"id":176321,"date":"2026-03-22T12:34:06","date_gmt":"2026-03-22T12:34:06","guid":{"rendered":"https:\/\/modesthanim.com\/product\/arle-ceketli-denim-jile-elbise-lacivert\/"},"modified":"2026-04-04T06:21:39","modified_gmt":"2026-04-04T06:21:39","slug":"arle-ceketli-denim-jile-elbise-lacivert","status":"publish","type":"product","link":"https:\/\/mod.wisdar.net\/tr\/urun\/arle-ceketli-denim-jile-elbise-lacivert\/","title":{"rendered":"Arle Ceketli Denim Jile Elbise \u2013 Lacivert"},"content":{"rendered":"<p>KUMA\u015e: %80 PAMUK \u0130\u00c7ER\u0130KL\u0130 KOT KUMA\u015eTIR.<\/p>\n","protected":false},"excerpt":{"rendered":"<p>KUMA\u015e: %80 PAMUK \u0130\u00c7ER\u0130KL\u0130 KOT KUMA\u015eTIR.<\/p>\n","protected":false},"featured_media":176315,"comment_status":"open","ping_status":"closed","template":"","meta":[],"product_brand":[],"product_cat":[8718,8715,8694],"product_tag":[7238,7425],"class_list":{"0":"post-176321","1":"product","2":"type-product","3":"status-publish","4":"has-post-thumbnail","6":"product_cat-elbiseler-etekler","7":"product_cat-kiz-cocuklari-2-14-yas","8":"product_cat-cocuklar","9":"product_tag-lacivert","10":"product_tag-pamuk-karisimi","11":"pa_brand-ahelkids","12":"pa_color-lacivert","13":"pa_size-1-2yas","14":"pa_size-2-3yas","15":"pa_size-3-4yas","16":"pa_size-4-5yas","17":"pa_size-5-6yas","18":"pa_size-6-7yas","19":"pa_size-7-8yas","21":"first","22":"instock","23":"sale","24":"shipping-taxable","25":"purchasable","26":"product-type-variable"},"_links":{"self":[{"href":"https:\/\/mod.wisdar.net\/tr\/wp-json\/wp\/v2\/product\/176321","targetHints":{"allow":["GET"]}}],"collection":[{"href":"https:\/\/mod.wisdar.net\/tr\/wp-json\/wp\/v2\/product"}],"about":[{"href":"https:\/\/mod.wisdar.net\/tr\/wp-json\/wp\/v2\/types\/product"}],"replies":[{"embeddable":true,"href":"https:\/\/mod.wisdar.net\/tr\/wp-json\/wp\/v2\/comments?post=176321"}],"wp:featuredmedia":[{"embeddable":true,"href":"https:\/\/mod.wisdar.net\/tr\/wp-json\/wp\/v2\/media\/176315"}],"wp:attachment":[{"href":"https:\/\/mod.wisdar.net\/tr\/wp-json\/wp\/v2\/media?parent=176321"}],"wp:term":[{"taxonomy":"product_brand","embeddable":true,"href":"https:\/\/mod.wisdar.net\/tr\/wp-json\/wp\/v2\/product_brand?post=176321"},{"taxonomy":"product_cat","embeddable":true,"href":"https:\/\/mod.wisdar.net\/tr\/wp-json\/wp\/v2\/product_cat?post=176321"},{"taxonomy":"product_tag","embeddable":true,"href":"https:\/\/mod.wisdar.net\/tr\/wp-json\/wp\/v2\/product_tag?post=176321"}],"curies":[{"name":"wp","href":"https:\/\/api.w.org\/{rel}","templated":true}]}}