{"id":176416,"date":"2026-03-23T19:57:09","date_gmt":"2026-03-23T19:57:09","guid":{"rendered":"https:\/\/modesthanim.com\/product\/tyess-bsc-kiz-bebek-bej-tayt\/"},"modified":"2026-03-23T19:57:33","modified_gmt":"2026-03-23T19:57:33","slug":"tyess-bsc-kiz-bebek-bej-tayt","status":"publish","type":"product","link":"https:\/\/mod.wisdar.net\/tr\/urun\/tyess-bsc-kiz-bebek-bej-tayt\/","title":{"rendered":"Tyess BSC K\u0131z Bebek Bej Tayt"},"content":{"rendered":"<p>K\u0131z Bebek Bej Tayt \u2013 %93 Pamuk, %7 Elastan  \u2013 Pa\u00e7a : Normal Pa\u00e7a  Bel : Normal Bel Kal\u0131p : Dar  Boy : Standart Cep : Cepsiz<\/p>\n","protected":false},"excerpt":{"rendered":"<p>K\u0131z Bebek Bej Tayt \u2013 %93 Pamuk, %7 Elastan \u2013 Pa\u00e7a : Normal Pa\u00e7a Bel : Normal Bel Kal\u0131p : Dar Boy : Standart Cep : Cepsiz<\/p>\n","protected":false},"featured_media":176409,"comment_status":"open","ping_status":"closed","template":"","meta":[],"product_brand":[],"product_cat":[8715,8694,8727,8697,8700],"product_tag":[7310],"class_list":{"0":"post-176416","1":"product","2":"type-product","3":"status-publish","4":"has-post-thumbnail","6":"product_cat-kiz-cocuklari-2-14-yas","7":"product_cat-cocuklar","8":"product_cat-pantolon","9":"product_cat-yenidogan-0-12-ay","10":"product_cat-yenidogan-giyim","11":"product_tag-slim-fit","12":"pa_color-bej","13":"pa_size-12-18-ay","14":"pa_size-18-24-ay","15":"pa_size-3-4-yas","16":"pa_size-3-6-ay","17":"pa_size-6-9-ay","18":"pa_size-9-12-ay","20":"first","21":"instock","22":"sale","23":"shipping-taxable","24":"purchasable","25":"product-type-variable"},"_links":{"self":[{"href":"https:\/\/mod.wisdar.net\/tr\/wp-json\/wp\/v2\/product\/176416","targetHints":{"allow":["GET"]}}],"collection":[{"href":"https:\/\/mod.wisdar.net\/tr\/wp-json\/wp\/v2\/product"}],"about":[{"href":"https:\/\/mod.wisdar.net\/tr\/wp-json\/wp\/v2\/types\/product"}],"replies":[{"embeddable":true,"href":"https:\/\/mod.wisdar.net\/tr\/wp-json\/wp\/v2\/comments?post=176416"}],"wp:featuredmedia":[{"embeddable":true,"href":"https:\/\/mod.wisdar.net\/tr\/wp-json\/wp\/v2\/media\/176409"}],"wp:attachment":[{"href":"https:\/\/mod.wisdar.net\/tr\/wp-json\/wp\/v2\/media?parent=176416"}],"wp:term":[{"taxonomy":"product_brand","embeddable":true,"href":"https:\/\/mod.wisdar.net\/tr\/wp-json\/wp\/v2\/product_brand?post=176416"},{"taxonomy":"product_cat","embeddable":true,"href":"https:\/\/mod.wisdar.net\/tr\/wp-json\/wp\/v2\/product_cat?post=176416"},{"taxonomy":"product_tag","embeddable":true,"href":"https:\/\/mod.wisdar.net\/tr\/wp-json\/wp\/v2\/product_tag?post=176416"}],"curies":[{"name":"wp","href":"https:\/\/api.w.org\/{rel}","templated":true}]}}