{"id":176558,"date":"2026-03-23T20:00:40","date_gmt":"2026-03-23T20:00:40","guid":{"rendered":"https:\/\/modesthanim.com\/product\/gb-baby-erkek-bebek-desenli-pijama-takimi\/"},"modified":"2026-03-23T20:01:02","modified_gmt":"2026-03-23T20:01:02","slug":"gb-baby-erkek-bebek-desenli-pijama-takimi","status":"publish","type":"product","link":"https:\/\/mod.wisdar.net\/tr\/urun\/gb-baby-erkek-bebek-desenli-pijama-takimi\/","title":{"rendered":"GB Baby Erkek Bebek Desenli Pijama Tak\u0131m\u0131"},"content":{"rendered":"<p>Erkek Bebek Desenli Pijama Tak\u0131m\u0131 \u2013 %100 Pamuk \u2013 Pa\u00e7a : Normal Pa\u00e7a Yaka : Bisiklet Yaka Bel : Normal Bel Kol : K\u0131sa Kol  Kal\u0131p : Geni\u015f Kuma\u015f : \u0130nterlok Astar : \u00d6rme Kapama Detay\u0131 : D\u00fc\u011fmeli Bask\u0131 \u2013 Nak\u0131\u015f : Metraj bask\u0131l\u0131 Cep : Cepsiz<\/p>\n","protected":false},"excerpt":{"rendered":"<p>Erkek Bebek Desenli Pijama Tak\u0131m\u0131 \u2013 %100 Pamuk \u2013 Pa\u00e7a : Normal Pa\u00e7a Yaka : Bisiklet Yaka Bel : Normal Bel Kol : K\u0131sa Kol Kal\u0131p : Geni\u015f Kuma\u015f : \u0130nterlok Astar : \u00d6rme Kapama Detay\u0131 : D\u00fc\u011fmeli Bask\u0131 \u2013 Nak\u0131\u015f : Metraj bask\u0131l\u0131 Cep : Cepsiz<\/p>\n","protected":false},"featured_media":176551,"comment_status":"open","ping_status":"closed","template":"","meta":[],"product_brand":[],"product_cat":[8703,8694,8697],"product_tag":[],"class_list":{"0":"post-176558","1":"product","2":"type-product","3":"status-publish","4":"has-post-thumbnail","6":"product_cat-bebek-setleri","7":"product_cat-cocuklar","8":"product_cat-yenidogan-0-12-ay","9":"pa_size-9-ay","11":"first","12":"instock","13":"sale","14":"shipping-taxable","15":"purchasable","16":"product-type-variable"},"_links":{"self":[{"href":"https:\/\/mod.wisdar.net\/tr\/wp-json\/wp\/v2\/product\/176558","targetHints":{"allow":["GET"]}}],"collection":[{"href":"https:\/\/mod.wisdar.net\/tr\/wp-json\/wp\/v2\/product"}],"about":[{"href":"https:\/\/mod.wisdar.net\/tr\/wp-json\/wp\/v2\/types\/product"}],"replies":[{"embeddable":true,"href":"https:\/\/mod.wisdar.net\/tr\/wp-json\/wp\/v2\/comments?post=176558"}],"wp:featuredmedia":[{"embeddable":true,"href":"https:\/\/mod.wisdar.net\/tr\/wp-json\/wp\/v2\/media\/176551"}],"wp:attachment":[{"href":"https:\/\/mod.wisdar.net\/tr\/wp-json\/wp\/v2\/media?parent=176558"}],"wp:term":[{"taxonomy":"product_brand","embeddable":true,"href":"https:\/\/mod.wisdar.net\/tr\/wp-json\/wp\/v2\/product_brand?post=176558"},{"taxonomy":"product_cat","embeddable":true,"href":"https:\/\/mod.wisdar.net\/tr\/wp-json\/wp\/v2\/product_cat?post=176558"},{"taxonomy":"product_tag","embeddable":true,"href":"https:\/\/mod.wisdar.net\/tr\/wp-json\/wp\/v2\/product_tag?post=176558"}],"curies":[{"name":"wp","href":"https:\/\/api.w.org\/{rel}","templated":true}]}}