{"id":176604,"date":"2026-03-23T20:02:24","date_gmt":"2026-03-23T20:02:24","guid":{"rendered":"https:\/\/modesthanim.com\/product\/tyess-kiz-cocuk-pembe-ic-camasir\/"},"modified":"2026-04-04T06:25:30","modified_gmt":"2026-04-04T06:25:30","slug":"tyess-kiz-cocuk-pembe-ic-camasir","status":"publish","type":"product","link":"https:\/\/mod.wisdar.net\/tr\/urun\/tyess-kiz-cocuk-pembe-ic-camasir\/","title":{"rendered":"Tyess K\u0131z \u00c7ocuk Pembe \u0130\u00e7 \u00c7ama\u015f\u0131r"},"content":{"rendered":"<p>K\u0131z \u00c7ocuk Pembe \u0130\u00e7 \u00c7ama\u015f\u0131r \u2013 %95 Pamuk, %5 Elastan \u2013 Kal\u0131nl\u0131k : \u0130nce  Kuma\u015f : S\u00fcprem  Detay : Bel Detayl\u0131<\/p>\n","protected":false},"excerpt":{"rendered":"<p>K\u0131z \u00c7ocuk Pembe \u0130\u00e7 \u00c7ama\u015f\u0131r \u2013 %95 Pamuk, %5 Elastan \u2013 Kal\u0131nl\u0131k : \u0130nce Kuma\u015f : S\u00fcprem Detay : Bel Detayl\u0131<\/p>\n","protected":false},"featured_media":176597,"comment_status":"open","ping_status":"closed","template":"","meta":[],"product_brand":[],"product_cat":[8733,8715,8694],"product_tag":[9624,9639,10470,9005,11873],"class_list":{"0":"post-176604","1":"product","2":"type-product","3":"status-publish","4":"has-post-thumbnail","6":"product_cat-ic-giyim","7":"product_cat-kiz-cocuklari-2-14-yas","8":"product_cat-cocuklar","9":"product_tag-comfortable-underwear","10":"product_tag-cotton-underwear","11":"product_tag-girls-underwear","12":"product_tag-kids-clothing","13":"product_tag-pink-underwear","14":"pa_brand-tyess","15":"pa_color-pembe","16":"pa_size-10-yas","17":"pa_size-12-yas","18":"pa_size-14-yas","19":"pa_size-4-yas","20":"pa_size-6-yas","21":"pa_size-8-yas","23":"first","24":"instock","25":"sale","26":"shipping-taxable","27":"purchasable","28":"product-type-variable"},"_links":{"self":[{"href":"https:\/\/mod.wisdar.net\/tr\/wp-json\/wp\/v2\/product\/176604","targetHints":{"allow":["GET"]}}],"collection":[{"href":"https:\/\/mod.wisdar.net\/tr\/wp-json\/wp\/v2\/product"}],"about":[{"href":"https:\/\/mod.wisdar.net\/tr\/wp-json\/wp\/v2\/types\/product"}],"replies":[{"embeddable":true,"href":"https:\/\/mod.wisdar.net\/tr\/wp-json\/wp\/v2\/comments?post=176604"}],"wp:featuredmedia":[{"embeddable":true,"href":"https:\/\/mod.wisdar.net\/tr\/wp-json\/wp\/v2\/media\/176597"}],"wp:attachment":[{"href":"https:\/\/mod.wisdar.net\/tr\/wp-json\/wp\/v2\/media?parent=176604"}],"wp:term":[{"taxonomy":"product_brand","embeddable":true,"href":"https:\/\/mod.wisdar.net\/tr\/wp-json\/wp\/v2\/product_brand?post=176604"},{"taxonomy":"product_cat","embeddable":true,"href":"https:\/\/mod.wisdar.net\/tr\/wp-json\/wp\/v2\/product_cat?post=176604"},{"taxonomy":"product_tag","embeddable":true,"href":"https:\/\/mod.wisdar.net\/tr\/wp-json\/wp\/v2\/product_tag?post=176604"}],"curies":[{"name":"wp","href":"https:\/\/api.w.org\/{rel}","templated":true}]}}