{"id":17663,"date":"2025-11-02T13:10:09","date_gmt":"2025-11-02T13:10:09","guid":{"rendered":"https:\/\/modesthanim.com\/product\/dikis-detayli-etekli-gomlek-takim-lacivert\/"},"modified":"2026-01-15T08:56:49","modified_gmt":"2026-01-15T08:56:49","slug":"dikis-detayli-etekli-gomlek-takim-lacivert","status":"publish","type":"product","link":"https:\/\/mod.wisdar.net\/tr\/urun\/dikis-detayli-etekli-gomlek-takim-lacivert\/","title":{"rendered":"Diki\u015f Detayl\u0131 Etekli G\u00f6mlek Tak\u0131m \u2013 Lacivert"},"content":{"rendered":"<p>\u015e\u0131kl\u0131\u011f\u0131n ince detaylarda gizlendi\u011fi \u00f6zel bir set\u2026 \u00d6zenle i\u015flenmi\u015f diki\u015f detaylar\u0131yla dikkat \u00e7eken g\u00f6mlek ve uyumlu ete\u011fi, zarif ve modern bir g\u00f6r\u00fcn\u00fcm sunar.<\/p>\n<p>\u00dcST<br \/>\nKuma\u015f \u0130\u00e7eri\u011fi: %85 Lyocell, %15 Keten<br \/>\nDesen: D\u00fcz<br \/>\nYaka Tipi: G\u00f6mlek Yaka<br \/>\nKol Tipi: Uzun Kol<br \/>\nCep: Aplike Cep<br \/>\nAstar: Astars\u0131z<br \/>\n\u00dcr\u00fcn Boyu: 50 cm<br \/>\nKal\u0131p Tipi: Normal Kal\u0131p<\/p>\n<p>ALT<br \/>\nKuma\u015f \u0130\u00e7eri\u011fi: %85 Lyocell, %15 Keten<br \/>\nDesen: D\u00fcz<br \/>\nBel Tipi: Normal Bel<br \/>\nEtek Tipi: Pileli<br \/>\nCep: Cepsiz<br \/>\nAstar: Astars\u0131z<br \/>\n\u00dcr\u00fcn Boyu: 95 cm<br \/>\nKal\u0131p Tipi: Normal Kal\u0131p<\/p>\n<p>Mankenin Giydi\u011fi Beden: 38<br \/>\nManken \u00d6l\u00e7\u00fcleri: Boy: 174 cm, G\u00f6\u011f\u00fcs: 81 cm, Bel: 61 cm, Basen: 92 cm<\/p>\n<p>\u2014 Technical Details \u2014<br \/>\n\u00dcst Kuma\u015f \u0130\u00e7eri\u011fi: %85 Lyocell, %15 Keten<br \/>\n\u00dcst Desen: D\u00fcz<br \/>\n\u00dcst Yaka Tipi: G\u00f6mlek Yaka<br \/>\n\u00dcst Kol Tipi: Uzun Kol<br \/>\n\u00dcst Cep: Aplike Cep<br \/>\n\u00dcst Astar: Astars\u0131z<br \/>\n\u00dcst \u00dcr\u00fcn Boyu: 50 cm<br \/>\n\u00dcst Kal\u0131p Tipi: Normal Kal\u0131p<br \/>\nAlt Kuma\u015f \u0130\u00e7eri\u011fi: %85 Lyocell, %15 Keten<br \/>\nAlt Desen: D\u00fcz<br \/>\nAlt Bel Tipi: Normal Bel<br \/>\nAlt Etek Tipi: Pileli<br \/>\nAlt Cep: Cepsiz<br \/>\nAlt Astar: Astars\u0131z<br \/>\nAlt \u00dcr\u00fcn Boyu: 95 cm<br \/>\nAlt Kal\u0131p Tipi: Normal Kal\u0131p<br \/>\nMankenin Giydi\u011fi Beden: 38<br \/>\nManken \u00d6l\u00e7\u00fcleri: Boy: 174 cm, G\u00f6\u011f\u00fcs: 81 cm, Bel: 61 cm, Basen: 92 cm<\/p>\n","protected":false},"excerpt":{"rendered":"<p>\u015e\u0131kl\u0131\u011f\u0131n ince detaylarda gizlendi\u011fi \u00f6zel bir set\u2026 \u00d6zenle i\u015flenmi\u015f diki\u015f detaylar\u0131yla dikkat \u00e7eken g\u00f6mlek ve uyumlu ete\u011fi, zarif ve modern bir g\u00f6r\u00fcn\u00fcm sunar. \u00dcST Kuma\u015f \u0130\u00e7eri\u011fi: %85 Lyocell, %15 Keten Desen: D\u00fcz Yaka Tipi: G\u00f6mlek Yaka Kol Tipi: Uzun Kol Cep: Aplike Cep Astar: Astars\u0131z \u00dcr\u00fcn Boyu: 50 cm Kal\u0131p Tipi: Normal Kal\u0131p ALT Kuma\u015f [&hellip;]<\/p>\n","protected":false},"featured_media":0,"comment_status":"open","ping_status":"closed","template":"","meta":[],"product_brand":[],"product_cat":[1853],"product_tag":[],"class_list":{"0":"post-17663","1":"product","2":"type-product","3":"status-publish","5":"product_cat-womens-fashion-ar","7":"first","8":"instock","9":"sale","10":"shipping-taxable","11":"purchasable","12":"product-type-variable"},"_links":{"self":[{"href":"https:\/\/mod.wisdar.net\/tr\/wp-json\/wp\/v2\/product\/17663","targetHints":{"allow":["GET"]}}],"collection":[{"href":"https:\/\/mod.wisdar.net\/tr\/wp-json\/wp\/v2\/product"}],"about":[{"href":"https:\/\/mod.wisdar.net\/tr\/wp-json\/wp\/v2\/types\/product"}],"replies":[{"embeddable":true,"href":"https:\/\/mod.wisdar.net\/tr\/wp-json\/wp\/v2\/comments?post=17663"}],"wp:attachment":[{"href":"https:\/\/mod.wisdar.net\/tr\/wp-json\/wp\/v2\/media?parent=17663"}],"wp:term":[{"taxonomy":"product_brand","embeddable":true,"href":"https:\/\/mod.wisdar.net\/tr\/wp-json\/wp\/v2\/product_brand?post=17663"},{"taxonomy":"product_cat","embeddable":true,"href":"https:\/\/mod.wisdar.net\/tr\/wp-json\/wp\/v2\/product_cat?post=17663"},{"taxonomy":"product_tag","embeddable":true,"href":"https:\/\/mod.wisdar.net\/tr\/wp-json\/wp\/v2\/product_tag?post=17663"}],"curies":[{"name":"wp","href":"https:\/\/api.w.org\/{rel}","templated":true}]}}