{"id":176700,"date":"2026-03-23T20:04:17","date_gmt":"2026-03-23T20:04:17","guid":{"rendered":"https:\/\/modesthanim.com\/product\/nbt-jeans-erkek-cocuk-siyah-gomlek-ceket\/"},"modified":"2026-03-23T20:04:54","modified_gmt":"2026-03-23T20:04:54","slug":"nbt-jeans-erkek-cocuk-siyah-gomlek-ceket","status":"publish","type":"product","link":"https:\/\/mod.wisdar.net\/tr\/urun\/nbt-jeans-erkek-cocuk-siyah-gomlek-ceket\/","title":{"rendered":"NBT Jeans Erkek \u00c7ocuk Siyah G\u00f6mlek Ceket"},"content":{"rendered":"<p>\u00c7ocuk giyiminde kalite ve tarz\u0131 bulu\u015fturan NBT Jeans erkek \u00e7ocuk siyah g\u00f6mlek ceket, her ortam i\u00e7in uygundur. \u00dcst\u00fcn kuma\u015f kalitesi ile uzun s\u00fcreli dayan\u0131kl\u0131l\u0131k sa\u011flar. Hem okulda hem de d\u0131\u015far\u0131da rahatl\u0131kla kullan\u0131labilecek, g\u00fcnl\u00fck stilin tamamlay\u0131c\u0131s\u0131d\u0131r. bgstore.com.tr&#8217;den \u00fczerinden bu \u00f6zel \u00fcr\u00fcn\u00fc hemen sipari\u015f ederek miniklerin tarz\u0131na \u015f\u0131kl\u0131k katabilirsiniz.<\/p>\n","protected":false},"excerpt":{"rendered":"<p>\u00c7ocuk giyiminde kalite ve tarz\u0131 bulu\u015fturan NBT Jeans erkek \u00e7ocuk siyah g\u00f6mlek ceket, her ortam i\u00e7in uygundur. \u00dcst\u00fcn kuma\u015f kalitesi ile uzun s\u00fcreli dayan\u0131kl\u0131l\u0131k sa\u011flar. Hem okulda hem de d\u0131\u015far\u0131da rahatl\u0131kla kullan\u0131labilecek, g\u00fcnl\u00fck stilin tamamlay\u0131c\u0131s\u0131d\u0131r. bgstore.com.tr&#8217;den \u00fczerinden bu \u00f6zel \u00fcr\u00fcn\u00fc hemen sipari\u015f ederek miniklerin tarz\u0131na \u015f\u0131kl\u0131k katabilirsiniz.<\/p>\n","protected":false},"featured_media":176693,"comment_status":"open","ping_status":"closed","template":"","meta":[],"product_brand":[],"product_cat":[10823,8739,8694],"product_tag":[7426,7974],"class_list":{"0":"post-176700","1":"product","2":"type-product","3":"status-publish","4":"has-post-thumbnail","6":"product_cat-erkek-cocuk-ceket-yelek","7":"product_cat-erkek-cocuklar-2-14-yas","8":"product_cat-cocuklar","9":"product_tag-gunluk-giyim-3","10":"product_tag-siyah-ceket","11":"pa_color-siyah","13":"first","14":"instock","15":"sale","16":"shipping-taxable","17":"purchasable","18":"product-type-variable"},"_links":{"self":[{"href":"https:\/\/mod.wisdar.net\/tr\/wp-json\/wp\/v2\/product\/176700","targetHints":{"allow":["GET"]}}],"collection":[{"href":"https:\/\/mod.wisdar.net\/tr\/wp-json\/wp\/v2\/product"}],"about":[{"href":"https:\/\/mod.wisdar.net\/tr\/wp-json\/wp\/v2\/types\/product"}],"replies":[{"embeddable":true,"href":"https:\/\/mod.wisdar.net\/tr\/wp-json\/wp\/v2\/comments?post=176700"}],"wp:featuredmedia":[{"embeddable":true,"href":"https:\/\/mod.wisdar.net\/tr\/wp-json\/wp\/v2\/media\/176693"}],"wp:attachment":[{"href":"https:\/\/mod.wisdar.net\/tr\/wp-json\/wp\/v2\/media?parent=176700"}],"wp:term":[{"taxonomy":"product_brand","embeddable":true,"href":"https:\/\/mod.wisdar.net\/tr\/wp-json\/wp\/v2\/product_brand?post=176700"},{"taxonomy":"product_cat","embeddable":true,"href":"https:\/\/mod.wisdar.net\/tr\/wp-json\/wp\/v2\/product_cat?post=176700"},{"taxonomy":"product_tag","embeddable":true,"href":"https:\/\/mod.wisdar.net\/tr\/wp-json\/wp\/v2\/product_tag?post=176700"}],"curies":[{"name":"wp","href":"https:\/\/api.w.org\/{rel}","templated":true}]}}