{"id":176740,"date":"2026-03-23T20:05:52","date_gmt":"2026-03-23T20:05:52","guid":{"rendered":"https:\/\/modesthanim.com\/product\/layette-kiz-bebek-beyaz-elbise\/"},"modified":"2026-03-23T20:06:17","modified_gmt":"2026-03-23T20:06:17","slug":"layette-kiz-bebek-beyaz-elbise","status":"publish","type":"product","link":"https:\/\/mod.wisdar.net\/tr\/urun\/layette-kiz-bebek-beyaz-elbise\/","title":{"rendered":"Layette K\u0131z Bebek Beyaz Elbise"},"content":{"rendered":"<p>K\u0131z Bebek Beyaz Elbise \u2013 %100 Pamuk \u2013  Yaka : F\u0131rf\u0131r Yaka  Kol : Uzun Kol  Kal\u0131p : Geni\u015f Kuma\u015f : Triko  Kapama Detay\u0131 : Fermuarl\u0131  Cep : Cepsiz<\/p>\n","protected":false},"excerpt":{"rendered":"<p>K\u0131z Bebek Beyaz Elbise \u2013 %100 Pamuk \u2013 Yaka : F\u0131rf\u0131r Yaka Kol : Uzun Kol Kal\u0131p : Geni\u015f Kuma\u015f : Triko Kapama Detay\u0131 : Fermuarl\u0131 Cep : Cepsiz<\/p>\n","protected":false},"featured_media":176737,"comment_status":"open","ping_status":"closed","template":"","meta":[],"product_brand":[],"product_cat":[8712,8694,8697],"product_tag":[],"class_list":{"0":"post-176740","1":"product","2":"type-product","3":"status-publish","4":"has-post-thumbnail","6":"product_cat-bebek-elbiseleri","7":"product_cat-cocuklar","8":"product_cat-yenidogan-0-12-ay","9":"pa_color-beyaz","10":"pa_size-3-ay","11":"pa_size-6-ay","12":"pa_size-9-ay","14":"first","15":"instock","16":"sale","17":"shipping-taxable","18":"purchasable","19":"product-type-variable"},"_links":{"self":[{"href":"https:\/\/mod.wisdar.net\/tr\/wp-json\/wp\/v2\/product\/176740","targetHints":{"allow":["GET"]}}],"collection":[{"href":"https:\/\/mod.wisdar.net\/tr\/wp-json\/wp\/v2\/product"}],"about":[{"href":"https:\/\/mod.wisdar.net\/tr\/wp-json\/wp\/v2\/types\/product"}],"replies":[{"embeddable":true,"href":"https:\/\/mod.wisdar.net\/tr\/wp-json\/wp\/v2\/comments?post=176740"}],"wp:featuredmedia":[{"embeddable":true,"href":"https:\/\/mod.wisdar.net\/tr\/wp-json\/wp\/v2\/media\/176737"}],"wp:attachment":[{"href":"https:\/\/mod.wisdar.net\/tr\/wp-json\/wp\/v2\/media?parent=176740"}],"wp:term":[{"taxonomy":"product_brand","embeddable":true,"href":"https:\/\/mod.wisdar.net\/tr\/wp-json\/wp\/v2\/product_brand?post=176740"},{"taxonomy":"product_cat","embeddable":true,"href":"https:\/\/mod.wisdar.net\/tr\/wp-json\/wp\/v2\/product_cat?post=176740"},{"taxonomy":"product_tag","embeddable":true,"href":"https:\/\/mod.wisdar.net\/tr\/wp-json\/wp\/v2\/product_tag?post=176740"}],"curies":[{"name":"wp","href":"https:\/\/api.w.org\/{rel}","templated":true}]}}