{"id":176784,"date":"2026-03-23T20:06:36","date_gmt":"2026-03-23T20:06:36","guid":{"rendered":"https:\/\/modesthanim.com\/product\/tyess-kiz-cocuk-ekru-tullu-abiye-elbise\/"},"modified":"2026-04-15T22:51:59","modified_gmt":"2026-04-15T22:51:59","slug":"tyess-kiz-cocuk-ekru-tullu-abiye-elbise","status":"publish","type":"product","link":"https:\/\/mod.wisdar.net\/tr\/urun\/tyess-kiz-cocuk-ekru-tullu-abiye-elbise\/","title":{"rendered":"Tyess K\u0131z \u00c7ocuk Ekru T\u00fcll\u00fc Abiye Elbise"},"content":{"rendered":"<p>K\u0131z \u00c7ocuk Ekru Elbise \u2013 %62 Polyester, %38 Lurex \u2013 Yaka : Kare Yaka Kol : Ask\u0131l\u0131 Kal\u0131p : Dar Kuma\u015f : T\u00fcl Astar : Astarl\u0131 Kapama Detay\u0131 : Fermuarl\u0131 Detay : Yaka Detayl\u0131 Cep : Cepsiz<\/p>\n","protected":false},"excerpt":{"rendered":"<p>K\u0131z \u00c7ocuk Ekru Elbise \u2013 %62 Polyester, %38 Lurex \u2013 Yaka : Kare Yaka Kol : Ask\u0131l\u0131 Kal\u0131p : Dar Kuma\u015f : T\u00fcl Astar : Astarl\u0131 Kapama Detay\u0131 : Fermuarl\u0131 Detay : Yaka Detayl\u0131 Cep : Cepsiz<\/p>\n","protected":false},"featured_media":176777,"comment_status":"open","ping_status":"closed","template":"","meta":[],"product_brand":[],"product_cat":[8718,8715,8694],"product_tag":[8427],"class_list":{"0":"post-176784","1":"product","2":"type-product","3":"status-publish","4":"has-post-thumbnail","6":"product_cat-elbiseler-etekler","7":"product_cat-kiz-cocuklari-2-14-yas","8":"product_cat-cocuklar","9":"product_tag-gece-elbisesi","10":"pa_brand-tyess","11":"pa_color-ekru","12":"pa_size-10-yas","13":"pa_size-12-yas","14":"pa_size-14-yas","15":"pa_size-4-yas","16":"pa_size-6-yas","17":"pa_size-8-yas","19":"first","20":"instock","21":"sale","22":"shipping-taxable","23":"purchasable","24":"product-type-variable"},"_links":{"self":[{"href":"https:\/\/mod.wisdar.net\/tr\/wp-json\/wp\/v2\/product\/176784","targetHints":{"allow":["GET"]}}],"collection":[{"href":"https:\/\/mod.wisdar.net\/tr\/wp-json\/wp\/v2\/product"}],"about":[{"href":"https:\/\/mod.wisdar.net\/tr\/wp-json\/wp\/v2\/types\/product"}],"replies":[{"embeddable":true,"href":"https:\/\/mod.wisdar.net\/tr\/wp-json\/wp\/v2\/comments?post=176784"}],"wp:featuredmedia":[{"embeddable":true,"href":"https:\/\/mod.wisdar.net\/tr\/wp-json\/wp\/v2\/media\/176777"}],"wp:attachment":[{"href":"https:\/\/mod.wisdar.net\/tr\/wp-json\/wp\/v2\/media?parent=176784"}],"wp:term":[{"taxonomy":"product_brand","embeddable":true,"href":"https:\/\/mod.wisdar.net\/tr\/wp-json\/wp\/v2\/product_brand?post=176784"},{"taxonomy":"product_cat","embeddable":true,"href":"https:\/\/mod.wisdar.net\/tr\/wp-json\/wp\/v2\/product_cat?post=176784"},{"taxonomy":"product_tag","embeddable":true,"href":"https:\/\/mod.wisdar.net\/tr\/wp-json\/wp\/v2\/product_tag?post=176784"}],"curies":[{"name":"wp","href":"https:\/\/api.w.org\/{rel}","templated":true}]}}