{"id":176838,"date":"2026-03-23T20:09:49","date_gmt":"2026-03-23T20:09:49","guid":{"rendered":"https:\/\/modesthanim.com\/product\/tyess-kiz-cocuk-yildiz-desenli-pamuk-pijama-takimi\/"},"modified":"2026-04-15T22:58:14","modified_gmt":"2026-04-15T22:58:14","slug":"tyess-kiz-cocuk-yildiz-desenli-pamuk-pijama-takimi","status":"publish","type":"product","link":"https:\/\/mod.wisdar.net\/tr\/urun\/tyess-kiz-cocuk-yildiz-desenli-pamuk-pijama-takimi\/","title":{"rendered":"Tyess K\u0131z \u00c7ocuk Y\u0131ld\u0131z Desenli Pamuk Pijama Tak\u0131m\u0131"},"content":{"rendered":"<p>K\u0131z \u00c7ocuk Desenli Pijama Tak\u0131m\u0131 \u2013 %100 Pamuk \u2013 Pa\u00e7a : Normal Pa\u00e7a Yaka : Bisiklet Yaka Bel : Normal Bel Kol : K\u0131sa Kol Kal\u0131p : Geni\u015f Kuma\u015f : S\u00fcprem Astar : \u00d6rme Cep : 2 Cep<\/p>\n","protected":false},"excerpt":{"rendered":"<p>K\u0131z \u00c7ocuk Desenli Pijama Tak\u0131m\u0131 \u2013 %100 Pamuk \u2013 Pa\u00e7a : Normal Pa\u00e7a Yaka : Bisiklet Yaka Bel : Normal Bel Kol : K\u0131sa Kol Kal\u0131p : Geni\u015f Kuma\u015f : S\u00fcprem Astar : \u00d6rme Cep : 2 Cep<\/p>\n","protected":false},"featured_media":176828,"comment_status":"open","ping_status":"closed","template":"","meta":[],"product_brand":[],"product_cat":[8721,8715,8694,8730],"product_tag":[9367,9364,11882,9438,11883],"class_list":{"0":"post-176838","1":"product","2":"type-product","3":"status-publish","4":"has-post-thumbnail","6":"product_cat-kiz-cocuk-takimlari","7":"product_cat-kiz-cocuklari-2-14-yas","8":"product_cat-cocuklar","9":"product_cat-pijama","10":"product_tag-comfortable-sleepwear","11":"product_tag-cotton-pajamas","12":"product_tag-girls-pajamas","13":"product_tag-pajama-set","14":"product_tag-star-pattern","15":"pa_brand-tyess","16":"pa_color-desenli","17":"pa_size-10-yas","18":"pa_size-12-yas","19":"pa_size-14-yas","20":"pa_size-4-yas","21":"pa_size-6-yas","22":"pa_size-8-yas","24":"first","25":"instock","26":"sale","27":"shipping-taxable","28":"purchasable","29":"product-type-variable"},"_links":{"self":[{"href":"https:\/\/mod.wisdar.net\/tr\/wp-json\/wp\/v2\/product\/176838","targetHints":{"allow":["GET"]}}],"collection":[{"href":"https:\/\/mod.wisdar.net\/tr\/wp-json\/wp\/v2\/product"}],"about":[{"href":"https:\/\/mod.wisdar.net\/tr\/wp-json\/wp\/v2\/types\/product"}],"replies":[{"embeddable":true,"href":"https:\/\/mod.wisdar.net\/tr\/wp-json\/wp\/v2\/comments?post=176838"}],"wp:featuredmedia":[{"embeddable":true,"href":"https:\/\/mod.wisdar.net\/tr\/wp-json\/wp\/v2\/media\/176828"}],"wp:attachment":[{"href":"https:\/\/mod.wisdar.net\/tr\/wp-json\/wp\/v2\/media?parent=176838"}],"wp:term":[{"taxonomy":"product_brand","embeddable":true,"href":"https:\/\/mod.wisdar.net\/tr\/wp-json\/wp\/v2\/product_brand?post=176838"},{"taxonomy":"product_cat","embeddable":true,"href":"https:\/\/mod.wisdar.net\/tr\/wp-json\/wp\/v2\/product_cat?post=176838"},{"taxonomy":"product_tag","embeddable":true,"href":"https:\/\/mod.wisdar.net\/tr\/wp-json\/wp\/v2\/product_tag?post=176838"}],"curies":[{"name":"wp","href":"https:\/\/api.w.org\/{rel}","templated":true}]}}