{"id":177202,"date":"2026-03-24T10:57:35","date_gmt":"2026-03-24T10:57:35","guid":{"rendered":"https:\/\/modesthanim.com\/product\/bol-kesim-resmi-pantolon-antrasit\/"},"modified":"2026-03-24T10:59:03","modified_gmt":"2026-03-24T10:59:03","slug":"bol-kesim-resmi-pantolon-antrasit","status":"publish","type":"product","link":"https:\/\/mod.wisdar.net\/tr\/urun\/bol-kesim-resmi-pantolon-antrasit\/","title":{"rendered":"Bol Kesim Resmi Pantolon Antrasit"},"content":{"rendered":"<p>Beden Yard\u0131m Rehberi<\/p>\n<p>BEDEN KILAVUZU<\/p>\n<p>\u00d6l\u00e7\u00fcler<br \/>\n36\t38\t40\t42<br \/>\nBoy<br \/>\n106 cm\t106,5 cm\t107 cm\t107,5 cm<br \/>\nBel<br \/>\n72 cm\t76 cm\t80 cm\t84 cm<br \/>\nBasen<br \/>\n96 cm\t100 cm\t104 cm\t108 cm<\/p>\n<p>\u2014 Teknik Detaylar \u2014<br \/>\n\u00dcr\u00fcn Hakk\u0131nda: \u00dcr\u00fcn tek olarak sat\u0131lmaktad\u0131r.<br \/>\nMarka: Minik Terzi<br \/>\nSezon: MEVS\u0130ML\u0130K<br \/>\nCinsiyet: Kad\u0131n<br \/>\nMalzeme: Polyester \/ Viskon<br \/>\nKuma\u015f \u0130\u00e7eri\u011fi: %72 Polyester %23 Viskon %5 Likra<br \/>\nKal\u0131p: Tam Kal\u0131p<br \/>\nMankenin Giydi\u011fi Beden: 36<br \/>\nA\u00e7\u0131klama: Ters \u00e7evirerek k\u0131sa programda 30\u00b0 y\u0131kay\u0131n\u0131z.<\/p>\n","protected":false},"excerpt":{"rendered":"<p>Beden Yard\u0131m Rehberi BEDEN KILAVUZU \u00d6l\u00e7\u00fcler 36 38 40 42 Boy 106 cm 106,5 cm 107 cm 107,5 cm Bel 72 cm 76 cm 80 cm 84 cm Basen 96 cm 100 cm 104 cm 108 cm \u2014 Teknik Detaylar \u2014 \u00dcr\u00fcn Hakk\u0131nda: \u00dcr\u00fcn tek olarak sat\u0131lmaktad\u0131r. Marka: Minik Terzi Sezon: MEVS\u0130ML\u0130K Cinsiyet: Kad\u0131n Malzeme: [&hellip;]<\/p>\n","protected":false},"featured_media":177196,"comment_status":"open","ping_status":"closed","template":"","meta":[],"product_brand":[],"product_cat":[1882],"product_tag":[],"class_list":{"0":"post-177202","1":"product","2":"type-product","3":"status-publish","4":"has-post-thumbnail","6":"product_cat-alt-giyim","7":"pa_brand-minik-terzi","8":"pa_color-antrasit","9":"pa_size-4701","10":"pa_size-4706","11":"pa_size-4711","12":"pa_size-4713","14":"first","15":"instock","16":"sale","17":"shipping-taxable","18":"purchasable","19":"product-type-variable"},"_links":{"self":[{"href":"https:\/\/mod.wisdar.net\/tr\/wp-json\/wp\/v2\/product\/177202","targetHints":{"allow":["GET"]}}],"collection":[{"href":"https:\/\/mod.wisdar.net\/tr\/wp-json\/wp\/v2\/product"}],"about":[{"href":"https:\/\/mod.wisdar.net\/tr\/wp-json\/wp\/v2\/types\/product"}],"replies":[{"embeddable":true,"href":"https:\/\/mod.wisdar.net\/tr\/wp-json\/wp\/v2\/comments?post=177202"}],"wp:featuredmedia":[{"embeddable":true,"href":"https:\/\/mod.wisdar.net\/tr\/wp-json\/wp\/v2\/media\/177196"}],"wp:attachment":[{"href":"https:\/\/mod.wisdar.net\/tr\/wp-json\/wp\/v2\/media?parent=177202"}],"wp:term":[{"taxonomy":"product_brand","embeddable":true,"href":"https:\/\/mod.wisdar.net\/tr\/wp-json\/wp\/v2\/product_brand?post=177202"},{"taxonomy":"product_cat","embeddable":true,"href":"https:\/\/mod.wisdar.net\/tr\/wp-json\/wp\/v2\/product_cat?post=177202"},{"taxonomy":"product_tag","embeddable":true,"href":"https:\/\/mod.wisdar.net\/tr\/wp-json\/wp\/v2\/product_tag?post=177202"}],"curies":[{"name":"wp","href":"https:\/\/api.w.org\/{rel}","templated":true}]}}