{"id":177288,"date":"2026-03-24T11:03:03","date_gmt":"2026-03-24T11:03:03","guid":{"rendered":"https:\/\/modesthanim.com\/product\/bagcikli-kimono-gomlek-haki\/"},"modified":"2026-03-24T11:04:06","modified_gmt":"2026-03-24T11:04:06","slug":"bagcikli-kimono-gomlek-haki","status":"publish","type":"product","link":"https:\/\/mod.wisdar.net\/tr\/urun\/bagcikli-kimono-gomlek-haki\/","title":{"rendered":"Ba\u011fc\u0131kl\u0131 Kimono G\u00f6mlek Haki"},"content":{"rendered":"<p>Beden Yard\u0131m Rehberi <\/p>\n<p>BEDEN KILAVUZU<\/p>\n<p>\u00a0<\/p>\n<p>\t\t\t\u00d6l\u00e7\u00fcler<br \/>\n\t\t\tS<br \/>\n\t\t\tM<br \/>\n\t\t\tL<br \/>\n\t\t\tXL<\/p>\n<p>\t\t\tBoy<br \/>\n\t\t\t59 cm<br \/>\n\t\t\t59,5 cm<br \/>\n\t\t\t60 cm<br \/>\n\t\t\t60,5 cm<\/p>\n<p>\t\t\tG\u00f6\u011f\u00fcs \u00c7evresi<br \/>\n\t\t\t102 cm<br \/>\n\t\t\t106 cm<br \/>\n\t\t\t110 cm<br \/>\n\t\t\t114 cm<\/p>\n<p>\t\t\tKol<br \/>\n\t\t\t60 cm<br \/>\n\t\t\t60,3 cm<br \/>\n\t\t\t60,6 cm<br \/>\n\t\t\t60,9 cm<\/p>\n<p>\u2014 Technical Details \u2014<br \/>\nMarka: Minik Terzi<br \/>\nSezon: YAZ<br \/>\nCinsiyet: Kad\u0131n<br \/>\nMalzeme: Tensel\/Keten<br \/>\nKuma\u015f \u0130\u00e7eri\u011fi: %50 Tensel %50 Pamuk<br \/>\nKal\u0131p: Tam Kal\u0131p<br \/>\nKol Boyu: Uzun Kollu<br \/>\nYaka Tipi: G\u00f6mlek Yaka<br \/>\nManken \u00d6l\u00e7\u00fcleri: 1,75<br \/>\nMankenin Giydi\u011fi Beden: S Beden<br \/>\nA\u00e7\u0131klama: Elde y\u0131kanmaz kuru temizleme yap\u0131n\u0131z.<\/p>\n","protected":false},"excerpt":{"rendered":"<p>Beden Yard\u0131m Rehberi BEDEN KILAVUZU \u00a0 \u00d6l\u00e7\u00fcler S M L XL Boy 59 cm 59,5 cm 60 cm 60,5 cm G\u00f6\u011f\u00fcs \u00c7evresi 102 cm 106 cm 110 cm 114 cm Kol 60 cm 60,3 cm 60,6 cm 60,9 cm \u2014 Technical Details \u2014 Marka: Minik Terzi Sezon: YAZ Cinsiyet: Kad\u0131n Malzeme: Tensel\/Keten Kuma\u015f \u0130\u00e7eri\u011fi: %50 [&hellip;]<\/p>\n","protected":false},"featured_media":177279,"comment_status":"open","ping_status":"closed","template":"","meta":[],"product_brand":[],"product_cat":[1909],"product_tag":[6744],"class_list":{"0":"post-177288","1":"product","2":"type-product","3":"status-publish","4":"has-post-thumbnail","6":"product_cat-bluzlar-ve-gomlekler","7":"product_tag-kadin-modasi","8":"pa_brand-minik-terzi","9":"pa_color-haki","10":"pa_size-l","11":"pa_size-m","12":"pa_size-s","13":"pa_size-xl","15":"first","16":"instock","17":"sale","18":"shipping-taxable","19":"purchasable","20":"product-type-variable"},"_links":{"self":[{"href":"https:\/\/mod.wisdar.net\/tr\/wp-json\/wp\/v2\/product\/177288","targetHints":{"allow":["GET"]}}],"collection":[{"href":"https:\/\/mod.wisdar.net\/tr\/wp-json\/wp\/v2\/product"}],"about":[{"href":"https:\/\/mod.wisdar.net\/tr\/wp-json\/wp\/v2\/types\/product"}],"replies":[{"embeddable":true,"href":"https:\/\/mod.wisdar.net\/tr\/wp-json\/wp\/v2\/comments?post=177288"}],"wp:featuredmedia":[{"embeddable":true,"href":"https:\/\/mod.wisdar.net\/tr\/wp-json\/wp\/v2\/media\/177279"}],"wp:attachment":[{"href":"https:\/\/mod.wisdar.net\/tr\/wp-json\/wp\/v2\/media?parent=177288"}],"wp:term":[{"taxonomy":"product_brand","embeddable":true,"href":"https:\/\/mod.wisdar.net\/tr\/wp-json\/wp\/v2\/product_brand?post=177288"},{"taxonomy":"product_cat","embeddable":true,"href":"https:\/\/mod.wisdar.net\/tr\/wp-json\/wp\/v2\/product_cat?post=177288"},{"taxonomy":"product_tag","embeddable":true,"href":"https:\/\/mod.wisdar.net\/tr\/wp-json\/wp\/v2\/product_tag?post=177288"}],"curies":[{"name":"wp","href":"https:\/\/api.w.org\/{rel}","templated":true}]}}