{"id":177365,"date":"2026-03-24T11:05:39","date_gmt":"2026-03-24T11:05:39","guid":{"rendered":"https:\/\/modesthanim.com\/product\/cizgili-dokumlu-tunik-aci-kahve\/"},"modified":"2026-03-24T11:06:59","modified_gmt":"2026-03-24T11:06:59","slug":"cizgili-dokumlu-tunik-aci-kahve","status":"publish","type":"product","link":"https:\/\/mod.wisdar.net\/tr\/urun\/cizgili-dokumlu-tunik-aci-kahve\/","title":{"rendered":"\u00c7izgili D\u00f6k\u00fcml\u00fc Tunik Ac\u0131 Kahve"},"content":{"rendered":"<p>Beden Yard\u0131m Rehberi<\/p>\n<p>BEDEN KILAVUZU<\/p>\n<p>\u00d6l\u00e7\u00fcler\tS\tM\tL\tXL<br \/>\nBoy\t85 cm\t85,5 cm\t86 cm\t86,5 cm<br \/>\nG\u00f6\u011f\u00fcs \u00c7evresi\t112 cm\t116 cm\t120 cm\t124 cm<br \/>\nKol\t59 cm\t59,4 cm\t59,8 cm\t60,2 cm<\/p>\n<p>\u2014 Teknik Detaylar \u2014<br \/>\nMarka: Minik Terzi<br \/>\nSezon: YAZ<br \/>\nCinsiyet: Kad\u0131n<br \/>\nMalzeme: Viskon<br \/>\nKuma\u015f \u0130\u00e7eri\u011fi: %82 Viskon %18 Polyester<br \/>\nKal\u0131p: Tam Kal\u0131p<br \/>\nKol Boyu: Uzun Kollu<br \/>\nYaka Tipi: G\u00f6mlek Yaka<br \/>\nManken \u00d6l\u00e7\u00fcleri: 1,75<br \/>\nMankenin Giydi\u011fi Beden: S Beden<br \/>\nBak\u0131m Talimat\u0131: Ters \u00e7evirerek k\u0131sa programda 30\u00b0 y\u0131kay\u0131n\u0131z.<\/p>\n","protected":false},"excerpt":{"rendered":"<p>Beden Yard\u0131m Rehberi BEDEN KILAVUZU \u00d6l\u00e7\u00fcler S M L XL Boy 85 cm 85,5 cm 86 cm 86,5 cm G\u00f6\u011f\u00fcs \u00c7evresi 112 cm 116 cm 120 cm 124 cm Kol 59 cm 59,4 cm 59,8 cm 60,2 cm \u2014 Teknik Detaylar \u2014 Marka: Minik Terzi Sezon: YAZ Cinsiyet: Kad\u0131n Malzeme: Viskon Kuma\u015f \u0130\u00e7eri\u011fi: %82 Viskon [&hellip;]<\/p>\n","protected":false},"featured_media":177359,"comment_status":"open","ping_status":"closed","template":"","meta":[],"product_brand":[],"product_cat":[2050],"product_tag":[],"class_list":{"0":"post-177365","1":"product","2":"type-product","3":"status-publish","4":"has-post-thumbnail","6":"product_cat-blazer-ceketler","7":"pa_brand-minik-terzi","8":"pa_color-aci-kahve-1","9":"pa_size-l","10":"pa_size-m","11":"pa_size-s","12":"pa_size-xl","14":"first","15":"instock","16":"sale","17":"shipping-taxable","18":"purchasable","19":"product-type-variable"},"_links":{"self":[{"href":"https:\/\/mod.wisdar.net\/tr\/wp-json\/wp\/v2\/product\/177365","targetHints":{"allow":["GET"]}}],"collection":[{"href":"https:\/\/mod.wisdar.net\/tr\/wp-json\/wp\/v2\/product"}],"about":[{"href":"https:\/\/mod.wisdar.net\/tr\/wp-json\/wp\/v2\/types\/product"}],"replies":[{"embeddable":true,"href":"https:\/\/mod.wisdar.net\/tr\/wp-json\/wp\/v2\/comments?post=177365"}],"wp:featuredmedia":[{"embeddable":true,"href":"https:\/\/mod.wisdar.net\/tr\/wp-json\/wp\/v2\/media\/177359"}],"wp:attachment":[{"href":"https:\/\/mod.wisdar.net\/tr\/wp-json\/wp\/v2\/media?parent=177365"}],"wp:term":[{"taxonomy":"product_brand","embeddable":true,"href":"https:\/\/mod.wisdar.net\/tr\/wp-json\/wp\/v2\/product_brand?post=177365"},{"taxonomy":"product_cat","embeddable":true,"href":"https:\/\/mod.wisdar.net\/tr\/wp-json\/wp\/v2\/product_cat?post=177365"},{"taxonomy":"product_tag","embeddable":true,"href":"https:\/\/mod.wisdar.net\/tr\/wp-json\/wp\/v2\/product_tag?post=177365"}],"curies":[{"name":"wp","href":"https:\/\/api.w.org\/{rel}","templated":true}]}}