{"id":177432,"date":"2026-03-24T11:08:38","date_gmt":"2026-03-24T11:08:38","guid":{"rendered":"https:\/\/modesthanim.com\/product\/desenli-volanli-elbise-gri\/"},"modified":"2026-03-24T11:10:18","modified_gmt":"2026-03-24T11:10:18","slug":"desenli-volanli-elbise-gri","status":"publish","type":"product","link":"https:\/\/mod.wisdar.net\/tr\/urun\/desenli-volanli-elbise-gri\/","title":{"rendered":"Desenli Volanl\u0131 Elbise Gri"},"content":{"rendered":"<p>Beden Yard\u0131m Rehberi <\/p>\n<p>BEDEN KILAVUZU<\/p>\n<p>\u00a0<\/p>\n<p>\t\t\t\u00d6l\u00e7\u00fcler<br \/>\n\t\t\tS<br \/>\n\t\t\tM<br \/>\n\t\t\tL<\/p>\n<p>\t\t\tBoy<br \/>\n\t\t\t139 cm<br \/>\n\t\t\t139,5 cm<br \/>\n\t\t\t140 cm<\/p>\n<p>\t\t\tG\u00f6\u011f\u00fcs \u00c7evresi<br \/>\n\t\t\t94 cm<br \/>\n\t\t\t98 cm<br \/>\n\t\t\t102 cm<\/p>\n<p>\t\t\tKol<br \/>\n\t\t\t61 cm<br \/>\n\t\t\t61,5 cm<br \/>\n\t\t\t62 cm<\/p>\n<p>\t\t\tBasen<br \/>\n\t\t\t106 cm<br \/>\n\t\t\t110 cm<br \/>\n\t\t\t114 cm<\/p>\n<p>\u2014 Technical Details \u2014<br \/>\n\u00dcr\u00fcn Hakk\u0131nda: Astarl\u0131d\u0131r.<br \/>\nMarka: Minik Terzi<br \/>\nSezon: MEVS\u0130ML\u0130K<br \/>\nCinsiyet: Kad\u0131n<br \/>\nMalzeme: Pamuk \/ Viskon<br \/>\nKuma\u015f \u0130\u00e7eri\u011fi: %67 Viskon %33 Pamuk<br \/>\nKal\u0131p: Tam Kal\u0131p<br \/>\nKol Boyu: Uzun Kollu<br \/>\nYaka Tipi: Bisiklet Yaka<br \/>\nMankenin Giydi\u011fi Beden: S Beden<br \/>\nA\u00e7\u0131klama: Ters \u00e7evirerek k\u0131sa programda 30\u00b0 y\u0131kay\u0131n\u0131z.<\/p>\n","protected":false},"excerpt":{"rendered":"<p>Beden Yard\u0131m Rehberi BEDEN KILAVUZU \u00a0 \u00d6l\u00e7\u00fcler S M L Boy 139 cm 139,5 cm 140 cm G\u00f6\u011f\u00fcs \u00c7evresi 94 cm 98 cm 102 cm Kol 61 cm 61,5 cm 62 cm Basen 106 cm 110 cm 114 cm \u2014 Technical Details \u2014 \u00dcr\u00fcn Hakk\u0131nda: Astarl\u0131d\u0131r. Marka: Minik Terzi Sezon: MEVS\u0130ML\u0130K Cinsiyet: Kad\u0131n Malzeme: Pamuk [&hellip;]<\/p>\n","protected":false},"featured_media":177421,"comment_status":"open","ping_status":"closed","template":"","meta":[],"product_brand":[],"product_cat":[6249,1933],"product_tag":[],"class_list":{"0":"post-177432","1":"product","2":"type-product","3":"status-publish","4":"has-post-thumbnail","6":"product_cat-elbiseler","7":"product_cat-gunluk-ve-gunduz-elbiseleri","8":"pa_brand-minik-terzi","9":"pa_color-gri","10":"pa_size-l","11":"pa_size-m","12":"pa_size-s","14":"first","15":"instock","16":"sale","17":"shipping-taxable","18":"purchasable","19":"product-type-variable"},"_links":{"self":[{"href":"https:\/\/mod.wisdar.net\/tr\/wp-json\/wp\/v2\/product\/177432","targetHints":{"allow":["GET"]}}],"collection":[{"href":"https:\/\/mod.wisdar.net\/tr\/wp-json\/wp\/v2\/product"}],"about":[{"href":"https:\/\/mod.wisdar.net\/tr\/wp-json\/wp\/v2\/types\/product"}],"replies":[{"embeddable":true,"href":"https:\/\/mod.wisdar.net\/tr\/wp-json\/wp\/v2\/comments?post=177432"}],"wp:featuredmedia":[{"embeddable":true,"href":"https:\/\/mod.wisdar.net\/tr\/wp-json\/wp\/v2\/media\/177421"}],"wp:attachment":[{"href":"https:\/\/mod.wisdar.net\/tr\/wp-json\/wp\/v2\/media?parent=177432"}],"wp:term":[{"taxonomy":"product_brand","embeddable":true,"href":"https:\/\/mod.wisdar.net\/tr\/wp-json\/wp\/v2\/product_brand?post=177432"},{"taxonomy":"product_cat","embeddable":true,"href":"https:\/\/mod.wisdar.net\/tr\/wp-json\/wp\/v2\/product_cat?post=177432"},{"taxonomy":"product_tag","embeddable":true,"href":"https:\/\/mod.wisdar.net\/tr\/wp-json\/wp\/v2\/product_tag?post=177432"}],"curies":[{"name":"wp","href":"https:\/\/api.w.org\/{rel}","templated":true}]}}