{"id":17745,"date":"2025-11-02T13:12:20","date_gmt":"2025-11-02T13:12:20","guid":{"rendered":"https:\/\/modesthanim.com\/product\/desenli-tunik-pantolon-takimi-vizon\/"},"modified":"2026-04-02T19:58:59","modified_gmt":"2026-04-02T19:58:59","slug":"desenli-tunik-pantolon-takimi-vizon","status":"publish","type":"product","link":"https:\/\/mod.wisdar.net\/tr\/urun\/desenli-tunik-pantolon-takimi-vizon\/","title":{"rendered":"Desenli Tunik Pantolon Tak\u0131m\u0131 \u2013 Vizon"},"content":{"rendered":"<p>Modern desenleri ile dikkat \u00e7eken bu tak\u0131m, tunik ve pantolonun uyumu ile \u015f\u0131k bir g\u00f6r\u00fcn\u00fcm sunar. Hafif kuma\u015f\u0131 sayesinde g\u00fcn boyu konfor sa\u011flar. Hem \u015f\u0131k hem de rahat kombinler i\u00e7in ideal bir se\u00e7enektir.<\/p>\n<p>\u00dcST<\/p>\n<p>Kuma\u015f \u0130\u00e7eri\u011fi: %65 Reyon, %35 Viskoz<br \/>\nDesen: Zincir Deseni<br \/>\nYaka Tipi: G\u00f6mlek Yakas\u0131<br \/>\nKol Tipi: Uzun Kol<br \/>\nCep: Cepsiz<br \/>\nAstar: Astars\u0131z<br \/>\n\u00dcr\u00fcn Uzunlu\u011fu: 95 cm<br \/>\nDesen Tipi: Rahat Desen<\/p>\n<p>ALT<\/p>\n<p>Kuma\u015f \u0130\u00e7eri\u011fi: %65 Reyon, %35 Viskoz<br \/>\nDesen: Zincir Deseni<br \/>\nBel Tipi: Normal Bel<br \/>\nBacak Tipi: Geni\u015f Bacak<br \/>\nCep: Yan Cep<br \/>\nAstar: Astars\u0131z<br \/>\n\u00dcr\u00fcn Uzunlu\u011fu: 107 cm<br \/>\nDesen Tipi: Rahat Desen<\/p>\n<p>Modelin Giydi\u011fi Beden: 38<br \/>\nModel \u00d6l\u00e7\u00fcleri: Boy: 176 cm, G\u00f6\u011f\u00fcs: 86 cm, Bel: 61 cm, Kal\u00e7a: 90 cm<\/p>\n","protected":false},"excerpt":{"rendered":"<p>Modern desenleri ile dikkat \u00e7eken bu tak\u0131m, tunik ve pantolonun uyumu ile \u015f\u0131k bir g\u00f6r\u00fcn\u00fcm sunar. Hafif kuma\u015f\u0131 sayesinde g\u00fcn boyu konfor sa\u011flar. Hem \u015f\u0131k hem de rahat kombinler i\u00e7in ideal bir se\u00e7enektir. \u00dcST Kuma\u015f \u0130\u00e7eri\u011fi: %65 Reyon, %35 Viskoz Desen: Zincir Deseni Yaka Tipi: G\u00f6mlek Yakas\u0131 Kol Tipi: Uzun Kol Cep: Cepsiz Astar: Astars\u0131z [&hellip;]<\/p>\n","protected":false},"featured_media":0,"comment_status":"open","ping_status":"closed","template":"","meta":[],"product_brand":[],"product_cat":[1900],"product_tag":[],"class_list":{"0":"post-17745","1":"product","2":"type-product","3":"status-publish","5":"product_cat-koordinatlar-setler","6":"pa_brand-tugba","7":"pa_color-vizon","8":"pa_size-4701","9":"pa_size-4706","10":"pa_size-4711","11":"pa_size-4713","12":"pa_size-4751","13":"pa_size-4749","15":"first","16":"instock","17":"sale","18":"shipping-taxable","19":"purchasable","20":"product-type-variable"},"_links":{"self":[{"href":"https:\/\/mod.wisdar.net\/tr\/wp-json\/wp\/v2\/product\/17745","targetHints":{"allow":["GET"]}}],"collection":[{"href":"https:\/\/mod.wisdar.net\/tr\/wp-json\/wp\/v2\/product"}],"about":[{"href":"https:\/\/mod.wisdar.net\/tr\/wp-json\/wp\/v2\/types\/product"}],"replies":[{"embeddable":true,"href":"https:\/\/mod.wisdar.net\/tr\/wp-json\/wp\/v2\/comments?post=17745"}],"wp:attachment":[{"href":"https:\/\/mod.wisdar.net\/tr\/wp-json\/wp\/v2\/media?parent=17745"}],"wp:term":[{"taxonomy":"product_brand","embeddable":true,"href":"https:\/\/mod.wisdar.net\/tr\/wp-json\/wp\/v2\/product_brand?post=17745"},{"taxonomy":"product_cat","embeddable":true,"href":"https:\/\/mod.wisdar.net\/tr\/wp-json\/wp\/v2\/product_cat?post=17745"},{"taxonomy":"product_tag","embeddable":true,"href":"https:\/\/mod.wisdar.net\/tr\/wp-json\/wp\/v2\/product_tag?post=17745"}],"curies":[{"name":"wp","href":"https:\/\/api.w.org\/{rel}","templated":true}]}}