{"id":177573,"date":"2026-03-24T11:17:35","date_gmt":"2026-03-24T11:17:35","guid":{"rendered":"https:\/\/modesthanim.com\/product\/uzun-yakali-gomlek-bebek-mavisi\/"},"modified":"2026-03-24T11:19:08","modified_gmt":"2026-03-24T11:19:08","slug":"uzun-yakali-gomlek-bebek-mavisi","status":"publish","type":"product","link":"https:\/\/mod.wisdar.net\/tr\/urun\/uzun-yakali-gomlek-bebek-mavisi\/","title":{"rendered":"Uzun Yakal\u0131 G\u00f6mlek Bebek Mavisi"},"content":{"rendered":"<p>Beden Yard\u0131m Rehberi <\/p>\n<p>BEDEN KILAVUZU<\/p>\n<p>\u00a0<\/p>\n<p>\t\t\t\u00d6l\u00e7\u00fcler<br \/>\n\t\t\tS<br \/>\n\t\t\tM<br \/>\n\t\t\tL<br \/>\n\t\t\tXL<\/p>\n<p>\t\t\tBoy<br \/>\n\t\t\t74 cm<br \/>\n\t\t\t74,5 cm<br \/>\n\t\t\t75 cm<br \/>\n\t\t\t75,5 cm<\/p>\n<p>\t\t\tG\u00f6\u011f\u00fcs \u00c7evresi<br \/>\n\t\t\t126 cm<br \/>\n\t\t\t130 cm<br \/>\n\t\t\t134 cm<br \/>\n\t\t\t138 cm<\/p>\n<p>\t\t\tKol<br \/>\n\t\t\t55,5 cm<br \/>\n\t\t\t56 cm<br \/>\n\t\t\t56,5 cm<br \/>\n\t\t\t57 cm<\/p>\n<p>\t\t\tBel<br \/>\n\t\t\t78 cm<br \/>\n\t\t\t82 cm<br \/>\n\t\t\t86 cm<br \/>\n\t\t\t90 cm<\/p>\n<p>\t\t\tBasen<br \/>\n\t\t\t84 cm<br \/>\n\t\t\t88 cm<br \/>\n\t\t\t92 cm<br \/>\n\t\t\t96 cm<\/p>\n<p>\u2014 Technical Details \u2014<br \/>\nMarka: Minik Terzi<br \/>\nSezon: YAZ<br \/>\nCinsiyet: Kad\u0131n<br \/>\nMalzeme: Pamuk \/ Polyester<br \/>\nKuma\u015f \u0130\u00e7eri\u011fi: %52 pamuk %48 polyester<br \/>\nKal\u0131p: Tam Kal\u0131p<br \/>\nKol Boyu: Uzun Kollu<br \/>\nManken \u00d6l\u00e7\u00fcleri: 1,75<br \/>\nMankenin Giydi\u011fi Beden: S Beden<br \/>\nA\u00e7\u0131klama: Ters \u00e7evirerek k\u0131sa programda 30\u00b0 y\u0131kay\u0131n\u0131z.<\/p>\n","protected":false},"excerpt":{"rendered":"<p>Beden Yard\u0131m Rehberi BEDEN KILAVUZU \u00a0 \u00d6l\u00e7\u00fcler S M L XL Boy 74 cm 74,5 cm 75 cm 75,5 cm G\u00f6\u011f\u00fcs \u00c7evresi 126 cm 130 cm 134 cm 138 cm Kol 55,5 cm 56 cm 56,5 cm 57 cm Bel 78 cm 82 cm 86 cm 90 cm Basen 84 cm 88 cm 92 cm [&hellip;]<\/p>\n","protected":false},"featured_media":177564,"comment_status":"open","ping_status":"closed","template":"","meta":[],"product_brand":[],"product_cat":[1909],"product_tag":[7823,7425],"class_list":{"0":"post-177573","1":"product","2":"type-product","3":"status-publish","4":"has-post-thumbnail","6":"product_cat-bluzlar-ve-gomlekler","7":"product_tag-kadin-gomlek","8":"product_tag-pamuk-karisimi","9":"pa_brand-minik-terzi","10":"pa_size-l","11":"pa_size-m","12":"pa_size-s","14":"first","15":"instock","16":"sale","17":"shipping-taxable","18":"purchasable","19":"product-type-variable"},"_links":{"self":[{"href":"https:\/\/mod.wisdar.net\/tr\/wp-json\/wp\/v2\/product\/177573","targetHints":{"allow":["GET"]}}],"collection":[{"href":"https:\/\/mod.wisdar.net\/tr\/wp-json\/wp\/v2\/product"}],"about":[{"href":"https:\/\/mod.wisdar.net\/tr\/wp-json\/wp\/v2\/types\/product"}],"replies":[{"embeddable":true,"href":"https:\/\/mod.wisdar.net\/tr\/wp-json\/wp\/v2\/comments?post=177573"}],"wp:featuredmedia":[{"embeddable":true,"href":"https:\/\/mod.wisdar.net\/tr\/wp-json\/wp\/v2\/media\/177564"}],"wp:attachment":[{"href":"https:\/\/mod.wisdar.net\/tr\/wp-json\/wp\/v2\/media?parent=177573"}],"wp:term":[{"taxonomy":"product_brand","embeddable":true,"href":"https:\/\/mod.wisdar.net\/tr\/wp-json\/wp\/v2\/product_brand?post=177573"},{"taxonomy":"product_cat","embeddable":true,"href":"https:\/\/mod.wisdar.net\/tr\/wp-json\/wp\/v2\/product_cat?post=177573"},{"taxonomy":"product_tag","embeddable":true,"href":"https:\/\/mod.wisdar.net\/tr\/wp-json\/wp\/v2\/product_tag?post=177573"}],"curies":[{"name":"wp","href":"https:\/\/api.w.org\/{rel}","templated":true}]}}