{"id":177621,"date":"2026-03-24T11:20:44","date_gmt":"2026-03-24T11:20:44","guid":{"rendered":"https:\/\/modesthanim.com\/product\/sedef-dugmeli-pamuk-pantolon-kahverengi\/"},"modified":"2026-03-24T11:22:03","modified_gmt":"2026-03-24T11:22:03","slug":"sedef-dugmeli-pamuk-pantolon-kahverengi","status":"publish","type":"product","link":"https:\/\/mod.wisdar.net\/tr\/urun\/sedef-dugmeli-pamuk-pantolon-kahverengi\/","title":{"rendered":"Sedef D\u00fc\u011fmeli Pamuk Pantolon Kahverengi"},"content":{"rendered":"<p>Beden Yard\u0131m Rehberi<\/p>\n<p>BEDEN KILAVUZU<\/p>\n<p>\u00d6l\u00e7\u00fcler\t36\t38\t40\t42\t44<br \/>\nBoy\t99 cm\t99,5 cm\t100 cm\t100,5 cm\t101 cm<br \/>\nBel\t72 cm\t76 cm\t80 cm\t84 cm\t88 cm<br \/>\nBasen\t96 cm\t100 cm\t104 cm\t108 cm\t112 cm<\/p>\n<p>\u2014 Teknik Detaylar \u2014<br \/>\n\u00dcr\u00fcn Hakk\u0131nda: Ceplidir.<br \/>\nSezon: YAZ<br \/>\nCinsiyet: Kad\u0131n<br \/>\nMalzeme: %100 Pamuk<br \/>\nKal\u0131p: Tam Kal\u0131p<br \/>\nMankenin Giydi\u011fi Beden: 36<br \/>\nBak\u0131m Talimat\u0131: Ters \u00e7evirerek k\u0131sa programda 30\u00b0 y\u0131kay\u0131n\u0131z.<\/p>\n","protected":false},"excerpt":{"rendered":"<p>Beden Yard\u0131m Rehberi BEDEN KILAVUZU \u00d6l\u00e7\u00fcler 36 38 40 42 44 Boy 99 cm 99,5 cm 100 cm 100,5 cm 101 cm Bel 72 cm 76 cm 80 cm 84 cm 88 cm Basen 96 cm 100 cm 104 cm 108 cm 112 cm \u2014 Teknik Detaylar \u2014 \u00dcr\u00fcn Hakk\u0131nda: Ceplidir. Sezon: YAZ Cinsiyet: Kad\u0131n [&hellip;]<\/p>\n","protected":false},"featured_media":177619,"comment_status":"open","ping_status":"closed","template":"","meta":[],"product_brand":[],"product_cat":[1882],"product_tag":[],"class_list":{"0":"post-177621","1":"product","2":"type-product","3":"status-publish","4":"has-post-thumbnail","6":"product_cat-alt-giyim","7":"pa_brand-minik-terzi","8":"pa_color-kahverengi","9":"pa_size-4701","10":"pa_size-4706","11":"pa_size-4711","12":"pa_size-4713","13":"pa_size-4751","15":"first","16":"instock","17":"sale","18":"shipping-taxable","19":"purchasable","20":"product-type-variable"},"_links":{"self":[{"href":"https:\/\/mod.wisdar.net\/tr\/wp-json\/wp\/v2\/product\/177621","targetHints":{"allow":["GET"]}}],"collection":[{"href":"https:\/\/mod.wisdar.net\/tr\/wp-json\/wp\/v2\/product"}],"about":[{"href":"https:\/\/mod.wisdar.net\/tr\/wp-json\/wp\/v2\/types\/product"}],"replies":[{"embeddable":true,"href":"https:\/\/mod.wisdar.net\/tr\/wp-json\/wp\/v2\/comments?post=177621"}],"wp:featuredmedia":[{"embeddable":true,"href":"https:\/\/mod.wisdar.net\/tr\/wp-json\/wp\/v2\/media\/177619"}],"wp:attachment":[{"href":"https:\/\/mod.wisdar.net\/tr\/wp-json\/wp\/v2\/media?parent=177621"}],"wp:term":[{"taxonomy":"product_brand","embeddable":true,"href":"https:\/\/mod.wisdar.net\/tr\/wp-json\/wp\/v2\/product_brand?post=177621"},{"taxonomy":"product_cat","embeddable":true,"href":"https:\/\/mod.wisdar.net\/tr\/wp-json\/wp\/v2\/product_cat?post=177621"},{"taxonomy":"product_tag","embeddable":true,"href":"https:\/\/mod.wisdar.net\/tr\/wp-json\/wp\/v2\/product_tag?post=177621"}],"curies":[{"name":"wp","href":"https:\/\/api.w.org\/{rel}","templated":true}]}}