{"id":177693,"date":"2026-03-24T11:26:10","date_gmt":"2026-03-24T11:26:10","guid":{"rendered":"https:\/\/modesthanim.com\/product\/buzgu-detayli-keten-bluz-pembe\/"},"modified":"2026-03-24T11:27:30","modified_gmt":"2026-03-24T11:27:30","slug":"buzgu-detayli-keten-bluz-pembe","status":"publish","type":"product","link":"https:\/\/mod.wisdar.net\/tr\/urun\/buzgu-detayli-keten-bluz-pembe\/","title":{"rendered":"B\u00fczg\u00fc Detayl\u0131 Keten Bluz Pembe"},"content":{"rendered":"<p>Beden Yard\u0131m Rehberi <\/p>\n<p>BEDEN KILAVUZU<\/p>\n<p>\u00a0<\/p>\n<p>\t\t\t\u00d6l\u00e7\u00fcler<br \/>\n\t\t\tS<br \/>\n\t\t\tM<br \/>\n\t\t\tL<br \/>\n\t\t\tXL<\/p>\n<p>\t\t\tBoy<br \/>\n\t\t\t73 cm<br \/>\n\t\t\t73,5 cm<br \/>\n\t\t\t74 cm<br \/>\n\t\t\t74,5 cm<\/p>\n<p>\t\t\tG\u00f6\u011f\u00fcs \u00c7evresi<br \/>\n\t\t\t122 cm<br \/>\n\t\t\t126 cm<br \/>\n\t\t\t130 cm<br \/>\n\t\t\t134 cm<\/p>\n<p>\t\t\tKol<br \/>\n\t\t\t75 cm<br \/>\n\t\t\t75,5 cm<br \/>\n\t\t\t76 cm<br \/>\n\t\t\t76,5 cm<\/p>\n<p>\t\t\tBasen<br \/>\n\t\t\t128 cm<br \/>\n\t\t\t132 cm<br \/>\n\t\t\t136 cm<br \/>\n\t\t\t140 cm<\/p>\n<p>\u2014 Technical Details \u2014<br \/>\nMarka: Minik Terzi<br \/>\nSezon: YAZ<br \/>\nCinsiyet: Kad\u0131n<br \/>\nMalzeme: Pamuk \/ Tensel<br \/>\nKuma\u015f \u0130\u00e7eri\u011fi: %61 Tensel %27 Pamuk %12 Keten<br \/>\nKal\u0131p: Tam Kal\u0131p<br \/>\nKol Boyu: Uzun Kollu<br \/>\nManken \u00d6l\u00e7\u00fcleri: 1,75<br \/>\nMankenin Giydi\u011fi Beden: S Beden<br \/>\nA\u00e7\u0131klama: Ters \u00e7evirerek k\u0131sa programda 30\u00b0 y\u0131kay\u0131n\u0131z.<\/p>\n","protected":false},"excerpt":{"rendered":"<p>Beden Yard\u0131m Rehberi BEDEN KILAVUZU \u00a0 \u00d6l\u00e7\u00fcler S M L XL Boy 73 cm 73,5 cm 74 cm 74,5 cm G\u00f6\u011f\u00fcs \u00c7evresi 122 cm 126 cm 130 cm 134 cm Kol 75 cm 75,5 cm 76 cm 76,5 cm Basen 128 cm 132 cm 136 cm 140 cm \u2014 Technical Details \u2014 Marka: Minik Terzi [&hellip;]<\/p>\n","protected":false},"featured_media":177683,"comment_status":"open","ping_status":"closed","template":"","meta":[],"product_brand":[],"product_cat":[1909],"product_tag":[6744],"class_list":{"0":"post-177693","1":"product","2":"type-product","3":"status-publish","4":"has-post-thumbnail","6":"product_cat-bluzlar-ve-gomlekler","7":"product_tag-kadin-modasi","8":"pa_brand-minik-terzi","9":"pa_color-pembe","10":"pa_size-l","11":"pa_size-m","12":"pa_size-s","13":"pa_size-xl","15":"first","16":"instock","17":"sale","18":"shipping-taxable","19":"purchasable","20":"product-type-variable"},"_links":{"self":[{"href":"https:\/\/mod.wisdar.net\/tr\/wp-json\/wp\/v2\/product\/177693","targetHints":{"allow":["GET"]}}],"collection":[{"href":"https:\/\/mod.wisdar.net\/tr\/wp-json\/wp\/v2\/product"}],"about":[{"href":"https:\/\/mod.wisdar.net\/tr\/wp-json\/wp\/v2\/types\/product"}],"replies":[{"embeddable":true,"href":"https:\/\/mod.wisdar.net\/tr\/wp-json\/wp\/v2\/comments?post=177693"}],"wp:featuredmedia":[{"embeddable":true,"href":"https:\/\/mod.wisdar.net\/tr\/wp-json\/wp\/v2\/media\/177683"}],"wp:attachment":[{"href":"https:\/\/mod.wisdar.net\/tr\/wp-json\/wp\/v2\/media?parent=177693"}],"wp:term":[{"taxonomy":"product_brand","embeddable":true,"href":"https:\/\/mod.wisdar.net\/tr\/wp-json\/wp\/v2\/product_brand?post=177693"},{"taxonomy":"product_cat","embeddable":true,"href":"https:\/\/mod.wisdar.net\/tr\/wp-json\/wp\/v2\/product_cat?post=177693"},{"taxonomy":"product_tag","embeddable":true,"href":"https:\/\/mod.wisdar.net\/tr\/wp-json\/wp\/v2\/product_tag?post=177693"}],"curies":[{"name":"wp","href":"https:\/\/api.w.org\/{rel}","templated":true}]}}