{"id":177746,"date":"2026-03-24T11:27:49","date_gmt":"2026-03-24T11:27:49","guid":{"rendered":"https:\/\/modesthanim.com\/product\/capraz-dugmeli-%100-keten-gomlek-aci-kahve\/"},"modified":"2026-03-24T11:29:17","modified_gmt":"2026-03-24T11:29:17","slug":"capraz-dugmeli-%100-keten-gomlek-aci-kahve","status":"publish","type":"product","link":"https:\/\/mod.wisdar.net\/tr\/urun\/capraz-dugmeli-%100-keten-gomlek-aci-kahve\/","title":{"rendered":"\u00c7apraz D\u00fc\u011fmeli %100 Keten G\u00f6mlek Ac\u0131 kahve"},"content":{"rendered":"<p>Beden Yard\u0131m Rehberi <\/p>\n<p>BEDEN KILAVUZU<\/p>\n<p>\u00a0<\/p>\n<p>\t\t\t\u00d6l\u00e7\u00fcler<br \/>\n\t\t\tS<br \/>\n\t\t\tM<br \/>\n\t\t\tL<br \/>\n\t\t\tXL<\/p>\n<p>\t\t\tBoy<br \/>\n\t\t\t72,5 cm<br \/>\n\t\t\t73 cm<br \/>\n\t\t\t73,5 cm<br \/>\n\t\t\t74 cm<\/p>\n<p>\t\t\tG\u00f6\u011f\u00fcs \u00c7evresi<br \/>\n\t\t\t112 cm<br \/>\n\t\t\t116 cm<br \/>\n\t\t\t120 cm<br \/>\n\t\t\t124 cm<\/p>\n<p>\t\t\tKol<br \/>\n\t\t\t53 cm<br \/>\n\t\t\t53,2 cm<br \/>\n\t\t\t53,4 cm<br \/>\n\t\t\t53,6 cm<\/p>\n<p>\t\t\tBasen<br \/>\n\t\t\t116 cm<br \/>\n\t\t\t120 cm<br \/>\n\t\t\t124 cm<br \/>\n\t\t\t128 cm<\/p>\n<p>\u2014 Technical Details \u2014<br \/>\n\u00dcr\u00fcn Hakk\u0131nda: \u00dcr\u00fcn tek olarak sat\u0131lmaktad\u0131r.<br \/>\nMarka: Minik Terzi<br \/>\nSezon: YAZ<br \/>\nCinsiyet: Kad\u0131n<br \/>\nMalzeme: Keten<br \/>\nKuma\u015f \u0130\u00e7eri\u011fi: %100 Keten<br \/>\nKal\u0131p: Tam Kal\u0131p<br \/>\nKol Boyu: Uzun Kollu<br \/>\nYaka Tipi: G\u00f6mlek Yaka<br \/>\nManken \u00d6l\u00e7\u00fcleri: 1,75<br \/>\nMankenin Giydi\u011fi Beden: S Beden<br \/>\nA\u00e7\u0131klama: Elde y\u0131kanmaz kuru temizleme yap\u0131n\u0131z.<\/p>\n","protected":false},"excerpt":{"rendered":"<p>Beden Yard\u0131m Rehberi BEDEN KILAVUZU \u00a0 \u00d6l\u00e7\u00fcler S M L XL Boy 72,5 cm 73 cm 73,5 cm 74 cm G\u00f6\u011f\u00fcs \u00c7evresi 112 cm 116 cm 120 cm 124 cm Kol 53 cm 53,2 cm 53,4 cm 53,6 cm Basen 116 cm 120 cm 124 cm 128 cm \u2014 Technical Details \u2014 \u00dcr\u00fcn Hakk\u0131nda: \u00dcr\u00fcn [&hellip;]<\/p>\n","protected":false},"featured_media":177734,"comment_status":"open","ping_status":"closed","template":"","meta":[],"product_brand":[],"product_cat":[1909],"product_tag":[7547],"class_list":{"0":"post-177746","1":"product","2":"type-product","3":"status-publish","4":"has-post-thumbnail","6":"product_cat-bluzlar-ve-gomlekler","7":"product_tag-kadin-giyim","8":"pa_brand-minik-terzi","9":"pa_color-aci-kahve-1","10":"pa_size-l","11":"pa_size-m","12":"pa_size-s","13":"pa_size-xl","15":"first","16":"instock","17":"sale","18":"shipping-taxable","19":"purchasable","20":"product-type-variable"},"_links":{"self":[{"href":"https:\/\/mod.wisdar.net\/tr\/wp-json\/wp\/v2\/product\/177746","targetHints":{"allow":["GET"]}}],"collection":[{"href":"https:\/\/mod.wisdar.net\/tr\/wp-json\/wp\/v2\/product"}],"about":[{"href":"https:\/\/mod.wisdar.net\/tr\/wp-json\/wp\/v2\/types\/product"}],"replies":[{"embeddable":true,"href":"https:\/\/mod.wisdar.net\/tr\/wp-json\/wp\/v2\/comments?post=177746"}],"wp:featuredmedia":[{"embeddable":true,"href":"https:\/\/mod.wisdar.net\/tr\/wp-json\/wp\/v2\/media\/177734"}],"wp:attachment":[{"href":"https:\/\/mod.wisdar.net\/tr\/wp-json\/wp\/v2\/media?parent=177746"}],"wp:term":[{"taxonomy":"product_brand","embeddable":true,"href":"https:\/\/mod.wisdar.net\/tr\/wp-json\/wp\/v2\/product_brand?post=177746"},{"taxonomy":"product_cat","embeddable":true,"href":"https:\/\/mod.wisdar.net\/tr\/wp-json\/wp\/v2\/product_cat?post=177746"},{"taxonomy":"product_tag","embeddable":true,"href":"https:\/\/mod.wisdar.net\/tr\/wp-json\/wp\/v2\/product_tag?post=177746"}],"curies":[{"name":"wp","href":"https:\/\/api.w.org\/{rel}","templated":true}]}}