{"id":177847,"date":"2026-03-24T11:34:28","date_gmt":"2026-03-24T11:34:28","guid":{"rendered":"https:\/\/modesthanim.com\/product\/genis-paca-%100-keten-pantolon-kirmizi\/"},"modified":"2026-03-24T11:36:09","modified_gmt":"2026-03-24T11:36:09","slug":"genis-paca-%100-keten-pantolon-kirmizi","status":"publish","type":"product","link":"https:\/\/mod.wisdar.net\/tr\/urun\/genis-paca-%100-keten-pantolon-kirmizi\/","title":{"rendered":"Geni\u015f Pa\u00e7a %100 Keten Pantolon K\u0131rm\u0131z\u0131"},"content":{"rendered":"<p>Beden Yard\u0131m Rehberi <\/p>\n<p>BEDEN KILAVUZU<\/p>\n<p>\u00a0<\/p>\n<p>\t\t\t\u00d6l\u00e7\u00fcler<br \/>\n\t\t\t36<br \/>\n\t\t\t38<br \/>\n\t\t\t40<\/p>\n<p>\t\t\tBoy<br \/>\n\t\t\t96 cm<br \/>\n\t\t\t96,5 cm<br \/>\n\t\t\t97 cm<\/p>\n<p>\t\t\tBel<br \/>\n\t\t\t68 cm<br \/>\n\t\t\t72 cm<br \/>\n\t\t\t76 cm<\/p>\n<p>\t\t\tBasen<br \/>\n\t\t\t118 cm<br \/>\n\t\t\t122 cm<br \/>\n\t\t\t126 cm<\/p>\n<p>\u2014 Technical Details \u2014<br \/>\n\u00dcr\u00fcn Hakk\u0131nda: \u00dcr\u00fcn tek olarak sat\u0131lmaktad\u0131r.<br \/>\nMarka: Minik Terzi<br \/>\nSezon: YAZ<br \/>\nCinsiyet: Kad\u0131n<br \/>\nMalzeme: Keten<br \/>\nKuma\u015f \u0130\u00e7eri\u011fi: %100 Keten<br \/>\nKal\u0131p: Bol Kal\u0131p<br \/>\nManken \u00d6l\u00e7\u00fcleri: 1,75<br \/>\nMankenin Giydi\u011fi Beden: 36<br \/>\nA\u00e7\u0131klama: Elde y\u0131kanmaz kuru temizleme yap\u0131n\u0131z.<\/p>\n","protected":false},"excerpt":{"rendered":"<p>Beden Yard\u0131m Rehberi BEDEN KILAVUZU \u00a0 \u00d6l\u00e7\u00fcler 36 38 40 Boy 96 cm 96,5 cm 97 cm Bel 68 cm 72 cm 76 cm Basen 118 cm 122 cm 126 cm \u2014 Technical Details \u2014 \u00dcr\u00fcn Hakk\u0131nda: \u00dcr\u00fcn tek olarak sat\u0131lmaktad\u0131r. Marka: Minik Terzi Sezon: YAZ Cinsiyet: Kad\u0131n Malzeme: Keten Kuma\u015f \u0130\u00e7eri\u011fi: %100 Keten Kal\u0131p: [&hellip;]<\/p>\n","protected":false},"featured_media":177838,"comment_status":"open","ping_status":"closed","template":"","meta":[],"product_brand":[],"product_cat":[1882],"product_tag":[7326,7426,7547],"class_list":{"0":"post-177847","1":"product","2":"type-product","3":"status-publish","4":"has-post-thumbnail","6":"product_cat-alt-giyim","7":"product_tag-bol-kesim","8":"product_tag-gunluk-giyim-3","9":"product_tag-kadin-giyim","10":"pa_brand-minik-terzi","11":"pa_color-kirmizi","12":"pa_size-4701","13":"pa_size-4706","14":"pa_size-4711","15":"pa_size-4713","17":"first","18":"instock","19":"sale","20":"shipping-taxable","21":"purchasable","22":"product-type-variable"},"_links":{"self":[{"href":"https:\/\/mod.wisdar.net\/tr\/wp-json\/wp\/v2\/product\/177847","targetHints":{"allow":["GET"]}}],"collection":[{"href":"https:\/\/mod.wisdar.net\/tr\/wp-json\/wp\/v2\/product"}],"about":[{"href":"https:\/\/mod.wisdar.net\/tr\/wp-json\/wp\/v2\/types\/product"}],"replies":[{"embeddable":true,"href":"https:\/\/mod.wisdar.net\/tr\/wp-json\/wp\/v2\/comments?post=177847"}],"wp:featuredmedia":[{"embeddable":true,"href":"https:\/\/mod.wisdar.net\/tr\/wp-json\/wp\/v2\/media\/177838"}],"wp:attachment":[{"href":"https:\/\/mod.wisdar.net\/tr\/wp-json\/wp\/v2\/media?parent=177847"}],"wp:term":[{"taxonomy":"product_brand","embeddable":true,"href":"https:\/\/mod.wisdar.net\/tr\/wp-json\/wp\/v2\/product_brand?post=177847"},{"taxonomy":"product_cat","embeddable":true,"href":"https:\/\/mod.wisdar.net\/tr\/wp-json\/wp\/v2\/product_cat?post=177847"},{"taxonomy":"product_tag","embeddable":true,"href":"https:\/\/mod.wisdar.net\/tr\/wp-json\/wp\/v2\/product_tag?post=177847"}],"curies":[{"name":"wp","href":"https:\/\/api.w.org\/{rel}","templated":true}]}}