{"id":177961,"date":"2026-03-24T11:41:11","date_gmt":"2026-03-24T11:41:11","guid":{"rendered":"https:\/\/modesthanim.com\/product\/kopru-detayli-bluz-kahverengi\/"},"modified":"2026-04-11T11:41:24","modified_gmt":"2026-04-11T11:41:24","slug":"kopru-detayli-bluz-kahverengi","status":"publish","type":"product","link":"https:\/\/mod.wisdar.net\/tr\/urun\/kopru-detayli-bluz-kahverengi\/","title":{"rendered":"K\u00f6pr\u00fc Detayl\u0131 Bluz Kahverengi"},"content":{"rendered":"<p>Beden Yard\u0131m Rehberi <\/p>\n<p>BEDEN KILAVUZU<\/p>\n<p>\u00a0<\/p>\n<p>\t\t\t\u00d6l\u00e7\u00fcler<br \/>\n\t\t\tS<br \/>\n\t\t\tM<br \/>\n\t\t\tL<br \/>\n\t\t\tXL<\/p>\n<p>\t\t\tBoy<br \/>\n\t\t\t64 cm<br \/>\n\t\t\t64,5 cm<br \/>\n\t\t\t65 cm<br \/>\n\t\t\t65,5 cm<\/p>\n<p>\t\t\tG\u00f6\u011f\u00fcs \u00c7evresi<br \/>\n\t\t\t104 cm<br \/>\n\t\t\t108 cm<br \/>\n\t\t\t112 cm<br \/>\n\t\t\t116 cm<\/p>\n<p>\t\t\tKol<br \/>\n\t\t\t60 cm<br \/>\n\t\t\t60,7 cm<br \/>\n\t\t\t61,4 cm<br \/>\n\t\t\t62,1 cm<\/p>\n<p>\t\t\tBasen<br \/>\n\t\t\t108 cm<br \/>\n\t\t\t112 cm<br \/>\n\t\t\t116 cm<br \/>\n\t\t\t120 cm<\/p>\n<p>\u2014 Technical Details \u2014<br \/>\nMarka: Minik Terzi<br \/>\nSezon: YAZ<br \/>\nCinsiyet: Kad\u0131n<br \/>\nMalzeme: Pamuk \/ Viskon<br \/>\nKuma\u015f \u0130\u00e7eri\u011fi: %67 Viskon %33 Pamuk<br \/>\nKal\u0131p: Tam Kal\u0131p<br \/>\nKol Boyu: Uzun Kollu<br \/>\nYaka Tipi: Bisiklet Yaka<br \/>\nManken \u00d6l\u00e7\u00fcleri: 1,75<br \/>\nMankenin Giydi\u011fi Beden: S Beden<br \/>\nA\u00e7\u0131klama: D\u00fc\u015f\u00fck devirde 20\u00b0 hassas y\u0131kama yap\u0131lmal\u0131d\u0131r.<\/p>\n","protected":false},"excerpt":{"rendered":"<p>Beden Yard\u0131m Rehberi BEDEN KILAVUZU \u00a0 \u00d6l\u00e7\u00fcler S M L XL Boy 64 cm 64,5 cm 65 cm 65,5 cm G\u00f6\u011f\u00fcs \u00c7evresi 104 cm 108 cm 112 cm 116 cm Kol 60 cm 60,7 cm 61,4 cm 62,1 cm Basen 108 cm 112 cm 116 cm 120 cm \u2014 Technical Details \u2014 Marka: Minik Terzi [&hellip;]<\/p>\n","protected":false},"featured_media":177949,"comment_status":"open","ping_status":"closed","template":"","meta":[],"product_brand":[],"product_cat":[1909],"product_tag":[4908,6744,6768],"class_list":{"0":"post-177961","1":"product","2":"type-product","3":"status-publish","4":"has-post-thumbnail","6":"product_cat-bluzlar-ve-gomlekler","7":"product_tag-brown","8":"product_tag-kadin-modasi","9":"product_tag-uzun-kol","10":"pa_brand-minik-terzi","11":"pa_color-kahverengi","12":"pa_size-l","13":"pa_size-m","14":"pa_size-s","16":"first","17":"instock","18":"sale","19":"shipping-taxable","20":"purchasable","21":"product-type-variable"},"_links":{"self":[{"href":"https:\/\/mod.wisdar.net\/tr\/wp-json\/wp\/v2\/product\/177961","targetHints":{"allow":["GET"]}}],"collection":[{"href":"https:\/\/mod.wisdar.net\/tr\/wp-json\/wp\/v2\/product"}],"about":[{"href":"https:\/\/mod.wisdar.net\/tr\/wp-json\/wp\/v2\/types\/product"}],"replies":[{"embeddable":true,"href":"https:\/\/mod.wisdar.net\/tr\/wp-json\/wp\/v2\/comments?post=177961"}],"wp:featuredmedia":[{"embeddable":true,"href":"https:\/\/mod.wisdar.net\/tr\/wp-json\/wp\/v2\/media\/177949"}],"wp:attachment":[{"href":"https:\/\/mod.wisdar.net\/tr\/wp-json\/wp\/v2\/media?parent=177961"}],"wp:term":[{"taxonomy":"product_brand","embeddable":true,"href":"https:\/\/mod.wisdar.net\/tr\/wp-json\/wp\/v2\/product_brand?post=177961"},{"taxonomy":"product_cat","embeddable":true,"href":"https:\/\/mod.wisdar.net\/tr\/wp-json\/wp\/v2\/product_cat?post=177961"},{"taxonomy":"product_tag","embeddable":true,"href":"https:\/\/mod.wisdar.net\/tr\/wp-json\/wp\/v2\/product_tag?post=177961"}],"curies":[{"name":"wp","href":"https:\/\/api.w.org\/{rel}","templated":true}]}}