{"id":178093,"date":"2026-03-24T11:50:17","date_gmt":"2026-03-24T11:50:17","guid":{"rendered":"https:\/\/modesthanim.com\/product\/yaka-detayli-pamuk-gomlek-buz-mavisi\/"},"modified":"2026-03-24T11:51:41","modified_gmt":"2026-03-24T11:51:41","slug":"yaka-detayli-pamuk-gomlek-buz-mavisi","status":"publish","type":"product","link":"https:\/\/mod.wisdar.net\/tr\/urun\/yaka-detayli-pamuk-gomlek-buz-mavisi\/","title":{"rendered":"Yaka Detayl\u0131 Pamuk G\u00f6mlek Buz Mavisi"},"content":{"rendered":"<p>Beden Yard\u0131m Rehberi <\/p>\n<p>BEDEN KILAVUZU<\/p>\n<p>\u00d6l\u00e7\u00fcler<br \/>\nS<br \/>\nM<br \/>\nL<br \/>\nXL<\/p>\n<p>Boy<br \/>\n71 cm<br \/>\n71,5 cm<br \/>\n72 cm<br \/>\n72,5 cm<\/p>\n<p>G\u00f6\u011f\u00fcs \u00c7evresi<br \/>\n112 cm<br \/>\n116 cm<br \/>\n120 cm<br \/>\n124 cm<\/p>\n<p>Kol<br \/>\n60,5 cm<br \/>\n60,9 cm<br \/>\n61,3 cm<br \/>\n61,7 cm<\/p>\n<p>Basen<br \/>\n120 cm<br \/>\n124 cm<br \/>\n128 cm<br \/>\n132 cm<\/p>\n<p>\u2014 Technical Details \u2014<br \/>\nMarka: Minik Terzi<br \/>\nSezon: YAZ<br \/>\nCinsiyet: Kad\u0131n<br \/>\nMalzeme: Pamuk<br \/>\nKuma\u015f \u0130\u00e7eri\u011fi: %97 Pamuk %3 Likra<br \/>\nKal\u0131p: Tam Kal\u0131p<br \/>\nKol Boyu: Uzun Kollu<br \/>\nYaka Tipi: G\u00f6mlek Yaka<br \/>\nManken \u00d6l\u00e7\u00fcleri: 1,75<br \/>\nMankenin Giydi\u011fi Beden: S Beden<br \/>\nA\u00e7\u0131klama: Ters \u00e7evirerek k\u0131sa programda 30\u00b0 y\u0131kay\u0131n\u0131z.<\/p>\n","protected":false},"excerpt":{"rendered":"<p>Beden Yard\u0131m Rehberi BEDEN KILAVUZU \u00d6l\u00e7\u00fcler S M L XL Boy 71 cm 71,5 cm 72 cm 72,5 cm G\u00f6\u011f\u00fcs \u00c7evresi 112 cm 116 cm 120 cm 124 cm Kol 60,5 cm 60,9 cm 61,3 cm 61,7 cm Basen 120 cm 124 cm 128 cm 132 cm \u2014 Technical Details \u2014 Marka: Minik Terzi Sezon: [&hellip;]<\/p>\n","protected":false},"featured_media":178085,"comment_status":"open","ping_status":"closed","template":"","meta":[],"product_brand":[],"product_cat":[1909],"product_tag":[],"class_list":{"0":"post-178093","1":"product","2":"type-product","3":"status-publish","4":"has-post-thumbnail","6":"product_cat-bluzlar-ve-gomlekler","7":"pa_brand-minik-terzi","8":"pa_color-buz-mavisi","9":"pa_size-l","10":"pa_size-m","11":"pa_size-s","12":"pa_size-xl","14":"first","15":"instock","16":"sale","17":"shipping-taxable","18":"purchasable","19":"product-type-variable"},"_links":{"self":[{"href":"https:\/\/mod.wisdar.net\/tr\/wp-json\/wp\/v2\/product\/178093","targetHints":{"allow":["GET"]}}],"collection":[{"href":"https:\/\/mod.wisdar.net\/tr\/wp-json\/wp\/v2\/product"}],"about":[{"href":"https:\/\/mod.wisdar.net\/tr\/wp-json\/wp\/v2\/types\/product"}],"replies":[{"embeddable":true,"href":"https:\/\/mod.wisdar.net\/tr\/wp-json\/wp\/v2\/comments?post=178093"}],"wp:featuredmedia":[{"embeddable":true,"href":"https:\/\/mod.wisdar.net\/tr\/wp-json\/wp\/v2\/media\/178085"}],"wp:attachment":[{"href":"https:\/\/mod.wisdar.net\/tr\/wp-json\/wp\/v2\/media?parent=178093"}],"wp:term":[{"taxonomy":"product_brand","embeddable":true,"href":"https:\/\/mod.wisdar.net\/tr\/wp-json\/wp\/v2\/product_brand?post=178093"},{"taxonomy":"product_cat","embeddable":true,"href":"https:\/\/mod.wisdar.net\/tr\/wp-json\/wp\/v2\/product_cat?post=178093"},{"taxonomy":"product_tag","embeddable":true,"href":"https:\/\/mod.wisdar.net\/tr\/wp-json\/wp\/v2\/product_tag?post=178093"}],"curies":[{"name":"wp","href":"https:\/\/api.w.org\/{rel}","templated":true}]}}