{"id":178219,"date":"2026-03-24T11:58:21","date_gmt":"2026-03-24T11:58:21","guid":{"rendered":"https:\/\/modesthanim.com\/product\/genis-yaka-%100-keten-ceket-vizon\/"},"modified":"2026-03-24T11:59:38","modified_gmt":"2026-03-24T11:59:38","slug":"genis-yaka-%100-keten-ceket-vizon","status":"publish","type":"product","link":"https:\/\/mod.wisdar.net\/tr\/urun\/genis-yaka-%100-keten-ceket-vizon\/","title":{"rendered":"Geni\u015f Yaka %100 Keten Ceket Vizon"},"content":{"rendered":"<p>Beden Yard\u0131m Rehberi <\/p>\n<p>BEDEN KILAVUZU<\/p>\n<p>\u00a0<\/p>\n<p>\t\t\t\u00d6l\u00e7\u00fcler<br \/>\n\t\t\tS<br \/>\n\t\t\tM<br \/>\n\t\t\tL<br \/>\n\t\t\tXL<\/p>\n<p>\t\t\tBoy<br \/>\n\t\t\t82 cm<br \/>\n\t\t\t82,5 cm<br \/>\n\t\t\t83 cm<br \/>\n\t\t\t83,5 cm<\/p>\n<p>\t\t\tG\u00f6\u011f\u00fcs \u00c7evresi<br \/>\n\t\t\t100 cm<br \/>\n\t\t\t104 cm<br \/>\n\t\t\t108 cm<br \/>\n\t\t\t112 cm<\/p>\n<p>\t\t\tKol<br \/>\n\t\t\t60 cm<br \/>\n\t\t\t60,3 cm<br \/>\n\t\t\t60,6 cm<br \/>\n\t\t\t60,9 cm<\/p>\n<p>\t\t\tBasen<br \/>\n\t\t\t108 cm<br \/>\n\t\t\t112 cm<br \/>\n\t\t\t116 cm<br \/>\n\t\t\t120 cm<\/p>\n<p>\u2014 Technical Details \u2014<br \/>\nMarka: Minik Terzi<br \/>\nSezon: YAZ<br \/>\nCinsiyet: Kad\u0131n<br \/>\nMalzeme: Keten<br \/>\nKuma\u015f \u0130\u00e7eri\u011fi: %100 Keten<br \/>\nKal\u0131p: Tam Kal\u0131p<br \/>\nKol Boyu: Uzun Kollu<br \/>\nYaka Tipi: V Yaka<br \/>\nManken \u00d6l\u00e7\u00fcleri: 1,75<br \/>\nMankenin Giydi\u011fi Beden: S Beden<br \/>\nA\u00e7\u0131klama: Elde y\u0131kanmaz kuru temizleme yap\u0131n\u0131z.<\/p>\n","protected":false},"excerpt":{"rendered":"<p>Beden Yard\u0131m Rehberi BEDEN KILAVUZU \u00a0 \u00d6l\u00e7\u00fcler S M L XL Boy 82 cm 82,5 cm 83 cm 83,5 cm G\u00f6\u011f\u00fcs \u00c7evresi 100 cm 104 cm 108 cm 112 cm Kol 60 cm 60,3 cm 60,6 cm 60,9 cm Basen 108 cm 112 cm 116 cm 120 cm \u2014 Technical Details \u2014 Marka: Minik Terzi [&hellip;]<\/p>\n","protected":false},"featured_media":178212,"comment_status":"open","ping_status":"closed","template":"","meta":[],"product_brand":[],"product_cat":[2044],"product_tag":[6823,6744],"class_list":{"0":"post-178219","1":"product","2":"type-product","3":"status-publish","4":"has-post-thumbnail","6":"product_cat-ceketler","7":"product_tag-genis-yaka","8":"product_tag-kadin-modasi","9":"pa_brand-minik-terzi","10":"pa_color-vizon","11":"pa_size-l","12":"pa_size-m","13":"pa_size-s","14":"pa_size-xl","16":"first","17":"instock","18":"sale","19":"shipping-taxable","20":"purchasable","21":"product-type-variable"},"_links":{"self":[{"href":"https:\/\/mod.wisdar.net\/tr\/wp-json\/wp\/v2\/product\/178219","targetHints":{"allow":["GET"]}}],"collection":[{"href":"https:\/\/mod.wisdar.net\/tr\/wp-json\/wp\/v2\/product"}],"about":[{"href":"https:\/\/mod.wisdar.net\/tr\/wp-json\/wp\/v2\/types\/product"}],"replies":[{"embeddable":true,"href":"https:\/\/mod.wisdar.net\/tr\/wp-json\/wp\/v2\/comments?post=178219"}],"wp:featuredmedia":[{"embeddable":true,"href":"https:\/\/mod.wisdar.net\/tr\/wp-json\/wp\/v2\/media\/178212"}],"wp:attachment":[{"href":"https:\/\/mod.wisdar.net\/tr\/wp-json\/wp\/v2\/media?parent=178219"}],"wp:term":[{"taxonomy":"product_brand","embeddable":true,"href":"https:\/\/mod.wisdar.net\/tr\/wp-json\/wp\/v2\/product_brand?post=178219"},{"taxonomy":"product_cat","embeddable":true,"href":"https:\/\/mod.wisdar.net\/tr\/wp-json\/wp\/v2\/product_cat?post=178219"},{"taxonomy":"product_tag","embeddable":true,"href":"https:\/\/mod.wisdar.net\/tr\/wp-json\/wp\/v2\/product_tag?post=178219"}],"curies":[{"name":"wp","href":"https:\/\/api.w.org\/{rel}","templated":true}]}}