{"id":178297,"date":"2026-03-24T12:02:54","date_gmt":"2026-03-24T12:02:54","guid":{"rendered":"https:\/\/modesthanim.com\/product\/etegi-godeli-elbise-bordo\/"},"modified":"2026-04-03T22:14:54","modified_gmt":"2026-04-03T22:14:54","slug":"etegi-godeli-elbise-bordo","status":"publish","type":"product","link":"https:\/\/mod.wisdar.net\/tr\/urun\/etegi-godeli-elbise-bordo\/","title":{"rendered":"Ete\u011fi Godeli Elbise Bordo"},"content":{"rendered":"<p>Beden Yard\u0131m Rehberi <\/p>\n<p>BEDEN KILAVUZU<\/p>\n<p>\u00a0<\/p>\n<p>\t\t\t\u00d6l\u00e7\u00fcler<br \/>\n\t\t\tS<br \/>\n\t\t\tM<br \/>\n\t\t\tL<br \/>\n\t\t\tXL<\/p>\n<p>\t\t\tBoy<br \/>\n\t\t\t133 cm<br \/>\n\t\t\t133,5 cm<br \/>\n\t\t\t134 cm<br \/>\n\t\t\t134,5 cm<\/p>\n<p>\t\t\tG\u00f6\u011f\u00fcs \u00c7evresi<br \/>\n\t\t\t88 cm<br \/>\n\t\t\t92 cm<br \/>\n\t\t\t96 cm<br \/>\n\t\t\t100 cm<\/p>\n<p>\t\t\tKol<br \/>\n\t\t\t60 cm<br \/>\n\t\t\t60,3 cm<br \/>\n\t\t\t60,6 cm<br \/>\n\t\t\t60,9 cm<\/p>\n<p>\t\t\tBasen<br \/>\n\t\t\t106 cm<br \/>\n\t\t\t110 cm<br \/>\n\t\t\t114 cm<br \/>\n\t\t\t118 cm<\/p>\n<p>\u2014 Technical Details \u2014<br \/>\n\u00dcr\u00fcn Hakk\u0131nda: Ceplidir.<br \/>\nMarka: Minik Terzi<br \/>\nSezon: MEVS\u0130ML\u0130K<br \/>\nCinsiyet: Kad\u0131n<br \/>\nMalzeme: Pamuk \/ Polyester<br \/>\nKuma\u015f \u0130\u00e7eri\u011fi: %50 Pamuk %50 Pes<br \/>\nKal\u0131p: Dar Kal\u0131p<br \/>\nKol Boyu: Uzun Kollu<br \/>\nYaka Tipi: G\u00f6mlek Yaka<br \/>\nManken \u00d6l\u00e7\u00fcleri: 1,75<br \/>\nMankenin Giydi\u011fi Beden: S Beden<br \/>\nA\u00e7\u0131klama: Ters \u00e7evirerek k\u0131sa programda 30\u00b0 y\u0131kay\u0131n\u0131z.<\/p>\n","protected":false},"excerpt":{"rendered":"<p>Beden Yard\u0131m Rehberi BEDEN KILAVUZU \u00a0 \u00d6l\u00e7\u00fcler S M L XL Boy 133 cm 133,5 cm 134 cm 134,5 cm G\u00f6\u011f\u00fcs \u00c7evresi 88 cm 92 cm 96 cm 100 cm Kol 60 cm 60,3 cm 60,6 cm 60,9 cm Basen 106 cm 110 cm 114 cm 118 cm \u2014 Technical Details \u2014 \u00dcr\u00fcn Hakk\u0131nda: Ceplidir. [&hellip;]<\/p>\n","protected":false},"featured_media":178291,"comment_status":"open","ping_status":"closed","template":"","meta":[],"product_brand":[],"product_cat":[6249,1933],"product_tag":[7547,7310,6768],"class_list":{"0":"post-178297","1":"product","2":"type-product","3":"status-publish","4":"has-post-thumbnail","6":"product_cat-elbiseler","7":"product_cat-gunluk-ve-gunduz-elbiseleri","8":"product_tag-kadin-giyim","9":"product_tag-slim-fit","10":"product_tag-uzun-kol","11":"pa_brand-minik-terzi","12":"pa_color-bordo","13":"pa_size-l","14":"pa_size-m","15":"pa_size-s","16":"pa_size-xl","18":"first","19":"instock","20":"sale","21":"shipping-taxable","22":"purchasable","23":"product-type-variable"},"_links":{"self":[{"href":"https:\/\/mod.wisdar.net\/tr\/wp-json\/wp\/v2\/product\/178297","targetHints":{"allow":["GET"]}}],"collection":[{"href":"https:\/\/mod.wisdar.net\/tr\/wp-json\/wp\/v2\/product"}],"about":[{"href":"https:\/\/mod.wisdar.net\/tr\/wp-json\/wp\/v2\/types\/product"}],"replies":[{"embeddable":true,"href":"https:\/\/mod.wisdar.net\/tr\/wp-json\/wp\/v2\/comments?post=178297"}],"wp:featuredmedia":[{"embeddable":true,"href":"https:\/\/mod.wisdar.net\/tr\/wp-json\/wp\/v2\/media\/178291"}],"wp:attachment":[{"href":"https:\/\/mod.wisdar.net\/tr\/wp-json\/wp\/v2\/media?parent=178297"}],"wp:term":[{"taxonomy":"product_brand","embeddable":true,"href":"https:\/\/mod.wisdar.net\/tr\/wp-json\/wp\/v2\/product_brand?post=178297"},{"taxonomy":"product_cat","embeddable":true,"href":"https:\/\/mod.wisdar.net\/tr\/wp-json\/wp\/v2\/product_cat?post=178297"},{"taxonomy":"product_tag","embeddable":true,"href":"https:\/\/mod.wisdar.net\/tr\/wp-json\/wp\/v2\/product_tag?post=178297"}],"curies":[{"name":"wp","href":"https:\/\/api.w.org\/{rel}","templated":true}]}}