{"id":17848,"date":"2025-11-02T13:14:04","date_gmt":"2025-11-02T13:14:04","guid":{"rendered":"https:\/\/modesthanim.com\/product\/siyah-kemerli-kot-takim\/"},"modified":"2026-01-15T08:55:56","modified_gmt":"2026-01-15T08:55:56","slug":"siyah-kemerli-kot-takim","status":"publish","type":"product","link":"https:\/\/mod.wisdar.net\/tr\/urun\/siyah-kemerli-kot-takim\/","title":{"rendered":"Siyah Kemerli Kot Tak\u0131m"},"content":{"rendered":"<p>\u00dcst uzunluk: 75 cm<br \/>\nKol: 50 cm<br \/>\nAlt uzunluk: 100 cm<br \/>\nBel: 35 cm<br \/>\nModel &#8216;1&#8217; beden giymektedir. Bedenler 1-2 cm farkl\u0131l\u0131k g\u00f6sterebilir. Kot kuma\u015ftan yap\u0131lm\u0131\u015ft\u0131r.<br \/>\nMODEL \u00d6L\u00c7\u00dcLER\u0130;<br \/>\nBoy: 1.67 m<br \/>\nA\u011f\u0131rl\u0131k: 52 kg<br \/>\nG\u00f6\u011f\u00fcs: 88 cm<br \/>\nBel: 64 cm<br \/>\nKal\u00e7a: 88 cm<br \/>\nYIKAMA TAL\u0130MATLARI;<br \/>\n\u00c7ama\u015f\u0131r suyu kullanmay\u0131n\u0131z.<br \/>\nD\u00fc\u015f\u00fck \u0131s\u0131da \u00fct\u00fclenebilir.<br \/>\nKuru temizleme yap\u0131labilir.<br \/>\n\u0130ADE &amp; DE\u011e\u0130\u015e\u0130M;<br \/>\nFi\u015fsiz iade veya de\u011fi\u015fim yap\u0131lmamaktad\u0131r.<br \/>\nHerhangi bir nedenle \u00fcr\u00fcn\u00fc iade etmek veya de\u011fi\u015ftirmek isterseniz, al\u0131m tarihinden itibaren 14 g\u00fcn i\u00e7inde yapabilirsiniz.<br \/>\nHasarl\u0131 veya eksik \u00fcr\u00fcnler i\u00e7in \u015fikayetler, online ma\u011fazam\u0131z \u00fczerinden 24 saat i\u00e7inde yap\u0131lmal\u0131d\u0131r.<br \/>\nTedarik\u00e7i \u00dcr\u00fcn Kodu: 7260<\/p>\n","protected":false},"excerpt":{"rendered":"<p>\u00dcst uzunluk: 75 cm Kol: 50 cm Alt uzunluk: 100 cm Bel: 35 cm Model &#8216;1&#8217; beden giymektedir. Bedenler 1-2 cm farkl\u0131l\u0131k g\u00f6sterebilir. Kot kuma\u015ftan yap\u0131lm\u0131\u015ft\u0131r. MODEL \u00d6L\u00c7\u00dcLER\u0130; Boy: 1.67 m A\u011f\u0131rl\u0131k: 52 kg G\u00f6\u011f\u00fcs: 88 cm Bel: 64 cm Kal\u00e7a: 88 cm YIKAMA TAL\u0130MATLARI; \u00c7ama\u015f\u0131r suyu kullanmay\u0131n\u0131z. D\u00fc\u015f\u00fck \u0131s\u0131da \u00fct\u00fclenebilir. Kuru temizleme yap\u0131labilir. \u0130ADE [&hellip;]<\/p>\n","protected":false},"featured_media":0,"comment_status":"open","ping_status":"closed","template":"","meta":[],"product_brand":[],"product_cat":[1900],"product_tag":[7844,7668,7074],"class_list":{"0":"post-17848","1":"product","2":"type-product","3":"status-publish","5":"product_cat-koordinatlar-setler","6":"product_tag-denim","7":"product_tag-kemerli","8":"product_tag-siyah","9":"pa_brand-markasiz","10":"pa_color-siyah","11":"pa_size-4446","12":"pa_size-4463","14":"first","15":"instock","16":"sale","17":"shipping-taxable","18":"purchasable","19":"product-type-variable"},"_links":{"self":[{"href":"https:\/\/mod.wisdar.net\/tr\/wp-json\/wp\/v2\/product\/17848","targetHints":{"allow":["GET"]}}],"collection":[{"href":"https:\/\/mod.wisdar.net\/tr\/wp-json\/wp\/v2\/product"}],"about":[{"href":"https:\/\/mod.wisdar.net\/tr\/wp-json\/wp\/v2\/types\/product"}],"replies":[{"embeddable":true,"href":"https:\/\/mod.wisdar.net\/tr\/wp-json\/wp\/v2\/comments?post=17848"}],"wp:attachment":[{"href":"https:\/\/mod.wisdar.net\/tr\/wp-json\/wp\/v2\/media?parent=17848"}],"wp:term":[{"taxonomy":"product_brand","embeddable":true,"href":"https:\/\/mod.wisdar.net\/tr\/wp-json\/wp\/v2\/product_brand?post=17848"},{"taxonomy":"product_cat","embeddable":true,"href":"https:\/\/mod.wisdar.net\/tr\/wp-json\/wp\/v2\/product_cat?post=17848"},{"taxonomy":"product_tag","embeddable":true,"href":"https:\/\/mod.wisdar.net\/tr\/wp-json\/wp\/v2\/product_tag?post=17848"}],"curies":[{"name":"wp","href":"https:\/\/api.w.org\/{rel}","templated":true}]}}