{"id":178549,"date":"2026-03-24T12:09:07","date_gmt":"2026-03-24T12:09:07","guid":{"rendered":"https:\/\/modesthanim.com\/product\/kemerli-keten-elbise-haki\/"},"modified":"2026-04-11T12:13:23","modified_gmt":"2026-04-11T12:13:23","slug":"kemerli-keten-elbise-haki","status":"publish","type":"product","link":"https:\/\/mod.wisdar.net\/tr\/urun\/kemerli-keten-elbise-haki\/","title":{"rendered":"Kemerli Keten Elbise Haki"},"content":{"rendered":"<p>Beden Yard\u0131m Rehberi<\/p>\n<p>BEDEN KILAVUZU<\/p>\n<p>\u00d6l\u00e7\u00fcler\tS\tM\tL\tXL<br \/>\nBoy\t137 cm\t137,5 cm\t138 cm\t138,5 cm<br \/>\nG\u00f6\u011f\u00fcs \u00c7evresi\t92 cm\t96 cm\t100 cm\t104 cm<br \/>\nKol\t60,5 cm\t60,8 cm\t61,1 cm\t61,4 cm<\/p>\n<p>Astars\u0131z ve ceplidir.<br \/>\nElde y\u0131kanmaz, kuru temizleme yap\u0131n\u0131z.<\/p>\n<p>\u2014 Teknik Detaylar \u2014<br \/>\n\u00dcr\u00fcn Hakk\u0131nda: Astars\u0131z ve ceplidir.<br \/>\nMarka: Minik Terzi<br \/>\nSezon: YAZ<br \/>\nCinsiyet: Kad\u0131n<br \/>\nMalzeme: Keten \/ Viskon<br \/>\nKuma\u015f \u0130\u00e7eri\u011fi: %55 Viskon %45 Keten<br \/>\nKal\u0131p: Tam Kal\u0131p<br \/>\nKol Boyu: Uzun Kollu<br \/>\nYaka Tipi: Bisiklet Yaka<br \/>\nManken \u00d6l\u00e7\u00fcleri: 1,75<br \/>\nMankenin Giydi\u011fi Beden: S Beden<br \/>\nA\u00e7\u0131klama: Elde y\u0131kanmaz, kuru temizleme yap\u0131n\u0131z.<\/p>\n","protected":false},"excerpt":{"rendered":"<p>Beden Yard\u0131m Rehberi BEDEN KILAVUZU \u00d6l\u00e7\u00fcler S M L XL Boy 137 cm 137,5 cm 138 cm 138,5 cm G\u00f6\u011f\u00fcs \u00c7evresi 92 cm 96 cm 100 cm 104 cm Kol 60,5 cm 60,8 cm 61,1 cm 61,4 cm Astars\u0131z ve ceplidir. Elde y\u0131kanmaz, kuru temizleme yap\u0131n\u0131z. \u2014 Teknik Detaylar \u2014 \u00dcr\u00fcn Hakk\u0131nda: Astars\u0131z ve ceplidir. [&hellip;]<\/p>\n","protected":false},"featured_media":178536,"comment_status":"open","ping_status":"closed","template":"","meta":[],"product_brand":[],"product_cat":[6249,1933],"product_tag":[],"class_list":{"0":"post-178549","1":"product","2":"type-product","3":"status-publish","4":"has-post-thumbnail","6":"product_cat-elbiseler","7":"product_cat-gunluk-ve-gunduz-elbiseleri","8":"pa_brand-minik-terzi","9":"pa_color-haki","10":"pa_size-l","11":"pa_size-m","12":"pa_size-s","13":"pa_size-xl","15":"first","16":"instock","17":"sale","18":"shipping-taxable","19":"purchasable","20":"product-type-variable"},"_links":{"self":[{"href":"https:\/\/mod.wisdar.net\/tr\/wp-json\/wp\/v2\/product\/178549","targetHints":{"allow":["GET"]}}],"collection":[{"href":"https:\/\/mod.wisdar.net\/tr\/wp-json\/wp\/v2\/product"}],"about":[{"href":"https:\/\/mod.wisdar.net\/tr\/wp-json\/wp\/v2\/types\/product"}],"replies":[{"embeddable":true,"href":"https:\/\/mod.wisdar.net\/tr\/wp-json\/wp\/v2\/comments?post=178549"}],"wp:featuredmedia":[{"embeddable":true,"href":"https:\/\/mod.wisdar.net\/tr\/wp-json\/wp\/v2\/media\/178536"}],"wp:attachment":[{"href":"https:\/\/mod.wisdar.net\/tr\/wp-json\/wp\/v2\/media?parent=178549"}],"wp:term":[{"taxonomy":"product_brand","embeddable":true,"href":"https:\/\/mod.wisdar.net\/tr\/wp-json\/wp\/v2\/product_brand?post=178549"},{"taxonomy":"product_cat","embeddable":true,"href":"https:\/\/mod.wisdar.net\/tr\/wp-json\/wp\/v2\/product_cat?post=178549"},{"taxonomy":"product_tag","embeddable":true,"href":"https:\/\/mod.wisdar.net\/tr\/wp-json\/wp\/v2\/product_tag?post=178549"}],"curies":[{"name":"wp","href":"https:\/\/api.w.org\/{rel}","templated":true}]}}